{"id":287590,"date":"2023-09-05T14:03:19","date_gmt":"2023-09-05T12:03:19","guid":{"rendered":"https:\/\/www.huntersfriend.eu\/product\/sitka-jetstream-jacka-deep-lichen\/"},"modified":"2025-08-27T06:23:58","modified_gmt":"2025-08-27T04:23:58","slug":"sitka-jetstream-jacka-deep-lichen","status":"publish","type":"product","link":"https:\/\/www.huntersfriend.eu\/sv\/produkt\/sitka-jetstream-jacka-deep-lichen\/","title":{"rendered":"SITKA Jetstream-jacka \u2013 deep lichen"},"content":{"rendered":"<p>Inget orsakar obehag och distraktion som en kall, obeveklig vind. V\u00e5r vindt\u00e4ta Jetstream-jacka, som anv\u00e4nder WINDSTOPPER\u00ae fr\u00e5n Gore-Tex Labs produktteknologi, \u00e4r en av v\u00e5ra favoriter \u00e5r efter \u00e5r. Den exakt konstruerade passformen optimerar komfort och r\u00f6rlighet. Denna softshell-jacka \u00e4r byggd f\u00f6r att beh\u00e5lla v\u00e4rmen men \u00e4nd\u00e5 andas n\u00e4r du beh\u00f6ver det, och har en bekv\u00e4m micro-grid fleecebaksida som ger maximal m\u00e5ngsidighet.   <\/p>\n<div class=\"jsx-1880449788 review-rating pb-4\">\n<div class=\"jsx-1880449788 flex\">\n<div class=\"jsx-1880449788 review-rating pb-4\">\n<div class=\"jsx-1880449788 flex\">\n<ul class=\"jsx-4143205430 space-y-4 list-disc\">\n<li class=\"jsx-4143205430 remove-marker mt-[24px] md:mt-[60px]\">\n<div class=\"feature_item\">\u00c5tervunnet polyestertyg med micro-grid fleeceinsida i polyester<\/div>\n<div class=\"feature_item\"><\/div>\n<\/li>\n<li class=\"jsx-4143205430 remove-marker mt-[24px] md:mt-[60px]\">\n<div class=\"feature_item\">GORE\u00ae WINDSTOPPER\u00ae-produktteknologin g\u00f6r jackan 100 % vindt\u00e4t<\/div>\n<div class=\"feature_item\"><\/div>\n<\/li>\n<li class=\"jsx-4143205430 remove-marker mt-[24px] md:mt-[60px]\">\n<div class=\"feature_item\">Slitstark vattenavvisande finish st\u00f6ter bort l\u00e4tt nederb\u00f6rd och hindrar tyget fr\u00e5n att bli bl\u00f6tt<\/div>\n<div class=\"feature_item\"><\/div>\n<\/li>\n<li class=\"jsx-4143205430 remove-marker mt-[24px] md:mt-[60px]\">\n<div class=\"feature_item\">Tejpade och skivade s\u00f6mmar f\u00f6r extra v\u00e4derskydd utan extra bulk<\/div>\n<div class=\"feature_item\"><\/div>\n<\/li>\n<li class=\"jsx-4143205430 remove-marker mt-[24px] md:mt-[60px]\">\n<div class=\"feature_item\">Hand- och br\u00f6stfickor med dragkedja ger s\u00e4ker f\u00f6rvaring<\/div>\n<div class=\"feature_item\"><\/div>\n<\/li>\n<li class=\"jsx-4143205430 remove-marker mt-[24px] md:mt-[60px]\">\n<div class=\"feature_item\">Ventilationsdragkedjor under armarna g\u00f6r att du kan sl\u00e4ppa ut v\u00e4rme n\u00e4r du \u00e4r i r\u00f6relse<\/div>\n<div class=\"feature_item\"><\/div>\n<\/li>\n<li class=\"jsx-4143205430 remove-marker mt-[24px] md:mt-[60px]\">\n<div class=\"feature_item\">Uppdaterad passform f\u00f6r en avslappnad, bekv\u00e4m k\u00e4nsla med stor r\u00f6rlighet<\/div>\n<div class=\"feature_item\"><\/div>\n<\/li>\n<li class=\"jsx-4143205430 remove-marker mt-[24px] md:mt-[60px]\">\n<div class=\"feature_item\">Total vikt: 737 g.<\/div>\n<\/li>\n<\/ul>\n<\/div>\n<\/div>\n<\/div>\n<\/div>\n","protected":false},"excerpt":{"rendered":"<p>Deep lichen<\/p>\n","protected":false},"featured_media":253723,"comment_status":"open","ping_status":"closed","template":"","meta":[],"product_brand":[],"product_cat":[2765,2741],"product_tag":[],"class_list":{"0":"post-287590","1":"product","2":"type-product","3":"status-publish","4":"has-post-thumbnail","6":"product_cat-fyndlada-slutrea","7":"product_cat-jackor","9":"first","10":"instock","11":"sale","12":"taxable","13":"shipping-taxable","14":"purchasable","15":"product-type-variable"},"composite_virtual":false,"composite_layout":"","composite_add_to_cart_form_location":"","composite_editable_in_cart":false,"composite_sold_individually_context":"","composite_shop_price_calc":"","composite_components":[],"composite_scenarios":[],"group_of_quantity":0,"min_quantity":0,"max_quantity":"","exclude_order_quantity_value_rules":"no","exclude_category_quantity_rules":"no","combine_variations":"no","exclude_global_add_ons":[],"addons":[],"_links":{"self":[{"href":"https:\/\/www.huntersfriend.eu\/sv\/wp-json\/wp\/v2\/product\/287590","targetHints":{"allow":["GET"]}}],"collection":[{"href":"https:\/\/www.huntersfriend.eu\/sv\/wp-json\/wp\/v2\/product"}],"about":[{"href":"https:\/\/www.huntersfriend.eu\/sv\/wp-json\/wp\/v2\/types\/product"}],"replies":[{"embeddable":true,"href":"https:\/\/www.huntersfriend.eu\/sv\/wp-json\/wp\/v2\/comments?post=287590"}],"wp:featuredmedia":[{"embeddable":true,"href":"https:\/\/www.huntersfriend.eu\/sv\/wp-json\/wp\/v2\/media\/253723"}],"wp:attachment":[{"href":"https:\/\/www.huntersfriend.eu\/sv\/wp-json\/wp\/v2\/media?parent=287590"}],"wp:term":[{"taxonomy":"product_brand","embeddable":true,"href":"https:\/\/www.huntersfriend.eu\/sv\/wp-json\/wp\/v2\/product_brand?post=287590"},{"taxonomy":"product_cat","embeddable":true,"href":"https:\/\/www.huntersfriend.eu\/sv\/wp-json\/wp\/v2\/product_cat?post=287590"},{"taxonomy":"product_tag","embeddable":true,"href":"https:\/\/www.huntersfriend.eu\/sv\/wp-json\/wp\/v2\/product_tag?post=287590"}],"curies":[{"name":"wp","href":"https:\/\/api.w.org\/{rel}","templated":true}]}}