{"id":287574,"date":"2023-09-05T14:03:17","date_gmt":"2023-09-05T12:03:17","guid":{"rendered":"https:\/\/www.huntersfriend.eu\/product\/sitka-fanatic-handskar\/"},"modified":"2025-08-27T06:23:57","modified_gmt":"2025-08-27T04:23:57","slug":"sitka-fanatic-handskar","status":"publish","type":"product","link":"https:\/\/www.huntersfriend.eu\/sv\/produkt\/sitka-fanatic-handskar\/","title":{"rendered":"SITKA Fanatic-handskar"},"content":{"rendered":"<p>Fanatic-handsken \u00e4r tillverkad av fyrv\u00e4gs stretchv\u00e4vd polyester och erbjuder en perfekt balans mellan v\u00e4rme och fingerf\u00e4rdighet, speciellt f\u00f6r anv\u00e4ndning med den fr\u00e4mre handv\u00e4rmaren som \u00e4r inbyggd i Fanatic-systemets delar. Halvfingerdesignen p\u00e5 pekfingret och tummen frig\u00f6r dina prim\u00e4ra fingrar f\u00f6r avtryckare och peksk\u00e4rmar. <\/p>\n<ul class=\"jsx-4143205430 space-y-4 list-disc\">\n<li class=\"jsx-4143205430 remove-marker mt-[24px] md:mt-[60px]\">\n<div class=\"feature_item\"><strong>Vikt:<\/strong> 45 g<\/div>\n<div class=\"feature_item\"><\/div>\n<\/li>\n<li class=\"jsx-4143205430 remove-marker mt-[24px] md:mt-[60px]\">\n<div class=\"feature_item\"><strong>Material:<\/strong> Stretch polyesterstickning.<\/div>\n<div class=\"feature_item\"><\/div>\n<\/li>\n<li class=\"jsx-4143205430 remove-marker mt-[24px] md:mt-[60px]\">\n<div class=\"feature_item\"><strong>L\u00e4derdragflik:<\/strong> Slitstark l\u00e4derdragflik g\u00f6r det enkelt att ta p\u00e5 och av.<\/div>\n<div class=\"feature_item\"><\/div>\n<\/li>\n<li class=\"jsx-4143205430 remove-marker mt-[24px] md:mt-[60px]\">\n<div class=\"feature_item\"><strong>Halvfingerdesign:<\/strong> Halvfingerdesignen p\u00e5 pekfingret och tummen m\u00f6jligg\u00f6r st\u00f6rre noggrannhet och f\u00f6rm\u00e5gan att anv\u00e4nda en GPS eller telefon med peksk\u00e4rm i farten.<\/div>\n<div class=\"feature_item\"><\/div>\n<\/li>\n<li class=\"jsx-4143205430 remove-marker mt-[24px] md:mt-[60px]\">\n<div class=\"feature_item\"><strong>GORE\u2122 OPTIFADE\u2122 Concealment Elevated II <\/strong>\u00e4r designad f\u00f6r whitetail-j\u00e4gare i en upph\u00f6jd position.<\/div>\n<\/li>\n<\/ul>\n","protected":false},"excerpt":{"rendered":"<p>Optifade elevated II<\/p>\n","protected":false},"featured_media":253825,"comment_status":"open","ping_status":"closed","template":"","meta":[],"product_brand":[],"product_cat":[2809],"product_tag":[],"class_list":{"0":"post-287574","1":"product","2":"type-product","3":"status-publish","4":"has-post-thumbnail","6":"product_cat-handskar","8":"first","9":"instock","10":"taxable","11":"shipping-taxable","12":"purchasable","13":"product-type-variable"},"composite_virtual":false,"composite_layout":"","composite_add_to_cart_form_location":"","composite_editable_in_cart":false,"composite_sold_individually_context":"","composite_shop_price_calc":"","composite_components":[],"composite_scenarios":[],"group_of_quantity":0,"min_quantity":0,"max_quantity":"","exclude_order_quantity_value_rules":"no","exclude_category_quantity_rules":"no","combine_variations":"no","exclude_global_add_ons":[],"addons":[],"_links":{"self":[{"href":"https:\/\/www.huntersfriend.eu\/sv\/wp-json\/wp\/v2\/product\/287574","targetHints":{"allow":["GET"]}}],"collection":[{"href":"https:\/\/www.huntersfriend.eu\/sv\/wp-json\/wp\/v2\/product"}],"about":[{"href":"https:\/\/www.huntersfriend.eu\/sv\/wp-json\/wp\/v2\/types\/product"}],"replies":[{"embeddable":true,"href":"https:\/\/www.huntersfriend.eu\/sv\/wp-json\/wp\/v2\/comments?post=287574"}],"wp:featuredmedia":[{"embeddable":true,"href":"https:\/\/www.huntersfriend.eu\/sv\/wp-json\/wp\/v2\/media\/253825"}],"wp:attachment":[{"href":"https:\/\/www.huntersfriend.eu\/sv\/wp-json\/wp\/v2\/media?parent=287574"}],"wp:term":[{"taxonomy":"product_brand","embeddable":true,"href":"https:\/\/www.huntersfriend.eu\/sv\/wp-json\/wp\/v2\/product_brand?post=287574"},{"taxonomy":"product_cat","embeddable":true,"href":"https:\/\/www.huntersfriend.eu\/sv\/wp-json\/wp\/v2\/product_cat?post=287574"},{"taxonomy":"product_tag","embeddable":true,"href":"https:\/\/www.huntersfriend.eu\/sv\/wp-json\/wp\/v2\/product_tag?post=287574"}],"curies":[{"name":"wp","href":"https:\/\/api.w.org\/{rel}","templated":true}]}}