{"id":287567,"date":"2023-08-31T18:06:06","date_gmt":"2023-08-31T16:06:06","guid":{"rendered":"https:\/\/www.huntersfriend.eu\/product\/sitka-daggpunktsjacka\/"},"modified":"2025-08-27T06:23:55","modified_gmt":"2025-08-27T04:23:55","slug":"sitka-daggpunktsjacka","status":"publish","type":"product","link":"https:\/\/www.huntersfriend.eu\/sv\/produkt\/sitka-daggpunktsjacka\/","title":{"rendered":"SITKA daggpunktsjacka"},"content":{"rendered":"<p>Sitkas 3-lagers GORE-TEX Dew Point Jacket erbjuder l\u00e4ttviktigt vattent\u00e4tt skydd f\u00f6r v\u00e4xlande v\u00e4der. Minimalistisk konstruktion inkluderar 20-denier nylon ripstop-yta med mjuk GORE\u00ae C-KNIT\u00ae-baksidesteknik f\u00f6r komfort med andningsf\u00f6rm\u00e5ga och packbarhet, ventilationsdragkedjor f\u00f6r att sl\u00e4ppa ut v\u00e4rme, mikrotejpade s\u00f6mmar f\u00f6r att minska vikten och fickor med dragkedja som \u00e4r \u00e5tkomliga n\u00e4r du b\u00e4r ett packb\u00e4lte och Mountain Optics Harness. <\/p>\n<ul class=\"jsx-4143205430 space-y-4 list-disc\">\n<li class=\"jsx-4143205430 remove-marker mt-[24px] md:mt-[60px]\">\n<div class=\"feature_item\"><strong>GORE-TEX<\/strong> vattent\u00e4tt\/ventilerande tyg hj\u00e4lper dig att h\u00e5lla dig bekv\u00e4m och fokuserad.<\/div>\n<div class=\"feature_item\"><\/div>\n<\/li>\n<li class=\"jsx-4143205430 remove-marker mt-[24px] md:mt-[60px]\">\n<div class=\"feature_item\"><strong>Material:<\/strong> GORE-TEX 3-lagers, 20-denier tyg med ripstop nylon-yta<\/div>\n<div class=\"feature_item\"><\/div>\n<\/li>\n<li class=\"jsx-4143205430 remove-marker mt-[24px] md:mt-[60px]\">\n<div class=\"feature_item\"><strong>Mjuk, packbar GORE\u00ae C-KNIT\u00ae<\/strong>-baksidesteknik f\u00f6r komfort och packbarhet.<\/div>\n<div class=\"feature_item\"><\/div>\n<\/li>\n<li class=\"jsx-4143205430 remove-marker mt-[24px] md:mt-[60px]\">\n<div class=\"feature_item\"><strong>Skuren<\/strong> f\u00f6r att rymma extra lager f\u00f6r varierande f\u00f6rh\u00e5llanden.<\/div>\n<div class=\"feature_item\"><\/div>\n<\/li>\n<li class=\"jsx-4143205430 remove-marker mt-[24px] md:mt-[60px]\">\n<div class=\"feature_item\"><strong>Integrerad, nedf\u00e4llbar<\/strong> justerbar huva som f\u00e4lls ut n\u00e4r du beh\u00f6ver den.<\/div>\n<div class=\"feature_item\"><\/div>\n<\/li>\n<li class=\"jsx-4143205430 remove-marker mt-[24px] md:mt-[60px]\">\n<div class=\"feature_item\"><strong>YKK\u00ae-ventilationsdragkedjor<\/strong> sl\u00e4pper ut v\u00e4rme vid anstr\u00e4ngande vandringar.<\/div>\n<div class=\"feature_item\"><\/div>\n<\/li>\n<li class=\"jsx-4143205430 remove-marker mt-[24px] md:mt-[60px]\">\n<div class=\"feature_item\"><strong>Str\u00f6mlinjeformad<\/strong> design f\u00f6r l\u00e5ngvarig prestanda.<\/div>\n<div class=\"feature_item\"><\/div>\n<\/li>\n<li class=\"jsx-4143205430 remove-marker mt-[24px] md:mt-[60px]\">\n<div class=\"feature_item\"><strong>Fickor med dragkedja<\/strong> ger \u00e5tkomst n\u00e4r du b\u00e4r ett packb\u00e4lte.<\/div>\n<div class=\"feature_item\"><\/div>\n<\/li>\n<li class=\"jsx-4143205430 remove-marker mt-[24px] md:mt-[60px]\">\n<div class=\"feature_item\"><strong>Mikrotejpade s\u00f6mmar<\/strong> f\u00f6r v\u00e4derskydd med minimal bulk.<\/div>\n<div class=\"feature_item\"><\/div>\n<\/li>\n<li class=\"jsx-4143205430 remove-marker mt-[24px] md:mt-[60px]\">\n<div class=\"feature_item\"><strong>Justerbar<\/strong> f\u00e5ll och muddar.<\/div>\n<div class=\"feature_item\"><\/div>\n<\/li>\n<li class=\"jsx-4143205430 remove-marker mt-[24px] md:mt-[60px]\">\n<div class=\"feature_item\"><strong>Vikt:<\/strong> 354 g.<\/div>\n<div class=\"feature_item\"><\/div>\n<\/li>\n<li class=\"jsx-4143205430 remove-marker mt-[24px] md:mt-[60px]\">\n<div class=\"feature_item\"><strong>GORE\u2122 OPTIFADE\u2122 Concealment Subalpine<\/strong> \u00e4r designad f\u00f6r att f\u00f6rf\u00f6lja och \u00f6verfalla hovdjur i tr\u00e4dbevuxen och vegeterad terr\u00e4ng.<\/div>\n<\/li>\n<\/ul>\n","protected":false},"excerpt":{"rendered":"<p>Optifade Subalpine<\/p>\n","protected":false},"featured_media":253878,"comment_status":"open","ping_status":"closed","template":"","meta":[],"product_brand":[],"product_cat":[2765,2741],"product_tag":[],"class_list":{"0":"post-287567","1":"product","2":"type-product","3":"status-publish","4":"has-post-thumbnail","6":"product_cat-fyndlada-slutrea","7":"product_cat-jackor","9":"first","10":"instock","11":"sale","12":"taxable","13":"shipping-taxable","14":"purchasable","15":"product-type-variable"},"composite_virtual":false,"composite_layout":"","composite_add_to_cart_form_location":"","composite_editable_in_cart":false,"composite_sold_individually_context":"","composite_shop_price_calc":"","composite_components":[],"composite_scenarios":[],"group_of_quantity":0,"min_quantity":0,"max_quantity":"","exclude_order_quantity_value_rules":"no","exclude_category_quantity_rules":"no","combine_variations":"no","exclude_global_add_ons":[],"addons":[],"_links":{"self":[{"href":"https:\/\/www.huntersfriend.eu\/sv\/wp-json\/wp\/v2\/product\/287567","targetHints":{"allow":["GET"]}}],"collection":[{"href":"https:\/\/www.huntersfriend.eu\/sv\/wp-json\/wp\/v2\/product"}],"about":[{"href":"https:\/\/www.huntersfriend.eu\/sv\/wp-json\/wp\/v2\/types\/product"}],"replies":[{"embeddable":true,"href":"https:\/\/www.huntersfriend.eu\/sv\/wp-json\/wp\/v2\/comments?post=287567"}],"wp:featuredmedia":[{"embeddable":true,"href":"https:\/\/www.huntersfriend.eu\/sv\/wp-json\/wp\/v2\/media\/253878"}],"wp:attachment":[{"href":"https:\/\/www.huntersfriend.eu\/sv\/wp-json\/wp\/v2\/media?parent=287567"}],"wp:term":[{"taxonomy":"product_brand","embeddable":true,"href":"https:\/\/www.huntersfriend.eu\/sv\/wp-json\/wp\/v2\/product_brand?post=287567"},{"taxonomy":"product_cat","embeddable":true,"href":"https:\/\/www.huntersfriend.eu\/sv\/wp-json\/wp\/v2\/product_cat?post=287567"},{"taxonomy":"product_tag","embeddable":true,"href":"https:\/\/www.huntersfriend.eu\/sv\/wp-json\/wp\/v2\/product_tag?post=287567"}],"curies":[{"name":"wp","href":"https:\/\/api.w.org\/{rel}","templated":true}]}}