{"id":287566,"date":"2023-09-05T09:28:41","date_gmt":"2023-09-05T07:28:41","guid":{"rendered":"https:\/\/www.huntersfriend.eu\/product\/sista-inflygning-sista-pass-tutare-silhuettattrapper\/"},"modified":"2025-08-27T06:23:55","modified_gmt":"2025-08-27T04:23:55","slug":"sista-inflygning-sista-pass-tutare-silhuettattrapper","status":"publish","type":"product","link":"https:\/\/www.huntersfriend.eu\/sv\/produkt\/sista-inflygning-sista-pass-tutare-silhuettattrapper\/","title":{"rendered":"Sista inflygning sista pass tutare silhuettattrapper"},"content":{"rendered":"<p>G\u00e5sjakt kan ibland vara ett spel med siffror. Helkroppsattrapper tar upp s\u00e5 mycket plats att det kan vara sv\u00e5rt att f\u00e5 med sig det antal attrapper du beh\u00f6ver f\u00f6r din jakt. Med Last Pass Honker Silhouettes \u00e4r det inte l\u00e4ngre ett problem! Dessa attrapper \u00e4r l\u00e4tta, enkla att packa med sig, h\u00e5llbara och har ett verklighetstroget tryck. Detta paket levereras med fyra huvudpositioner som kommer att ge din spridning liv. Oavsett om du letar efter fler attrapper att l\u00e4gga till din spridning, eller om du vill ha ett mer packbart alternativ, kommer dessa attrapper att vara ett perfekt val.     <\/p>\n<h2><span style=\"font-size: 75%;\">Funktioner:<\/span><\/h2>\n<ul>\n<li>12-pack<\/li>\n<li>Robust koroplastdesign f\u00f6r h\u00e5llbarhet<\/li>\n<li>\u00d6verdimensionerad f\u00f6r bra synlighet<\/li>\n<li>Verklighetstrogna tryck av riktiga f\u00e5glar i naturliga milj\u00f6er<\/li>\n<li>H\u00e5llbara metallpinnar f\u00f6r enkel utplacering i h\u00e5rd mark<\/li>\n<li>Design i ett stycke och stapelbar<\/li>\n<li>Inkluderar: 4 betande, 4 s\u00f6kande, 2 vilande, 2 uppr\u00e4tta<\/li>\n<\/ul>\n<p><strong>OBS: Onlinebest\u00e4llningar \u00e4r begr\u00e4nsade till fyra l\u00e5dor per best\u00e4llning. F\u00f6r st\u00f6rre m\u00e4ngder, v\u00e4nligen kontakta kundtj\u00e4nst direkt f\u00f6r att se \u00f6ver leveranskostnaderna. <\/strong><\/p>\n","protected":false},"excerpt":{"rendered":"<p>G\u00e5sjakt kan ibland vara ett spel med siffror. Helkroppsattrapper tar upp s\u00e5 mycket plats att det kan vara sv\u00e5rt att f\u00e5 med sig det antal attrapper du beh\u00f6ver f\u00f6r din jakt. Med Last Pass Honker Silhouettes \u00e4r det inte l\u00e4ngre ett problem! Dessa attrapper \u00e4r l\u00e4tta, enkla att packa med sig, h\u00e5llbara och har ett [&#8230;]\n","protected":false},"featured_media":287568,"comment_status":"open","ping_status":"closed","template":"","meta":[],"product_brand":[],"product_cat":[2830],"product_tag":[],"class_list":{"0":"post-287566","1":"product","2":"type-product","3":"status-publish","4":"has-post-thumbnail","6":"product_cat-gasbeten","7":"product_shipping_class-medium-sv","9":"first","10":"instock","11":"taxable","12":"shipping-taxable","13":"purchasable","14":"product-type-simple"},"composite_virtual":false,"composite_layout":"","composite_add_to_cart_form_location":"","composite_editable_in_cart":false,"composite_sold_individually_context":"","composite_shop_price_calc":"","composite_components":[],"composite_scenarios":[],"group_of_quantity":0,"min_quantity":0,"max_quantity":"","exclude_order_quantity_value_rules":"no","exclude_category_quantity_rules":"no","combine_variations":"no","exclude_global_add_ons":[],"addons":[],"_links":{"self":[{"href":"https:\/\/www.huntersfriend.eu\/sv\/wp-json\/wp\/v2\/product\/287566","targetHints":{"allow":["GET"]}}],"collection":[{"href":"https:\/\/www.huntersfriend.eu\/sv\/wp-json\/wp\/v2\/product"}],"about":[{"href":"https:\/\/www.huntersfriend.eu\/sv\/wp-json\/wp\/v2\/types\/product"}],"replies":[{"embeddable":true,"href":"https:\/\/www.huntersfriend.eu\/sv\/wp-json\/wp\/v2\/comments?post=287566"}],"wp:featuredmedia":[{"embeddable":true,"href":"https:\/\/www.huntersfriend.eu\/sv\/wp-json\/wp\/v2\/media\/287568"}],"wp:attachment":[{"href":"https:\/\/www.huntersfriend.eu\/sv\/wp-json\/wp\/v2\/media?parent=287566"}],"wp:term":[{"taxonomy":"product_brand","embeddable":true,"href":"https:\/\/www.huntersfriend.eu\/sv\/wp-json\/wp\/v2\/product_brand?post=287566"},{"taxonomy":"product_cat","embeddable":true,"href":"https:\/\/www.huntersfriend.eu\/sv\/wp-json\/wp\/v2\/product_cat?post=287566"},{"taxonomy":"product_tag","embeddable":true,"href":"https:\/\/www.huntersfriend.eu\/sv\/wp-json\/wp\/v2\/product_tag?post=287566"}],"curies":[{"name":"wp","href":"https:\/\/api.w.org\/{rel}","templated":true}]}}