{"id":287561,"date":"2023-08-31T08:55:21","date_gmt":"2023-08-31T06:55:21","guid":{"rendered":"https:\/\/www.huntersfriend.eu\/product\/huntworth-regnstall\/"},"modified":"2025-08-27T06:23:54","modified_gmt":"2025-08-27T04:23:54","slug":"huntworth-regnstall","status":"publish","type":"product","link":"https:\/\/www.huntersfriend.eu\/sv\/produkt\/huntworth-regnstall\/","title":{"rendered":"Huntworth regnst\u00e4ll"},"content":{"rendered":"<p>Huntworth regnst\u00e4ll \u00e4r ett unisex PVC-regnst\u00e4ll som kan b\u00e4ras \u00f6ver kl\u00e4der. Om du letar efter ett billigt regnst\u00e4ll som enkelt kan packas och b\u00e4ras \u00f6ver dina kl\u00e4der i h\u00e4ndelse av regn, \u00e4r detta ditt sj\u00e4lvklara val! <\/p>\n<p>Ett traditionellt regnst\u00e4ll tillverkat av PVC h\u00e5ller vattnet ute med s\u00e4kerhet. Jackan har tv\u00e5 sidfickor och ventilerade armh\u00e5lor. \u00d6ppningen av b\u00e5de \u00e4rmar och ben kan dras \u00e5t.  <\/p>\n","protected":false},"excerpt":{"rendered":"<p>Huntworth regnst\u00e4ll \u00e4r ett unisex PVC-regnst\u00e4ll som kan b\u00e4ras \u00f6ver kl\u00e4der. Om du letar efter ett billigt regnst\u00e4ll som enkelt kan packas och b\u00e4ras \u00f6ver dina kl\u00e4der i h\u00e4ndelse av regn, \u00e4r detta ditt sj\u00e4lvklara val! Ett traditionellt regnst\u00e4ll tillverkat av PVC h\u00e5ller vattnet ute med s\u00e4kerhet. Jackan har tv\u00e5 sidfickor och ventilerade armh\u00e5lor. \u00d6ppningen [&#8230;]\n","protected":false},"featured_media":253343,"comment_status":"open","ping_status":"closed","template":"","meta":[],"product_brand":[],"product_cat":[878],"product_tag":[],"class_list":{"0":"post-287561","1":"product","2":"type-product","3":"status-publish","4":"has-post-thumbnail","6":"product_cat-uncategorized-sv","8":"first","9":"instock","10":"taxable","11":"shipping-taxable","12":"purchasable","13":"product-type-variable"},"composite_virtual":false,"composite_layout":"","composite_add_to_cart_form_location":"","composite_editable_in_cart":false,"composite_sold_individually_context":"","composite_shop_price_calc":"","composite_components":[],"composite_scenarios":[],"group_of_quantity":0,"min_quantity":0,"max_quantity":"","exclude_order_quantity_value_rules":"no","exclude_category_quantity_rules":"no","combine_variations":"no","exclude_global_add_ons":[],"addons":[],"_links":{"self":[{"href":"https:\/\/www.huntersfriend.eu\/sv\/wp-json\/wp\/v2\/product\/287561","targetHints":{"allow":["GET"]}}],"collection":[{"href":"https:\/\/www.huntersfriend.eu\/sv\/wp-json\/wp\/v2\/product"}],"about":[{"href":"https:\/\/www.huntersfriend.eu\/sv\/wp-json\/wp\/v2\/types\/product"}],"replies":[{"embeddable":true,"href":"https:\/\/www.huntersfriend.eu\/sv\/wp-json\/wp\/v2\/comments?post=287561"}],"wp:featuredmedia":[{"embeddable":true,"href":"https:\/\/www.huntersfriend.eu\/sv\/wp-json\/wp\/v2\/media\/253343"}],"wp:attachment":[{"href":"https:\/\/www.huntersfriend.eu\/sv\/wp-json\/wp\/v2\/media?parent=287561"}],"wp:term":[{"taxonomy":"product_brand","embeddable":true,"href":"https:\/\/www.huntersfriend.eu\/sv\/wp-json\/wp\/v2\/product_brand?post=287561"},{"taxonomy":"product_cat","embeddable":true,"href":"https:\/\/www.huntersfriend.eu\/sv\/wp-json\/wp\/v2\/product_cat?post=287561"},{"taxonomy":"product_tag","embeddable":true,"href":"https:\/\/www.huntersfriend.eu\/sv\/wp-json\/wp\/v2\/product_tag?post=287561"}],"curies":[{"name":"wp","href":"https:\/\/api.w.org\/{rel}","templated":true}]}}