{"id":287555,"date":"2023-08-29T15:20:15","date_gmt":"2023-08-29T13:20:15","guid":{"rendered":"https:\/\/www.huntersfriend.eu\/product\/huntworth-fairbanks-parkas\/"},"modified":"2025-08-27T06:23:51","modified_gmt":"2025-08-27T04:23:51","slug":"huntworth-fairbanks-parkas","status":"publish","type":"product","link":"https:\/\/www.huntersfriend.eu\/sv\/produkt\/huntworth-fairbanks-parkas\/","title":{"rendered":"Huntworth Fairbanks parkas"},"content":{"rendered":"<p><strong>Fairbanks-jackan i kraftig modell med Sherpafoder i Tarnen<\/strong> h\u00e5ller dig varm n\u00e4r temperaturen sjunker. Tarnen camo vattent\u00e4ta jacka \u00e4r designad med ett hybridm\u00f6nster och \u00e4r tillverkad av en tyst, kraftigt borstad trik\u00e5 med en vindt\u00e4t, andningsbar film och 100 % tejpade s\u00f6mmar f\u00f6r full vattent\u00e4thet. Microban\u00ae antimikrobiell produktionsskydd p\u00e5 Sherpafodret kontrollerar din doft och g\u00f6r att du kan f\u00f6rbli dold \u00e4ven i motvind.  <\/p>\n<p>Kroppen och huvan \u00e4r fodrade med en tjock, mjuk Sherpa-fleece f\u00f6r otrolig v\u00e4rme. \u00c4rmarna har poly-fill-isolering och \u00e4r fodrade med mjuk trik\u00e5 f\u00f6r att g\u00f6ra det enkelt att sticka in armarna i jackan. Den avtagbara och justerbara huvan ger flexibilitet f\u00f6r extra v\u00e4rme eller mindre bulk.  <\/p>\n<p>En frontdragkedja med tryckknappar st\u00e4nger ute kylan, och tv\u00e5 br\u00f6stv\u00e4rmarfickor fodrade med Sherpa-fleece \u00e4r det perfekta st\u00e4llet att h\u00e5lla h\u00e4nderna varma. Fyra rymliga fickor ger dig gott om f\u00f6rvaring: en \u00f6vre br\u00f6stficka med dragkedja, en inv\u00e4ndig ficka med dragkedja och tv\u00e5 stora sidfickor. Dessutom g\u00f6r ett h\u00e5l f\u00f6r s\u00e4kerhetssele att du kan b\u00e4ra din tr\u00e4dst\u00e4llesele under v\u00e5r kraftiga jaktjacka.  <\/p>\n<p>Lita p\u00e5 att v\u00e5r slitstarka jaktjacka med Tarnen-m\u00f6nster h\u00e5ller dig bekv\u00e4m under jakten s\u00e5 l\u00e4nge det beh\u00f6vs.<\/p>\n<h3><b>Funktioner:<\/b><\/h3>\n<ul>\n<li><strong>Yttermaterial:<\/strong> Kraftigt borstad trik\u00e5 med en vindt\u00e4t\/andningsbar filmduk. 100 % polyester <\/li>\n<li><strong>Vattent\u00e4t:<\/strong> 100 % vattent\u00e4t med tejpade s\u00f6mmar<\/li>\n<li><strong>Foder:<\/strong> Plysch sherpa-fleece i kroppen och mjuk trik\u00e5 i \u00e4rmarna<\/li>\n<li><strong>Doftkontroll:<\/strong> Microban\u00ae antimikrobiellt produktskydd p\u00e5 sherpa-fleece f\u00f6r doftreducering<\/li>\n<li><strong>Isolering:<\/strong> Poly-fil-isolering i hela jackan<\/li>\n<li><strong>Materialvikt:<\/strong> Cirka 520 g i kroppen och 485 g i \u00e4rmarna.<\/li>\n<li><strong>Fickor:<\/strong> Tv\u00e5 br\u00f6stv\u00e4rmarfickor \u00e4r helt fodrade med sherpa-fleece. Tv\u00e5 fodrade stora sidfickor med stormflik och tryckknapp, en \u00f6vre br\u00f6stficka med dragkedja och en inv\u00e4ndig br\u00f6stficka med dragkedja <\/li>\n<li><strong>Huva:<\/strong> Avtagbar, helfodrad huva med justerbara dragskor<\/li>\n<li><strong>F\u00e5ll:<\/strong> Dragskojusteringar<\/li>\n<li><strong>Dragkedja:<\/strong> Tv\u00e5v\u00e4gsdragkedja med inre stormflik och tryckknapp<\/li>\n<li><strong>Specialfunktion:<\/strong> H\u00e5l f\u00f6r s\u00e4kerhetssele<\/li>\n<li><strong>Plaggets vikt:<\/strong> 1,5 kg f\u00f6r storlek XL.<\/li>\n<li><strong>F\u00f6reslaget temperaturomr\u00e5de: -18C-0C<\/strong> grader med lager efter behov<\/li>\n<\/ul>\n","protected":false},"excerpt":{"rendered":"<p>Fairbanks-jackan i kraftig modell med Sherpafoder i Tarnen h\u00e5ller dig varm n\u00e4r temperaturen sjunker. Tarnen camo vattent\u00e4ta jacka \u00e4r designad med ett hybridm\u00f6nster och \u00e4r tillverkad av en tyst, kraftigt borstad trik\u00e5 med en vindt\u00e4t, andningsbar film och 100 % tejpade s\u00f6mmar f\u00f6r full vattent\u00e4thet. Microban\u00ae antimikrobiell produktionsskydd p\u00e5 Sherpafodret kontrollerar din doft och g\u00f6r [&#8230;]\n","protected":false},"featured_media":253398,"comment_status":"open","ping_status":"closed","template":"","meta":[],"product_brand":[],"product_cat":[2741],"product_tag":[],"class_list":{"0":"post-287555","1":"product","2":"type-product","3":"status-publish","4":"has-post-thumbnail","6":"product_cat-jackor","8":"first","9":"instock","10":"taxable","11":"shipping-taxable","12":"purchasable","13":"product-type-variable"},"composite_virtual":false,"composite_layout":"","composite_add_to_cart_form_location":"","composite_editable_in_cart":false,"composite_sold_individually_context":"","composite_shop_price_calc":"","composite_components":[],"composite_scenarios":[],"group_of_quantity":0,"min_quantity":0,"max_quantity":"","exclude_order_quantity_value_rules":"no","exclude_category_quantity_rules":"no","combine_variations":"no","exclude_global_add_ons":[],"addons":[],"_links":{"self":[{"href":"https:\/\/www.huntersfriend.eu\/sv\/wp-json\/wp\/v2\/product\/287555","targetHints":{"allow":["GET"]}}],"collection":[{"href":"https:\/\/www.huntersfriend.eu\/sv\/wp-json\/wp\/v2\/product"}],"about":[{"href":"https:\/\/www.huntersfriend.eu\/sv\/wp-json\/wp\/v2\/types\/product"}],"replies":[{"embeddable":true,"href":"https:\/\/www.huntersfriend.eu\/sv\/wp-json\/wp\/v2\/comments?post=287555"}],"wp:featuredmedia":[{"embeddable":true,"href":"https:\/\/www.huntersfriend.eu\/sv\/wp-json\/wp\/v2\/media\/253398"}],"wp:attachment":[{"href":"https:\/\/www.huntersfriend.eu\/sv\/wp-json\/wp\/v2\/media?parent=287555"}],"wp:term":[{"taxonomy":"product_brand","embeddable":true,"href":"https:\/\/www.huntersfriend.eu\/sv\/wp-json\/wp\/v2\/product_brand?post=287555"},{"taxonomy":"product_cat","embeddable":true,"href":"https:\/\/www.huntersfriend.eu\/sv\/wp-json\/wp\/v2\/product_cat?post=287555"},{"taxonomy":"product_tag","embeddable":true,"href":"https:\/\/www.huntersfriend.eu\/sv\/wp-json\/wp\/v2\/product_tag?post=287555"}],"curies":[{"name":"wp","href":"https:\/\/api.w.org\/{rel}","templated":true}]}}