{"id":287554,"date":"2023-08-31T08:24:51","date_gmt":"2023-08-31T06:24:51","guid":{"rendered":"https:\/\/www.huntersfriend.eu\/product\/buck-gardner-canada-hammer\/"},"modified":"2025-08-27T06:23:50","modified_gmt":"2025-08-27T04:23:50","slug":"buck-gardner-canada-hammer","status":"publish","type":"product","link":"https:\/\/www.huntersfriend.eu\/sv\/produkt\/buck-gardner-canada-hammer\/","title":{"rendered":"Buck Gardner Canada hammer"},"content":{"rendered":"<p>Buck Gardners ursprungliga kortr\u00f6rs Canada g\u00e5sklocka \u00e4r fortfarande den enklaste g\u00e5sklockan som n\u00e5gonsin tillverkats. Denna lockpipa levererar snabb respons och \u00e4r handjusterad f\u00f6r att s\u00e4kerst\u00e4lla prestanda som vida \u00f6verstiger priset. Quick-Tune-systemet f\u00f6r insida och r\u00f6rblad g\u00f6r reng\u00f6ring, omjustering och \u00e5termontering enkel. Den dubbla O-ringinsatsen bildar en luftt\u00e4t f\u00f6rsegling med pipan f\u00f6r att f\u00f6rb\u00e4ttra ljudkvaliteten.   <\/p>\n","protected":false},"excerpt":{"rendered":"<p>Camo Gr\u00f6n<\/p>\n","protected":false},"featured_media":253346,"comment_status":"open","ping_status":"closed","template":"","meta":[],"product_brand":[],"product_cat":[2805],"product_tag":[],"class_list":{"0":"post-287554","1":"product","2":"type-product","3":"status-publish","4":"has-post-thumbnail","6":"product_cat-gaslockpipor","8":"first","9":"outofstock","10":"taxable","11":"shipping-taxable","12":"purchasable","13":"product-type-simple"},"composite_virtual":false,"composite_layout":"","composite_add_to_cart_form_location":"","composite_editable_in_cart":false,"composite_sold_individually_context":"","composite_shop_price_calc":"","composite_components":[],"composite_scenarios":[],"group_of_quantity":0,"min_quantity":0,"max_quantity":"","exclude_order_quantity_value_rules":"no","exclude_category_quantity_rules":"no","combine_variations":"no","exclude_global_add_ons":[],"addons":[],"_links":{"self":[{"href":"https:\/\/www.huntersfriend.eu\/sv\/wp-json\/wp\/v2\/product\/287554","targetHints":{"allow":["GET"]}}],"collection":[{"href":"https:\/\/www.huntersfriend.eu\/sv\/wp-json\/wp\/v2\/product"}],"about":[{"href":"https:\/\/www.huntersfriend.eu\/sv\/wp-json\/wp\/v2\/types\/product"}],"replies":[{"embeddable":true,"href":"https:\/\/www.huntersfriend.eu\/sv\/wp-json\/wp\/v2\/comments?post=287554"}],"wp:featuredmedia":[{"embeddable":true,"href":"https:\/\/www.huntersfriend.eu\/sv\/wp-json\/wp\/v2\/media\/253346"}],"wp:attachment":[{"href":"https:\/\/www.huntersfriend.eu\/sv\/wp-json\/wp\/v2\/media?parent=287554"}],"wp:term":[{"taxonomy":"product_brand","embeddable":true,"href":"https:\/\/www.huntersfriend.eu\/sv\/wp-json\/wp\/v2\/product_brand?post=287554"},{"taxonomy":"product_cat","embeddable":true,"href":"https:\/\/www.huntersfriend.eu\/sv\/wp-json\/wp\/v2\/product_cat?post=287554"},{"taxonomy":"product_tag","embeddable":true,"href":"https:\/\/www.huntersfriend.eu\/sv\/wp-json\/wp\/v2\/product_tag?post=287554"}],"curies":[{"name":"wp","href":"https:\/\/api.w.org\/{rel}","templated":true}]}}