{"id":287553,"date":"2023-08-29T15:20:14","date_gmt":"2023-08-29T13:20:14","guid":{"rendered":"https:\/\/www.huntersfriend.eu\/product\/huntworth-performance-lubec-balaklava\/"},"modified":"2025-08-27T06:23:50","modified_gmt":"2025-08-27T04:23:50","slug":"huntworth-performance-lubec-balaklava","status":"publish","type":"product","link":"https:\/\/www.huntersfriend.eu\/sv\/produkt\/huntworth-performance-lubec-balaklava\/","title":{"rendered":"Huntworth performance Lubec-balaklava"},"content":{"rendered":"<p><strong>H\u00e5ll kylan borta fr\u00e5n huvud, ansikte och hals med Lubec softshell-balaklava i Tarnen-kamouflage.<\/strong> Denna jaktbalaklava, tillverkad med Heat Boost grafen-teknologi, h\u00f6r hemma i allas jaktv\u00e4ska. F\u00f6rv\u00e5nansv\u00e4rt tunn, den packar mycket v\u00e4rme utan den traditionella klumpigheten hos andra balaklavor f\u00f6r kallt v\u00e4der. Att sticka <a href=\"https:\/\/huntworthgear.com\/graphene-technology-heat-boost\"><strong>grafengarn<\/strong><\/a> i v\u00e5rt sherpafoder ger ett traditionellt material superkrafter med den termiska ledningsf\u00f6rm\u00e5gan, fukttransporteringen och antimikrobiella f\u00f6rm\u00e5gan som \u00e4r inneboende i grafen. I grund och botten tog vi ett varmt material och gjorde det \u00e4nnu varmare \u2013 30 % varmare. Det \u00e4r v\u00e4rme du verkligen kan k\u00e4nna.    <\/p>\n<p>Jaktbalaklavan \u00e4r konstruerad med en persiko-stretchjersey behandlad med en DWR-finish som st\u00f6ter bort fukt. Den \u00e4r bunden till Heat Boost grafen-sherpa, en ny generation av f\u00f6rb\u00e4ttrade tyger. Den stretchiga naturen hos det bundna materialet och designen s\u00e4kerst\u00e4ller att balaklavan formar sig efter ditt huvud, s\u00e5 den r\u00f6r sig med dig och ger fullt perifert seende. Stoppa in den f\u00f6rl\u00e4ngda framdelen i jackan f\u00f6r att l\u00e5sa in v\u00e4rmen och st\u00e4nga ute kylan. En slits \u00f6ver munnen g\u00f6r det l\u00e4tt att andas.    <\/p>\n<p>Grafen f\u00f6r\u00e4ndrar hur vi g\u00f6r extremt varma, men \u00e4nd\u00e5 tunna tillbeh\u00f6r f\u00f6r kallt v\u00e4der. Med denna Heat Boost jaktbalaklava Tarnen camo kan du stanna ute l\u00e4ngre och forts\u00e4tta jaga senare in p\u00e5 s\u00e4songen, oavsett temperatur. <\/p>\n<h3><b>Funktioner:<\/b><\/h3>\n<ul>\n<li><strong>Yttermaterial:<\/strong> Dubbelt lager tyg best\u00e5ende av 4-v\u00e4gs stretch persiko-stickad polyester bunden till Heat Boost grafen-sherpa<\/li>\n<li><strong>Heat Boost grafen-teknologi:<\/strong> En serie f\u00f6rb\u00e4ttrade tyger med superkrafter med grafens termiska ledningsf\u00f6rm\u00e5ga, fukttransportering och antimikrobiella egenskaper<\/li>\n<li><strong>DWR:<\/strong> Slitstark vattenavvisande (DWR) finish p\u00e5 tygets yta st\u00f6ter bort fukt och l\u00e4tt sn\u00f6<\/li>\n<li><strong>Speciella funktioner:<\/strong> L\u00e5ng framsida som stoppas in i jackan. Nos\u00f6ppning f\u00f6r l\u00e4ttare andning <\/li>\n<\/ul>\n","protected":false},"excerpt":{"rendered":"<p>H\u00e5ll kylan borta fr\u00e5n huvud, ansikte och hals med Lubec softshell-balaklava i Tarnen-kamouflage. Denna jaktbalaklava, tillverkad med Heat Boost grafen-teknologi, h\u00f6r hemma i allas jaktv\u00e4ska. F\u00f6rv\u00e5nansv\u00e4rt tunn, den packar mycket v\u00e4rme utan den traditionella klumpigheten hos andra balaklavor f\u00f6r kallt v\u00e4der. Att sticka grafengarn i v\u00e5rt sherpafoder ger ett traditionellt material superkrafter med den termiska [&#8230;]\n","protected":false},"featured_media":253411,"comment_status":"open","ping_status":"closed","template":"","meta":[],"product_brand":[],"product_cat":[2716],"product_tag":[],"class_list":{"0":"post-287553","1":"product","2":"type-product","3":"status-publish","4":"has-post-thumbnail","6":"product_cat-hattar-och-huvudbonader","8":"first","9":"instock","10":"taxable","11":"shipping-taxable","12":"purchasable","13":"product-type-simple"},"composite_virtual":false,"composite_layout":"","composite_add_to_cart_form_location":"","composite_editable_in_cart":false,"composite_sold_individually_context":"","composite_shop_price_calc":"","composite_components":[],"composite_scenarios":[],"group_of_quantity":0,"min_quantity":0,"max_quantity":"","exclude_order_quantity_value_rules":"no","exclude_category_quantity_rules":"no","combine_variations":"no","exclude_global_add_ons":[],"addons":[],"_links":{"self":[{"href":"https:\/\/www.huntersfriend.eu\/sv\/wp-json\/wp\/v2\/product\/287553","targetHints":{"allow":["GET"]}}],"collection":[{"href":"https:\/\/www.huntersfriend.eu\/sv\/wp-json\/wp\/v2\/product"}],"about":[{"href":"https:\/\/www.huntersfriend.eu\/sv\/wp-json\/wp\/v2\/types\/product"}],"replies":[{"embeddable":true,"href":"https:\/\/www.huntersfriend.eu\/sv\/wp-json\/wp\/v2\/comments?post=287553"}],"wp:featuredmedia":[{"embeddable":true,"href":"https:\/\/www.huntersfriend.eu\/sv\/wp-json\/wp\/v2\/media\/253411"}],"wp:attachment":[{"href":"https:\/\/www.huntersfriend.eu\/sv\/wp-json\/wp\/v2\/media?parent=287553"}],"wp:term":[{"taxonomy":"product_brand","embeddable":true,"href":"https:\/\/www.huntersfriend.eu\/sv\/wp-json\/wp\/v2\/product_brand?post=287553"},{"taxonomy":"product_cat","embeddable":true,"href":"https:\/\/www.huntersfriend.eu\/sv\/wp-json\/wp\/v2\/product_cat?post=287553"},{"taxonomy":"product_tag","embeddable":true,"href":"https:\/\/www.huntersfriend.eu\/sv\/wp-json\/wp\/v2\/product_tag?post=287553"}],"curies":[{"name":"wp","href":"https:\/\/api.w.org\/{rel}","templated":true}]}}