{"id":287551,"date":"2023-08-29T15:20:13","date_gmt":"2023-08-29T13:20:13","guid":{"rendered":"https:\/\/www.huntersfriend.eu\/product\/huntworth-klassisk-fargo-muff\/"},"modified":"2025-08-27T06:23:50","modified_gmt":"2025-08-27T04:23:50","slug":"huntworth-klassisk-fargo-muff","status":"publish","type":"product","link":"https:\/\/www.huntersfriend.eu\/sv\/produkt\/huntworth-klassisk-fargo-muff\/","title":{"rendered":"Huntworth klassisk Fargo-muff"},"content":{"rendered":"<p><strong>Den tunga, isolerade jaktmuffen Fargo i Tarnen har alla de b\u00e4sta funktionerna fr\u00e5n en traditionell muff och mer.<\/strong> Den vattent\u00e4ta Tarnen camo-muffen \u00e4r designad med ett hybridm\u00f6nster f\u00f6r att d\u00f6lja och \u00e4r tillverkad av en tyst trikot som \u00e4r bunden till en mjuk fleece f\u00f6r en fast k\u00e4nsla. En vattent\u00e4t barri\u00e4r h\u00e5ller fukten ute och dina h\u00e4nder torra. <\/p>\n<p>Vi har lagt i allt f\u00f6r v\u00e4rme \u2013 vi fodrade den med en supermjuk, tjock, l\u00e5ng luggfleece, ett lager av 40 g Thinsulate-isolering och ytterligare polyfill-isolering f\u00f6r att g\u00f6ra detta till en riktigt varm muff. Fleece-muddarna i vardera \u00e4nden sitter t\u00e4tt runt handleden och hj\u00e4lper till att h\u00e5lla den varma luften inne och den kalla luften ute. Muffen har en dragkedjef\u00f6rsedd framficka f\u00f6r att h\u00e5lla din utrustning och en justerbar midja f\u00f6r att f\u00e5 r\u00e4tt passform runt midjan.  <\/p>\n<p>Det h\u00e4r \u00e4r inte din farfars jaktmuff. Ta Tarnen-muffen n\u00e4sta g\u00e5ng du beh\u00f6ver h\u00e5lla fingrarna varma och smidiga under din sena kalla jakt. <\/p>\n<h3><b>Funktioner:<\/b><\/h3>\n<ul>\n<li><strong>Yttermaterial:<\/strong> Trikot bunden till mjuk fleece<\/li>\n<li><strong>Isolering:<\/strong> 40 g Thinsulate och 1200 g polyfill-isolering<\/li>\n<li><strong>Foder:<\/strong> P\u00e4lsliknande fleece med l\u00e5ng lugg<\/li>\n<li><strong>Vattent\u00e4t:<\/strong> 100 % vattent\u00e4t p\u00e5se<\/li>\n<li><strong>Ficka:<\/strong> Dragkedjef\u00f6rsedd mittficka fram f\u00f6r extra f\u00f6rvaring<\/li>\n<li><strong>D-ring:<\/strong> Triangelformad D-ring sydd p\u00e5 frams\u00f6mmen f\u00f6r enkel fasts\u00e4ttning av tillbeh\u00f6r<\/li>\n<li><strong>Muddar:<\/strong> Inre fleece-muddar<\/li>\n<li><strong>Rem:<\/strong> Justerbar midjerem<\/li>\n<\/ul>\n","protected":false},"excerpt":{"rendered":"<p>Den tunga, isolerade jaktmuffen Fargo i Tarnen har alla de b\u00e4sta funktionerna fr\u00e5n en traditionell muff och mer. Den vattent\u00e4ta Tarnen camo-muffen \u00e4r designad med ett hybridm\u00f6nster f\u00f6r att d\u00f6lja och \u00e4r tillverkad av en tyst trikot som \u00e4r bunden till en mjuk fleece f\u00f6r en fast k\u00e4nsla. En vattent\u00e4t barri\u00e4r h\u00e5ller fukten ute och [&#8230;]\n","protected":false},"featured_media":253427,"comment_status":"open","ping_status":"closed","template":"","meta":[],"product_brand":[],"product_cat":[2809,2611],"product_tag":[],"class_list":{"0":"post-287551","1":"product","2":"type-product","3":"status-publish","4":"has-post-thumbnail","6":"product_cat-handskar","7":"product_cat-tillbehor","9":"first","10":"outofstock","11":"taxable","12":"shipping-taxable","13":"purchasable","14":"product-type-simple"},"composite_virtual":false,"composite_layout":"","composite_add_to_cart_form_location":"","composite_editable_in_cart":false,"composite_sold_individually_context":"","composite_shop_price_calc":"","composite_components":[],"composite_scenarios":[],"group_of_quantity":0,"min_quantity":0,"max_quantity":"","exclude_order_quantity_value_rules":"no","exclude_category_quantity_rules":"no","combine_variations":"no","exclude_global_add_ons":[],"addons":[],"_links":{"self":[{"href":"https:\/\/www.huntersfriend.eu\/sv\/wp-json\/wp\/v2\/product\/287551","targetHints":{"allow":["GET"]}}],"collection":[{"href":"https:\/\/www.huntersfriend.eu\/sv\/wp-json\/wp\/v2\/product"}],"about":[{"href":"https:\/\/www.huntersfriend.eu\/sv\/wp-json\/wp\/v2\/types\/product"}],"replies":[{"embeddable":true,"href":"https:\/\/www.huntersfriend.eu\/sv\/wp-json\/wp\/v2\/comments?post=287551"}],"wp:featuredmedia":[{"embeddable":true,"href":"https:\/\/www.huntersfriend.eu\/sv\/wp-json\/wp\/v2\/media\/253427"}],"wp:attachment":[{"href":"https:\/\/www.huntersfriend.eu\/sv\/wp-json\/wp\/v2\/media?parent=287551"}],"wp:term":[{"taxonomy":"product_brand","embeddable":true,"href":"https:\/\/www.huntersfriend.eu\/sv\/wp-json\/wp\/v2\/product_brand?post=287551"},{"taxonomy":"product_cat","embeddable":true,"href":"https:\/\/www.huntersfriend.eu\/sv\/wp-json\/wp\/v2\/product_cat?post=287551"},{"taxonomy":"product_tag","embeddable":true,"href":"https:\/\/www.huntersfriend.eu\/sv\/wp-json\/wp\/v2\/product_tag?post=287551"}],"curies":[{"name":"wp","href":"https:\/\/api.w.org\/{rel}","templated":true}]}}