{"id":287550,"date":"2023-08-30T09:34:03","date_gmt":"2023-08-30T07:34:03","guid":{"rendered":"https:\/\/www.huntersfriend.eu\/product\/cbe-tactic-3-pin\/"},"modified":"2025-08-27T06:23:48","modified_gmt":"2025-08-27T04:23:48","slug":"cbe-tactic-3-pin","status":"publish","type":"product","link":"https:\/\/www.huntersfriend.eu\/sv\/produkt\/cbe-tactic-3-pin\/","title":{"rendered":"CBE TACTIC 3 PIN"},"content":{"rendered":"<ul>\n<li>Smart mount multi-positionering<\/li>\n<li>H\u00f6jd &#8211; verktygsl\u00f6s justering av h\u00f6jd med visuella lasergraverade markeringar f\u00f6r exakta justeringar<\/li>\n<li>Vindjustering &#8211; verktygsl\u00f6s justering av vind med visuella lasergraverade markeringar f\u00f6r exakta justeringar<\/li>\n<li>Finns med ett 3-pin h\u00f6lje som \u00e4r lasergraverat f\u00f6r justeringar<\/li>\n<li>.019&#8243; Blade pins<\/li>\n<li>Fluorescerande sikte ring<\/li>\n<li>Designad f\u00f6r att v\u00e4ndas f\u00f6r v\u00e4nsterh\u00e4nta b\u00e5gskyttar<\/li>\n<\/ul>\n<p><em><strong>Produktvikt: 201 gram<\/strong><\/em><\/p>\n<table class=\"hunting-sights\">\n<thead>\n<tr>\n<th class=\"th-bold\">J\u00c4MF\u00d6R JAKTSIKTEN<\/th>\n<th class=\"th-bold\">TACTIC<\/th>\n<th class=\"th-bold\">TACTIC MICRO<\/th>\n<th class=\"th-bold\">ENGAGE HYBRID<\/th>\n<th class=\"th-bold\">ENGAGE MICRO<\/th>\n<\/tr>\n<\/thead>\n<tbody>\n<tr>\n<td class=\"\">Utbytbara lasergraverade aluminiumavst\u00e5ndsskalor<\/td>\n<td class=\"blank\">\u2715<\/td>\n<td class=\"blank\">\u2715<\/td>\n<td class=\"check\">\u2713<\/td>\n<td class=\"blank\">\u2715<\/td>\n<\/tr>\n<tr>\n<td class=\"\">Bak\u00e5tv\u00e4nd siktestejp<\/td>\n<td class=\"blank\">\u2715<\/td>\n<td class=\"blank\">\u2715<\/td>\n<td class=\"check\">\u2713<\/td>\n<td class=\"blank\">\u2715<\/td>\n<\/tr>\n<tr>\n<td class=\"\">Graverade h\u00f6jdmarkeringar<\/td>\n<td class=\"check\">\u2713<\/td>\n<td class=\"check\">\u2713<\/td>\n<td class=\"blank\">\u2715<\/td>\n<td class=\"check\">\u2713<\/td>\n<\/tr>\n<tr>\n<td class=\"\">Dovetail mount<\/td>\n<td class=\"blank\">\u2715<\/td>\n<td class=\"blank\">\u2715<\/td>\n<td class=\"check\">\u2713<\/td>\n<td class=\"check\">\u2713<\/td>\n<\/tr>\n<tr>\n<td class=\"\">Smart mount<\/td>\n<td class=\"check\">\u2713<\/td>\n<td class=\"check\">\u2713<\/td>\n<td class=\"blank\">\u2715<\/td>\n<td class=\"blank\">\u2715<\/td>\n<\/tr>\n<tr>\n<td class=\"\">Helt bearbetad aluminiumkonstruktion<\/td>\n<td class=\"blank\">\u2715<\/td>\n<td class=\"blank\">\u2715<\/td>\n<td class=\"blank\">\u2715<\/td>\n<td class=\"check\">\u2713<\/td>\n<\/tr>\n<tr>\n<td class=\"\">Armed guard fiber management system<\/td>\n<td class=\"check\">\u2713<\/td>\n<td class=\"check\">\u2713<\/td>\n<td class=\"check\">\u2713<\/td>\n<td class=\"check\">\u2713<\/td>\n<\/tr>\n<tr>\n<td class=\"\">Microjusterings vindjusteringsenhet med lasergraverade markeringar<\/td>\n<td class=\"blank\">\u2715<\/td>\n<td class=\"check\">\u2713<\/td>\n<td class=\"check\">\u2713<\/td>\n<td class=\"check\">\u2713<\/td>\n<\/tr>\n<tr>\n<td class=\"\">Ergonomisk, \u00f6verdimensionerad Rapid Drive-ratt f\u00f6r ett s\u00e4kert, enkelt grepp<\/td>\n<td class=\"blank\">\u2715<\/td>\n<td class=\"blank\">\u2715<\/td>\n<td class=\"check\">\u2713<\/td>\n<td class=\"blank\">\u2715<\/td>\n<\/tr>\n<tr>\n<td class=\"\">Fullt mikrojusterbar &#8211; superprecis justering till g\u00e5rden<\/td>\n<td class=\"blank\">\u2715<\/td>\n<td class=\"blank\">\u2715<\/td>\n<td class=\"check\">\u2713<\/td>\n<td class=\"blank\">\u2715<\/td>\n<\/tr>\n<tr>\n<td class=\"\">3:e axelns niv\u00e5justering<\/td>\n<td class=\"blank\">\u2715<\/td>\n<td class=\"blank\">\u2715<\/td>\n<td class=\"check\">\u2713<\/td>\n<td class=\"check\">\u2713<\/td>\n<\/tr>\n<tr>\n<td class=\"\">2:a axelns niv\u00e5justering<\/td>\n<td class=\"check\">\u2713<\/td>\n<td class=\"check\">\u2713<\/td>\n<td class=\"check\">\u2713<\/td>\n<td class=\"check\">\u2713<\/td>\n<\/tr>\n<tr>\n<td class=\"\">Verktygsl\u00f6s justering<\/td>\n<td class=\"check\">\u2713<\/td>\n<td class=\"check\">\u2713<\/td>\n<td class=\"check\">\u2713<\/td>\n<td class=\"check\">\u2713<\/td>\n<\/tr>\n<tr>\n<td class=\"\">Innesluten reostatlampa f\u00f6r justerbar pinljusstyrka<\/td>\n<td class=\"blank\">\u2715<\/td>\n<td class=\"check\">\u2713<\/td>\n<td class=\"check\">\u2713<\/td>\n<td class=\"check\">\u2713<\/td>\n<\/tr>\n<tr>\n<td class=\"\">Finkornig indikeringsn\u00e5l i rostfritt st\u00e5l<\/td>\n<td class=\"blank\">\u2715<\/td>\n<td class=\"blank\">\u2715<\/td>\n<td class=\"check\">\u2713<\/td>\n<td class=\"blank\">\u2715<\/td>\n<\/tr>\n<tr>\n<td class=\"\">Standardstift tillg\u00e4ngliga i .010 eller .019<\/td>\n<td class=\"blank\">Endast .019<\/td>\n<td class=\"blank\">Endast .019<\/td>\n<td class=\"check\">\u2713<\/td>\n<td class=\"check\">\u2713<\/td>\n<\/tr>\n<tr>\n<td class=\"\">Engage micro Pin-justering<\/td>\n<td class=\"blank\">\u2715<\/td>\n<td class=\"blank\">\u2715<\/td>\n<td class=\"check\">\u2713<\/td>\n<td class=\"check\">\u2713<\/td>\n<\/tr>\n<tr>\n<td class=\"\">Blade pins<\/td>\n<td class=\"check\">\u2713<\/td>\n<td class=\"check\">\u2713<\/td>\n<td class=\"check\">\u2713<\/td>\n<td class=\"check\">\u2713<\/td>\n<\/tr>\n<tr>\n<td class=\"\">Rhino pins<\/td>\n<td class=\"blank\">\u2715<\/td>\n<td class=\"blank\">\u2715<\/td>\n<td class=\"blank\">\u2715<\/td>\n<td class=\"blank\">\u2715<\/td>\n<\/tr>\n<\/tbody>\n<\/table>\n","protected":false},"excerpt":{"rendered":"<p>3 PIN .019 \/ SVART RH\/LH<\/p>\n","protected":false},"featured_media":253355,"comment_status":"open","ping_status":"closed","template":"","meta":[],"product_brand":[],"product_cat":[2690],"product_tag":[],"class_list":{"0":"post-287550","1":"product","2":"type-product","3":"status-publish","4":"has-post-thumbnail","6":"product_cat-bagjaktsikten","8":"first","9":"onbackorder","10":"taxable","11":"shipping-taxable","12":"purchasable","13":"product-type-simple"},"composite_virtual":false,"composite_layout":"","composite_add_to_cart_form_location":"","composite_editable_in_cart":false,"composite_sold_individually_context":"","composite_shop_price_calc":"","composite_components":[],"composite_scenarios":[],"group_of_quantity":0,"min_quantity":0,"max_quantity":"","exclude_order_quantity_value_rules":"no","exclude_category_quantity_rules":"no","combine_variations":"no","exclude_global_add_ons":[],"addons":[],"_links":{"self":[{"href":"https:\/\/www.huntersfriend.eu\/sv\/wp-json\/wp\/v2\/product\/287550","targetHints":{"allow":["GET"]}}],"collection":[{"href":"https:\/\/www.huntersfriend.eu\/sv\/wp-json\/wp\/v2\/product"}],"about":[{"href":"https:\/\/www.huntersfriend.eu\/sv\/wp-json\/wp\/v2\/types\/product"}],"replies":[{"embeddable":true,"href":"https:\/\/www.huntersfriend.eu\/sv\/wp-json\/wp\/v2\/comments?post=287550"}],"wp:featuredmedia":[{"embeddable":true,"href":"https:\/\/www.huntersfriend.eu\/sv\/wp-json\/wp\/v2\/media\/253355"}],"wp:attachment":[{"href":"https:\/\/www.huntersfriend.eu\/sv\/wp-json\/wp\/v2\/media?parent=287550"}],"wp:term":[{"taxonomy":"product_brand","embeddable":true,"href":"https:\/\/www.huntersfriend.eu\/sv\/wp-json\/wp\/v2\/product_brand?post=287550"},{"taxonomy":"product_cat","embeddable":true,"href":"https:\/\/www.huntersfriend.eu\/sv\/wp-json\/wp\/v2\/product_cat?post=287550"},{"taxonomy":"product_tag","embeddable":true,"href":"https:\/\/www.huntersfriend.eu\/sv\/wp-json\/wp\/v2\/product_tag?post=287550"}],"curies":[{"name":"wp","href":"https:\/\/api.w.org\/{rel}","templated":true}]}}