{"id":287547,"date":"2023-08-29T15:01:28","date_gmt":"2023-08-29T13:01:28","guid":{"rendered":"https:\/\/www.huntersfriend.eu\/product\/sitka-ws-cadence-byxa\/"},"modified":"2025-08-27T06:23:48","modified_gmt":"2025-08-27T04:23:48","slug":"sitka-ws-cadence-byxa","status":"publish","type":"product","link":"https:\/\/www.huntersfriend.eu\/sv\/produkt\/sitka-ws-cadence-byxa\/","title":{"rendered":"SITKA WS Cadence-byxa"},"content":{"rendered":"<p>Den m\u00e5ngsidiga och bekv\u00e4ma Cadence-byxan \u00e4r tillverkad av ett ultral\u00e4tt, fyrv\u00e4gsstretchigt polyestertyg som uppn\u00e5r fj\u00e4derl\u00e4tt h\u00e5llbarhet. En f\u00f6rskjuten midjeknapp minskar volym och ihopklumpning n\u00e4r den anv\u00e4nds som ett lager, och artikulerad m\u00f6nstring och stretch kombineras f\u00f6r optimerad r\u00f6rlighet som ytterkl\u00e4der under tidiga h\u00f6stjakter eller som ett mellanlager l\u00e5ngt in p\u00e5 senh\u00f6sten. <\/p>\n<p>&nbsp;<\/p>\n<p>Material: Fyrv\u00e4gsstretchigt, v\u00e4vt dubbelv\u00e4v (92 % polyester, 8 % spandex).<\/p>\n<p>N\u00f6tningsbest\u00e4ndig knivficka: Ha din kniv n\u00e4ra till hands.<\/p>\n<p>Diagonala, n\u00e4tfodrade benfickor med dragkedja.<\/p>\n<p>L\u00e5gprofilmidja: Av kvinnor. F\u00f6r kvinnor. 100 % SITKA.  <\/p>\n","protected":false},"excerpt":{"rendered":"<p>Den m\u00e5ngsidiga och bekv\u00e4ma Cadence-byxan \u00e4r tillverkad av ett ultral\u00e4tt, fyrv\u00e4gsstretchigt polyestertyg som uppn\u00e5r fj\u00e4derl\u00e4tt h\u00e5llbarhet. En f\u00f6rskjuten midjeknapp minskar volym och ihopklumpning n\u00e4r den anv\u00e4nds som ett lager, och artikulerad m\u00f6nstring och stretch kombineras f\u00f6r optimerad r\u00f6rlighet som ytterkl\u00e4der under tidiga h\u00f6stjakter eller som ett mellanlager l\u00e5ngt in p\u00e5 senh\u00f6sten. &nbsp; Material: Fyrv\u00e4gsstretchigt, v\u00e4vt [&#8230;]\n","protected":false},"featured_media":274671,"comment_status":"open","ping_status":"closed","template":"","meta":[],"product_brand":[],"product_cat":[2710],"product_tag":[],"class_list":{"0":"post-287547","1":"product","2":"type-product","3":"status-publish","4":"has-post-thumbnail","6":"product_cat-jaktklader-for-dam","8":"first","9":"instock","10":"taxable","11":"shipping-taxable","12":"purchasable","13":"product-type-variable"},"composite_virtual":false,"composite_layout":"","composite_add_to_cart_form_location":"","composite_editable_in_cart":false,"composite_sold_individually_context":"","composite_shop_price_calc":"","composite_components":[],"composite_scenarios":[],"group_of_quantity":0,"min_quantity":0,"max_quantity":"","exclude_order_quantity_value_rules":"no","exclude_category_quantity_rules":"no","combine_variations":"no","exclude_global_add_ons":[],"addons":[],"_links":{"self":[{"href":"https:\/\/www.huntersfriend.eu\/sv\/wp-json\/wp\/v2\/product\/287547","targetHints":{"allow":["GET"]}}],"collection":[{"href":"https:\/\/www.huntersfriend.eu\/sv\/wp-json\/wp\/v2\/product"}],"about":[{"href":"https:\/\/www.huntersfriend.eu\/sv\/wp-json\/wp\/v2\/types\/product"}],"replies":[{"embeddable":true,"href":"https:\/\/www.huntersfriend.eu\/sv\/wp-json\/wp\/v2\/comments?post=287547"}],"wp:featuredmedia":[{"embeddable":true,"href":"https:\/\/www.huntersfriend.eu\/sv\/wp-json\/wp\/v2\/media\/274671"}],"wp:attachment":[{"href":"https:\/\/www.huntersfriend.eu\/sv\/wp-json\/wp\/v2\/media?parent=287547"}],"wp:term":[{"taxonomy":"product_brand","embeddable":true,"href":"https:\/\/www.huntersfriend.eu\/sv\/wp-json\/wp\/v2\/product_brand?post=287547"},{"taxonomy":"product_cat","embeddable":true,"href":"https:\/\/www.huntersfriend.eu\/sv\/wp-json\/wp\/v2\/product_cat?post=287547"},{"taxonomy":"product_tag","embeddable":true,"href":"https:\/\/www.huntersfriend.eu\/sv\/wp-json\/wp\/v2\/product_tag?post=287547"}],"curies":[{"name":"wp","href":"https:\/\/api.w.org\/{rel}","templated":true}]}}