{"id":287546,"date":"2023-08-30T08:32:02","date_gmt":"2023-08-30T06:32:02","guid":{"rendered":"https:\/\/www.huntersfriend.eu\/product\/final-approach-live-full-body-early-season-grasand\/"},"modified":"2025-08-27T06:23:47","modified_gmt":"2025-08-27T04:23:47","slug":"final-approach-live-full-body-early-season-grasand","status":"publish","type":"product","link":"https:\/\/www.huntersfriend.eu\/sv\/produkt\/final-approach-live-full-body-early-season-grasand\/","title":{"rendered":"Final approach live full body Early Season gr\u00e4sand"},"content":{"rendered":"<p>Dessa early season-attrapper tar full body-gr\u00e4s\u00e4nder till n\u00e4sta niv\u00e5! Tillverkade av premium EVA-plast som ger \u00f6verl\u00e4gsen h\u00e5llbarhet, b\u00e4ttre f\u00e4rgh\u00e4ftning och g\u00f6r att atrapperna \u00e4r l\u00e4tta. Materialet har lite flexibilitet som f\u00f6rhindrar sprickbildning men h\u00e5ller ocks\u00e5 formen. Precis som p\u00e5 de flytande gr\u00e4s\u00e4nderna \u00e4r detaljerna p\u00e5 dessa s\u00e5 realistiska som det kan bli. Detta paket levereras med 10 tum h\u00f6ga baser s\u00e5 att dessa atrapper kan placeras p\u00e5 is, vatten och torr mark. 6 st.     <\/p>\n<p><strong>OBS: Onlinebest\u00e4llningar \u00e4r begr\u00e4nsade till en l\u00e5da per best\u00e4llning. F\u00f6r st\u00f6rre m\u00e4ngder, v\u00e4nligen kontakta kundtj\u00e4nst direkt f\u00f6r att se om leveranskostnader. <\/strong><\/p>\n","protected":false},"excerpt":{"rendered":"<p>Dessa early season-attrapper tar full body-gr\u00e4s\u00e4nder till n\u00e4sta niv\u00e5! Tillverkade av premium EVA-plast som ger \u00f6verl\u00e4gsen h\u00e5llbarhet, b\u00e4ttre f\u00e4rgh\u00e4ftning och g\u00f6r att atrapperna \u00e4r l\u00e4tta. Materialet har lite flexibilitet som f\u00f6rhindrar sprickbildning men h\u00e5ller ocks\u00e5 formen. Precis som p\u00e5 de flytande gr\u00e4s\u00e4nderna \u00e4r detaljerna p\u00e5 dessa s\u00e5 realistiska som det kan bli. Detta paket levereras [&#8230;]\n","protected":false},"featured_media":287548,"comment_status":"open","ping_status":"closed","template":"","meta":[],"product_brand":[],"product_cat":[2527],"product_tag":[],"class_list":{"0":"post-287546","1":"product","2":"type-product","3":"status-publish","4":"has-post-thumbnail","6":"product_cat-andbeten","7":"product_shipping_class-big-sv","9":"first","10":"instock","11":"taxable","12":"shipping-taxable","13":"purchasable","14":"product-type-simple"},"composite_virtual":false,"composite_layout":"","composite_add_to_cart_form_location":"","composite_editable_in_cart":false,"composite_sold_individually_context":"","composite_shop_price_calc":"","composite_components":[],"composite_scenarios":[],"group_of_quantity":0,"min_quantity":0,"max_quantity":"","exclude_order_quantity_value_rules":"no","exclude_category_quantity_rules":"no","combine_variations":"no","exclude_global_add_ons":[],"addons":[],"_links":{"self":[{"href":"https:\/\/www.huntersfriend.eu\/sv\/wp-json\/wp\/v2\/product\/287546","targetHints":{"allow":["GET"]}}],"collection":[{"href":"https:\/\/www.huntersfriend.eu\/sv\/wp-json\/wp\/v2\/product"}],"about":[{"href":"https:\/\/www.huntersfriend.eu\/sv\/wp-json\/wp\/v2\/types\/product"}],"replies":[{"embeddable":true,"href":"https:\/\/www.huntersfriend.eu\/sv\/wp-json\/wp\/v2\/comments?post=287546"}],"wp:featuredmedia":[{"embeddable":true,"href":"https:\/\/www.huntersfriend.eu\/sv\/wp-json\/wp\/v2\/media\/287548"}],"wp:attachment":[{"href":"https:\/\/www.huntersfriend.eu\/sv\/wp-json\/wp\/v2\/media?parent=287546"}],"wp:term":[{"taxonomy":"product_brand","embeddable":true,"href":"https:\/\/www.huntersfriend.eu\/sv\/wp-json\/wp\/v2\/product_brand?post=287546"},{"taxonomy":"product_cat","embeddable":true,"href":"https:\/\/www.huntersfriend.eu\/sv\/wp-json\/wp\/v2\/product_cat?post=287546"},{"taxonomy":"product_tag","embeddable":true,"href":"https:\/\/www.huntersfriend.eu\/sv\/wp-json\/wp\/v2\/product_tag?post=287546"}],"curies":[{"name":"wp","href":"https:\/\/api.w.org\/{rel}","templated":true}]}}