{"id":287534,"date":"2023-08-29T15:01:25","date_gmt":"2023-08-29T13:01:25","guid":{"rendered":"https:\/\/www.huntersfriend.eu\/product\/sitka-mountain-evo-jacka\/"},"modified":"2025-08-27T06:23:45","modified_gmt":"2025-08-27T04:23:45","slug":"sitka-mountain-evo-jacka","status":"publish","type":"product","link":"https:\/\/www.huntersfriend.eu\/sv\/produkt\/sitka-mountain-evo-jacka\/","title":{"rendered":"SITKA Mountain Evo-jacka"},"content":{"rendered":"<p>Jakt i otillg\u00e4nglig terr\u00e4ng och andra h\u00f6gintensiva bergsaktiviteter kr\u00e4ver mer av dina ytterkl\u00e4der. Du beh\u00f6ver skydd mot v\u00e4der och vind, men ocks\u00e5 utrustning som r\u00f6r sig med dig och andas l\u00e4tt utan att tynga ner dig. Vi har designat denna l\u00e4tta tekniska jacka med WINDSTOPPER\u00ae fr\u00e5n Gore-Tex Labs-teknik i omr\u00e5den som kr\u00e4ver mest skydd, samtidigt som vi har integrerat kroppsanpassade fyrv\u00e4gsstretchpaneler i omr\u00e5den som kr\u00e4ver r\u00f6relse och andningsf\u00f6rm\u00e5ga, som underarmarna och ryggen.  <\/p>\n<p><strong>Varf\u00f6r vi skapade den h\u00e4r&#8230;<\/strong><\/p>\n<p>Vi beh\u00f6vde en l\u00f6sning som skyddade oss fr\u00e5n v\u00e4rmeavledande vind samtidigt som den erbj\u00f6d tillr\u00e4ckligt med andningsf\u00f6rm\u00e5ga f\u00f6r att h\u00e5lla oss torra och bekv\u00e4ma under aktiva aktiviteter \u2013 i grund och botten beh\u00f6vde vi ett lager som vi kunde ta p\u00e5 oss p\u00e5 morgonen och inte t\u00e4nka p\u00e5 resten av dagen. S\u00e5 vi gjorde Mountain Evo 100 % vindt\u00e4t i viktiga omr\u00e5den som br\u00f6stet och huvan f\u00f6r att f\u00f6rhindra att vinden drar ut v\u00e4rdefull kroppsv\u00e4rme och energi. Samtidigt l\u00e5ter noggrant kartlagda 4-v\u00e4gsstretchpaneler p\u00e5 ryggen och underarmarna dig sl\u00e4ppa ut v\u00e4rme snabbt och r\u00f6ra dig utan begr\u00e4nsning. Genom att strategiskt kombinera dessa element skapade vi en jacka som bibeh\u00e5ller komforten genom v\u00e4xlande v\u00e4derf\u00f6rh\u00e5llanden och varierande aktivitetsniv\u00e5er \u2013 en jacka du aldrig beh\u00f6ver ta av dig.   <\/p>\n","protected":false},"excerpt":{"rendered":"<p>Jakt i otillg\u00e4nglig terr\u00e4ng och andra h\u00f6gintensiva bergsaktiviteter kr\u00e4ver mer av dina ytterkl\u00e4der. Du beh\u00f6ver skydd mot v\u00e4der och vind, men ocks\u00e5 utrustning som r\u00f6r sig med dig och andas l\u00e4tt utan att tynga ner dig. Vi har designat denna l\u00e4tta tekniska jacka med WINDSTOPPER\u00ae fr\u00e5n Gore-Tex Labs-teknik i omr\u00e5den som kr\u00e4ver mest skydd, samtidigt [&#8230;]\n","protected":false},"featured_media":274681,"comment_status":"open","ping_status":"closed","template":"","meta":[],"product_brand":[],"product_cat":[2741],"product_tag":[],"class_list":{"0":"post-287534","1":"product","2":"type-product","3":"status-publish","4":"has-post-thumbnail","6":"product_cat-jackor","8":"first","9":"instock","10":"taxable","11":"shipping-taxable","12":"purchasable","13":"product-type-variable"},"composite_virtual":false,"composite_layout":"","composite_add_to_cart_form_location":"","composite_editable_in_cart":false,"composite_sold_individually_context":"","composite_shop_price_calc":"","composite_components":[],"composite_scenarios":[],"group_of_quantity":0,"min_quantity":0,"max_quantity":"","exclude_order_quantity_value_rules":"no","exclude_category_quantity_rules":"no","combine_variations":"no","exclude_global_add_ons":[],"addons":[],"_links":{"self":[{"href":"https:\/\/www.huntersfriend.eu\/sv\/wp-json\/wp\/v2\/product\/287534","targetHints":{"allow":["GET"]}}],"collection":[{"href":"https:\/\/www.huntersfriend.eu\/sv\/wp-json\/wp\/v2\/product"}],"about":[{"href":"https:\/\/www.huntersfriend.eu\/sv\/wp-json\/wp\/v2\/types\/product"}],"replies":[{"embeddable":true,"href":"https:\/\/www.huntersfriend.eu\/sv\/wp-json\/wp\/v2\/comments?post=287534"}],"wp:featuredmedia":[{"embeddable":true,"href":"https:\/\/www.huntersfriend.eu\/sv\/wp-json\/wp\/v2\/media\/274681"}],"wp:attachment":[{"href":"https:\/\/www.huntersfriend.eu\/sv\/wp-json\/wp\/v2\/media?parent=287534"}],"wp:term":[{"taxonomy":"product_brand","embeddable":true,"href":"https:\/\/www.huntersfriend.eu\/sv\/wp-json\/wp\/v2\/product_brand?post=287534"},{"taxonomy":"product_cat","embeddable":true,"href":"https:\/\/www.huntersfriend.eu\/sv\/wp-json\/wp\/v2\/product_cat?post=287534"},{"taxonomy":"product_tag","embeddable":true,"href":"https:\/\/www.huntersfriend.eu\/sv\/wp-json\/wp\/v2\/product_tag?post=287534"}],"curies":[{"name":"wp","href":"https:\/\/api.w.org\/{rel}","templated":true}]}}