{"id":287533,"date":"2023-08-29T15:20:17","date_gmt":"2023-08-29T13:20:17","guid":{"rendered":"https:\/\/www.huntersfriend.eu\/product\/huntworth-fairbanks-hangselbyxa\/"},"modified":"2025-08-27T06:23:45","modified_gmt":"2025-08-27T04:23:45","slug":"huntworth-fairbanks-hangselbyxa","status":"publish","type":"product","link":"https:\/\/www.huntersfriend.eu\/sv\/produkt\/huntworth-fairbanks-hangselbyxa\/","title":{"rendered":"Huntworth Fairbanks h\u00e4ngselbyxa"},"content":{"rendered":"<p><strong>Fairbanks tunga, Sherpa-fodrade h\u00e4ngselbyxor i Tarnen h\u00e5ller dig varm n\u00e4r temperaturen sjunker.<\/strong> De Tarnen camo vattent\u00e4ta h\u00e4ngselbyxorna \u00e4r designade med ett hybrid kamouflagem\u00f6nster och \u00e4r gjorda med en tyst, kraftigt borstad trik\u00e5 f\u00f6r \u00f6kad smygf\u00f6rm\u00e5ga. F\u00f6r komfort under l\u00e5nga jakter ger den vindt\u00e4ta, andningsbara filmen och 100 % tejpade s\u00f6mmar fullst\u00e4ndigt vattent\u00e4tt skydd i v\u00e5ra overaller. Microban antimikrobiell applikation p\u00e5 Sherpa-fodret hj\u00e4lper till att kontrollera din doft.  <\/p>\n<p>\u00d6verkroppen p\u00e5 h\u00e4ngselbyxorna \u00e4r fodrad med en tjock, mjuk Sherpa-fleece f\u00f6r en otrolig v\u00e4rmek\u00e4nsla. En br\u00f6stficka med dragkedja och tv\u00e5 v\u00e4nstra lastfickor ger gott om f\u00f6rvaringsutrymme. Dragkedjan p\u00e5 h\u00e4ngselbyxans framsida \u00e4r tv\u00e5v\u00e4gs vilket g\u00f6r det enkelt att komma \u00e5t dina byxor utan att \u00f6ppna dragkedjan helt.  <\/p>\n<p>Underkroppen p\u00e5 de tunga h\u00e4ngselbyxorna har poly-fill-isolering och \u00e4r fodrad med mjuk trik\u00e5 s\u00e5 att du enkelt kan glida in i byxorna. En dold kil i grenen, formade kn\u00e4n och extra l\u00e5nga tv\u00e5v\u00e4gs dragkedjor i sidan g\u00f6r dessa h\u00e4ngselbyxor l\u00e4tta att b\u00e4ra. <\/p>\n<p>Lita p\u00e5 v\u00e5ra slitstarka Tarnen-m\u00f6nstrade jaktbyxor f\u00f6r att h\u00e5lla dig kvar i jakten oavsett v\u00e4der.<\/p>\n<h3><b>Funktioner:<\/b><\/h3>\n<ul>\n<li><strong>Yttermaterial: <\/strong>Kraftigt borstad trik\u00e5 med en vindt\u00e4t\/andningsbar filmmembran. 100% Polyester. <\/li>\n<li><strong>Vattent\u00e4t:<\/strong> 100 % vattent\u00e4t med tejpade s\u00f6mmar<\/li>\n<li><strong>Foder: <\/strong>Mjuk Sherpa-fleece i \u00f6verkroppen och trik\u00e5foder fr\u00e5n midjan och ner.<\/li>\n<li><strong>Doftkontroll: <\/strong>Microban antimikrobiell produktskydd p\u00e5 Sherpa-fleece f\u00f6r doftreducering<\/li>\n<li><strong>Isolering: <\/strong>Polyfill-isolering i hela h\u00e4ngselbyxan<\/li>\n<li><strong>Tygets vikt: <\/strong>ungef\u00e4r 520g<\/li>\n<li><strong>Fickor: <\/strong>Tv\u00e5 stora lastfickor med dragkedja p\u00e5 l\u00e5ren och en br\u00f6stficka med dragkedja p\u00e5 v\u00e4nster sida<\/li>\n<li><strong>Inbyggd r\u00f6rlighet: <\/strong>Dold kil i grenen och formade kn\u00e4n ger extra r\u00f6relsefrihet<\/li>\n<li><strong>Dragkedjor: <\/strong>H\u00e4ngselbyxans framsida har tv\u00e5v\u00e4gsdragkedja med stormflik med tryckknappsst\u00e4ngning. Benen har tv\u00e5v\u00e4gsdragkedja med stormflik. Dragkedjorna n\u00e5r runt kn\u00e4h\u00f6jd och m\u00e4ter cirka 24 3\/4&#8243; (eller 26 3\/4&#8243; f\u00f6r l\u00e5nga storlekar).  <\/li>\n<li><strong>Benmuddar: <\/strong>Stormflik och extra tryckknapp f\u00f6r att dra \u00e5t f\u00e5llen<\/li>\n<li><strong>Axelband: <\/strong>Justerbara remmar och sp\u00e4nne<\/li>\n<li><strong>Plaggets vikt: <\/strong>3,1 lbs f\u00f6r storlek XL.<\/li>\n<li><strong>F\u00f6reslaget temperaturomr\u00e5de: -18C<\/strong>-0C grader med lager p\u00e5 lager efter behov<\/li>\n<\/ul>\n","protected":false},"excerpt":{"rendered":"<p>Fairbanks tunga, Sherpa-fodrade h\u00e4ngselbyxor i Tarnen h\u00e5ller dig varm n\u00e4r temperaturen sjunker. De Tarnen camo vattent\u00e4ta h\u00e4ngselbyxorna \u00e4r designade med ett hybrid kamouflagem\u00f6nster och \u00e4r gjorda med en tyst, kraftigt borstad trik\u00e5 f\u00f6r \u00f6kad smygf\u00f6rm\u00e5ga. F\u00f6r komfort under l\u00e5nga jakter ger den vindt\u00e4ta, andningsbara filmen och 100 % tejpade s\u00f6mmar fullst\u00e4ndigt vattent\u00e4tt skydd i v\u00e5ra [&#8230;]\n","protected":false},"featured_media":253385,"comment_status":"open","ping_status":"closed","template":"","meta":[],"product_brand":[],"product_cat":[2814],"product_tag":[],"class_list":{"0":"post-287533","1":"product","2":"type-product","3":"status-publish","4":"has-post-thumbnail","6":"product_cat-byxor-sv","8":"first","9":"instock","10":"taxable","11":"shipping-taxable","12":"purchasable","13":"product-type-variable"},"composite_virtual":false,"composite_layout":"","composite_add_to_cart_form_location":"","composite_editable_in_cart":false,"composite_sold_individually_context":"","composite_shop_price_calc":"","composite_components":[],"composite_scenarios":[],"group_of_quantity":0,"min_quantity":0,"max_quantity":"","exclude_order_quantity_value_rules":"no","exclude_category_quantity_rules":"no","combine_variations":"no","exclude_global_add_ons":[],"addons":[],"_links":{"self":[{"href":"https:\/\/www.huntersfriend.eu\/sv\/wp-json\/wp\/v2\/product\/287533","targetHints":{"allow":["GET"]}}],"collection":[{"href":"https:\/\/www.huntersfriend.eu\/sv\/wp-json\/wp\/v2\/product"}],"about":[{"href":"https:\/\/www.huntersfriend.eu\/sv\/wp-json\/wp\/v2\/types\/product"}],"replies":[{"embeddable":true,"href":"https:\/\/www.huntersfriend.eu\/sv\/wp-json\/wp\/v2\/comments?post=287533"}],"wp:featuredmedia":[{"embeddable":true,"href":"https:\/\/www.huntersfriend.eu\/sv\/wp-json\/wp\/v2\/media\/253385"}],"wp:attachment":[{"href":"https:\/\/www.huntersfriend.eu\/sv\/wp-json\/wp\/v2\/media?parent=287533"}],"wp:term":[{"taxonomy":"product_brand","embeddable":true,"href":"https:\/\/www.huntersfriend.eu\/sv\/wp-json\/wp\/v2\/product_brand?post=287533"},{"taxonomy":"product_cat","embeddable":true,"href":"https:\/\/www.huntersfriend.eu\/sv\/wp-json\/wp\/v2\/product_cat?post=287533"},{"taxonomy":"product_tag","embeddable":true,"href":"https:\/\/www.huntersfriend.eu\/sv\/wp-json\/wp\/v2\/product_tag?post=287533"}],"curies":[{"name":"wp","href":"https:\/\/api.w.org\/{rel}","templated":true}]}}