{"id":287526,"date":"2023-08-28T18:08:08","date_gmt":"2023-08-28T16:08:08","guid":{"rendered":"https:\/\/www.huntersfriend.eu\/product\/huntworth-ashland-langarmad-t-shirt\/"},"modified":"2025-08-27T06:23:42","modified_gmt":"2025-08-27T04:23:42","slug":"huntworth-ashland-langarmad-t-shirt","status":"publish","type":"product","link":"https:\/\/www.huntersfriend.eu\/sv\/produkt\/huntworth-ashland-langarmad-t-shirt\/","title":{"rendered":"Huntworth Ashland l\u00e5ng\u00e4rmad t-shirt"},"content":{"rendered":"<p><strong>Den Ashland l\u00e4ttviktiga l\u00e5ng\u00e4rmade tr\u00f6jan i Tarnen \u00e4r ett klassiskt jaktplagg som alla beh\u00f6ver.<\/strong> Tarnen camo l\u00e5ng\u00e4rmad tr\u00f6ja \u00e4r tillverkad med ett hybridm\u00f6nster och \u00e4r konstruerad av ett mjukt 4,2 oz bomulls-\/polyestertyg som t\u00e5l en hel del.<\/p>\n<p>Skjortan \u00e4r skuren rymligt f\u00f6r en bekv\u00e4m passform. L\u00e4tt att b\u00e4ra n\u00e4r du spanar eller sk\u00f6ter dina foderf\u00e4lt. <\/p>\n<p>Ett basplagg &#8211; tr\u00f6jan med Tarnen-m\u00f6nster \u00e4r en riktig slitvarg.<\/p>\n<h3><b>Funktioner:<\/b><\/h3>\n<ul>\n<li><strong>Material:<\/strong> CVC bomull 4,2 oz. Jersey (60 % bomull\/40 % polyester) <\/li>\n<li><strong>Passform:<\/strong> Relaxed fit<\/li>\n<li><strong>Krage och mudd:<\/strong> Ribbstickad jersey<\/li>\n<li><strong>Hals:<\/strong> Tag free collar<\/li>\n<li><strong>Genomsnittlig vikt f\u00f6r plagget:<\/strong> 0,2 kg f\u00f6r storlek XL.<\/li>\n<\/ul>\n","protected":false},"excerpt":{"rendered":"<p>Den Ashland l\u00e4ttviktiga l\u00e5ng\u00e4rmade tr\u00f6jan i Tarnen \u00e4r ett klassiskt jaktplagg som alla beh\u00f6ver. Tarnen camo l\u00e5ng\u00e4rmad tr\u00f6ja \u00e4r tillverkad med ett hybridm\u00f6nster och \u00e4r konstruerad av ett mjukt 4,2 oz bomulls-\/polyestertyg som t\u00e5l en hel del. Skjortan \u00e4r skuren rymligt f\u00f6r en bekv\u00e4m passform. L\u00e4tt att b\u00e4ra n\u00e4r du spanar eller sk\u00f6ter dina foderf\u00e4lt. [&#8230;]\n","protected":false},"featured_media":253543,"comment_status":"open","ping_status":"closed","template":"","meta":[],"product_brand":[],"product_cat":[878],"product_tag":[],"class_list":{"0":"post-287526","1":"product","2":"type-product","3":"status-publish","4":"has-post-thumbnail","6":"product_cat-uncategorized-sv","8":"first","9":"instock","10":"taxable","11":"shipping-taxable","12":"purchasable","13":"product-type-variable"},"composite_virtual":false,"composite_layout":"","composite_add_to_cart_form_location":"","composite_editable_in_cart":false,"composite_sold_individually_context":"","composite_shop_price_calc":"","composite_components":[],"composite_scenarios":[],"group_of_quantity":0,"min_quantity":0,"max_quantity":"","exclude_order_quantity_value_rules":"no","exclude_category_quantity_rules":"no","combine_variations":"no","exclude_global_add_ons":[],"addons":[],"_links":{"self":[{"href":"https:\/\/www.huntersfriend.eu\/sv\/wp-json\/wp\/v2\/product\/287526","targetHints":{"allow":["GET"]}}],"collection":[{"href":"https:\/\/www.huntersfriend.eu\/sv\/wp-json\/wp\/v2\/product"}],"about":[{"href":"https:\/\/www.huntersfriend.eu\/sv\/wp-json\/wp\/v2\/types\/product"}],"replies":[{"embeddable":true,"href":"https:\/\/www.huntersfriend.eu\/sv\/wp-json\/wp\/v2\/comments?post=287526"}],"wp:featuredmedia":[{"embeddable":true,"href":"https:\/\/www.huntersfriend.eu\/sv\/wp-json\/wp\/v2\/media\/253543"}],"wp:attachment":[{"href":"https:\/\/www.huntersfriend.eu\/sv\/wp-json\/wp\/v2\/media?parent=287526"}],"wp:term":[{"taxonomy":"product_brand","embeddable":true,"href":"https:\/\/www.huntersfriend.eu\/sv\/wp-json\/wp\/v2\/product_brand?post=287526"},{"taxonomy":"product_cat","embeddable":true,"href":"https:\/\/www.huntersfriend.eu\/sv\/wp-json\/wp\/v2\/product_cat?post=287526"},{"taxonomy":"product_tag","embeddable":true,"href":"https:\/\/www.huntersfriend.eu\/sv\/wp-json\/wp\/v2\/product_tag?post=287526"}],"curies":[{"name":"wp","href":"https:\/\/api.w.org\/{rel}","templated":true}]}}