{"id":287523,"date":"2023-08-28T18:02:05","date_gmt":"2023-08-28T16:02:05","guid":{"rendered":"https:\/\/www.huntersfriend.eu\/product\/slutlig-inflygning-12-fack-anka-flytande-vaska\/"},"modified":"2026-03-25T09:45:52","modified_gmt":"2026-03-25T07:45:52","slug":"slutlig-inflygning-12-fack-anka-flytande-vaska","status":"publish","type":"product","link":"https:\/\/www.huntersfriend.eu\/sv\/produkt\/slutlig-inflygning-12-fack-anka-flytande-vaska\/","title":{"rendered":"Slutlig inflygning 12 fack anka flytande v\u00e4ska"},"content":{"rendered":"<p>B\u00e4r och f\u00f6rvara dina beten med tillf\u00f6rsikt. Denna v\u00e4ska med 12 fack \u00e4r perfekt f\u00f6r de flesta av dina flytande ankbeten. Den justerbara axelremmen g\u00f6r det enkelt att b\u00e4ra beten.  <\/p>\n<h2><span style=\"font-size: 75%;\">Funktioner:  <\/span><\/h2>\n<ul>\n<li>Designad f\u00f6r flytande ankbeten av genomsnittlig storlek<\/li>\n<li>L\u00e4ttviktigt och slitstarkt material<\/li>\n<li>Justerbar axelrem<\/li>\n<li>Fackens m\u00e5tt: 18 cm x 18 cm x 40 cm<\/li>\n<\/ul>\n","protected":false},"excerpt":{"rendered":"<p>B\u00e4r och f\u00f6rvara dina beten med tillf\u00f6rsikt. Denna v\u00e4ska med 12 fack \u00e4r perfekt f\u00f6r de flesta av dina flytande ankbeten. Den justerbara axelremmen g\u00f6r det enkelt att b\u00e4ra beten. Funktioner: Designad f\u00f6r flytande ankbeten av genomsnittlig storlek L\u00e4ttviktigt och slitstarkt material Justerbar axelrem Fackens m\u00e5tt: 18 cm x 18 cm x 40 cm<\/p>\n","protected":false},"featured_media":274435,"comment_status":"open","ping_status":"closed","template":"","meta":[],"product_brand":[],"product_cat":[2818],"product_tag":[],"class_list":{"0":"post-287523","1":"product","2":"type-product","3":"status-publish","4":"has-post-thumbnail","6":"product_cat-lockfagelsvaskor","8":"first","9":"outofstock","10":"taxable","11":"shipping-taxable","12":"purchasable","13":"product-type-simple"},"composite_virtual":false,"composite_layout":"","composite_add_to_cart_form_location":"","composite_editable_in_cart":false,"composite_sold_individually_context":"","composite_shop_price_calc":"","composite_components":[],"composite_scenarios":[],"group_of_quantity":0,"min_quantity":0,"max_quantity":"","exclude_order_quantity_value_rules":"no","exclude_category_quantity_rules":"no","combine_variations":"no","exclude_global_add_ons":[],"addons":[],"_links":{"self":[{"href":"https:\/\/www.huntersfriend.eu\/sv\/wp-json\/wp\/v2\/product\/287523","targetHints":{"allow":["GET"]}}],"collection":[{"href":"https:\/\/www.huntersfriend.eu\/sv\/wp-json\/wp\/v2\/product"}],"about":[{"href":"https:\/\/www.huntersfriend.eu\/sv\/wp-json\/wp\/v2\/types\/product"}],"replies":[{"embeddable":true,"href":"https:\/\/www.huntersfriend.eu\/sv\/wp-json\/wp\/v2\/comments?post=287523"}],"wp:featuredmedia":[{"embeddable":true,"href":"https:\/\/www.huntersfriend.eu\/sv\/wp-json\/wp\/v2\/media\/274435"}],"wp:attachment":[{"href":"https:\/\/www.huntersfriend.eu\/sv\/wp-json\/wp\/v2\/media?parent=287523"}],"wp:term":[{"taxonomy":"product_brand","embeddable":true,"href":"https:\/\/www.huntersfriend.eu\/sv\/wp-json\/wp\/v2\/product_brand?post=287523"},{"taxonomy":"product_cat","embeddable":true,"href":"https:\/\/www.huntersfriend.eu\/sv\/wp-json\/wp\/v2\/product_cat?post=287523"},{"taxonomy":"product_tag","embeddable":true,"href":"https:\/\/www.huntersfriend.eu\/sv\/wp-json\/wp\/v2\/product_tag?post=287523"}],"curies":[{"name":"wp","href":"https:\/\/api.w.org\/{rel}","templated":true}]}}