{"id":287522,"date":"2023-08-28T18:14:05","date_gmt":"2023-08-28T16:14:05","guid":{"rendered":"https:\/\/www.huntersfriend.eu\/product\/huntworth-bluffwoods-spandex-halsvarmare\/"},"modified":"2025-08-27T06:23:42","modified_gmt":"2025-08-27T04:23:42","slug":"huntworth-bluffwoods-spandex-halsvarmare","status":"publish","type":"product","link":"https:\/\/www.huntersfriend.eu\/sv\/produkt\/huntworth-bluffwoods-spandex-halsvarmare\/","title":{"rendered":"Huntworth bluffwoods spandex halsv\u00e4rmare"},"content":{"rendered":"<p><strong>Bluffwoods l\u00e4tta halskrage i Tarnen<\/strong> kan b\u00e4ras p\u00e5 en m\u00e4ngd olika s\u00e4tt runt halsen eller uppe runt ansiktet. Tarnen camo jaktkrage \u00e4r designad med ett hybrid kamouflagem\u00f6nster och \u00e4r tillverkad i ett stretchigt poly-spandexmaterial och \u00e4r idealisk f\u00f6r jakt tidigt till mitten av s\u00e4songen. <\/p>\n<p>Halskragen passar l\u00e4tt \u00f6ver huvudet och kan h\u00e5lla sin form oavsett hur du b\u00e4r den. Anv\u00e4nd f\u00f6r kamouflage eller f\u00f6r att skydda nacken mot solen. <\/p>\n<p>Kamouflage och skydd &#8211; Tarnen halskrage ger b\u00e5de och kommer l\u00e4tt att bli en basvara f\u00f6r alla dina jakter.<\/p>\n<h3><b>Funktioner:<\/b><\/h3>\n<ul>\n<li><strong>Yttermaterial:<\/strong> L\u00e4ttvikts poly-spandexblandning<\/li>\n<li><strong>Speciell funktion:<\/strong> Kan b\u00e4ras p\u00e5 flera s\u00e4tt<\/li>\n<\/ul>\n","protected":false},"excerpt":{"rendered":"<p>Bluffwoods l\u00e4tta halskrage i Tarnen kan b\u00e4ras p\u00e5 en m\u00e4ngd olika s\u00e4tt runt halsen eller uppe runt ansiktet. Tarnen camo jaktkrage \u00e4r designad med ett hybrid kamouflagem\u00f6nster och \u00e4r tillverkad i ett stretchigt poly-spandexmaterial och \u00e4r idealisk f\u00f6r jakt tidigt till mitten av s\u00e4songen. Halskragen passar l\u00e4tt \u00f6ver huvudet och kan h\u00e5lla sin form oavsett [&#8230;]\n","protected":false},"featured_media":253440,"comment_status":"open","ping_status":"closed","template":"","meta":[],"product_brand":[],"product_cat":[2716,2580,2611],"product_tag":[],"class_list":{"0":"post-287522","1":"product","2":"type-product","3":"status-publish","4":"has-post-thumbnail","6":"product_cat-hattar-och-huvudbonader","7":"product_cat-lager-pa-lager","8":"product_cat-tillbehor","10":"first","11":"instock","12":"taxable","13":"shipping-taxable","14":"purchasable","15":"product-type-simple"},"composite_virtual":false,"composite_layout":"","composite_add_to_cart_form_location":"","composite_editable_in_cart":false,"composite_sold_individually_context":"","composite_shop_price_calc":"","composite_components":[],"composite_scenarios":[],"group_of_quantity":0,"min_quantity":0,"max_quantity":"","exclude_order_quantity_value_rules":"no","exclude_category_quantity_rules":"no","combine_variations":"no","exclude_global_add_ons":[],"addons":[],"_links":{"self":[{"href":"https:\/\/www.huntersfriend.eu\/sv\/wp-json\/wp\/v2\/product\/287522","targetHints":{"allow":["GET"]}}],"collection":[{"href":"https:\/\/www.huntersfriend.eu\/sv\/wp-json\/wp\/v2\/product"}],"about":[{"href":"https:\/\/www.huntersfriend.eu\/sv\/wp-json\/wp\/v2\/types\/product"}],"replies":[{"embeddable":true,"href":"https:\/\/www.huntersfriend.eu\/sv\/wp-json\/wp\/v2\/comments?post=287522"}],"wp:featuredmedia":[{"embeddable":true,"href":"https:\/\/www.huntersfriend.eu\/sv\/wp-json\/wp\/v2\/media\/253440"}],"wp:attachment":[{"href":"https:\/\/www.huntersfriend.eu\/sv\/wp-json\/wp\/v2\/media?parent=287522"}],"wp:term":[{"taxonomy":"product_brand","embeddable":true,"href":"https:\/\/www.huntersfriend.eu\/sv\/wp-json\/wp\/v2\/product_brand?post=287522"},{"taxonomy":"product_cat","embeddable":true,"href":"https:\/\/www.huntersfriend.eu\/sv\/wp-json\/wp\/v2\/product_cat?post=287522"},{"taxonomy":"product_tag","embeddable":true,"href":"https:\/\/www.huntersfriend.eu\/sv\/wp-json\/wp\/v2\/product_tag?post=287522"}],"curies":[{"name":"wp","href":"https:\/\/api.w.org\/{rel}","templated":true}]}}