{"id":287514,"date":"2023-08-21T10:45:03","date_gmt":"2023-08-21T08:45:03","guid":{"rendered":"https:\/\/www.huntersfriend.eu\/product\/huntworth-winsted-byxor\/"},"modified":"2025-08-27T06:23:41","modified_gmt":"2025-08-27T04:23:41","slug":"huntworth-winsted-byxor","status":"publish","type":"product","link":"https:\/\/www.huntersfriend.eu\/sv\/produkt\/huntworth-winsted-byxor\/","title":{"rendered":"Huntworth Winsted-byxor"},"content":{"rendered":"<p>Winsted l\u00e4tta, vattent\u00e4ta regnbyxor f\u00f6r m\u00e4n i Tarnen h\u00e5ller dig torr i alla v\u00e5ta v\u00e4derf\u00f6rh\u00e5llanden. De \u00e4r l\u00e4tta att packa och kan enkelt stoppas i ryggs\u00e4cken med din \u00f6vriga utrustning. <\/p>\n<p><strong>Winsted l\u00e4tta, vattent\u00e4ta trik\u00e5regnbyxor i Tarnen<\/strong> utvecklades uttryckligen f\u00f6r att h\u00e5lla v\u00e4ta ute och torrt inne. Tarnen-camo-byxorna \u00e4r tillverkade med ett hybridm\u00f6nster f\u00f6r kamouflage och har ett vindt\u00e4tt\/ventilerande membran som \u00e4r bundet till det mjuka trik\u00e5skalet. De har 100 % tejpade s\u00f6mmar f\u00f6r att t\u00e4ta alla m\u00f6jliga l\u00e4ckor och ett ventilerande meshfoder. Var beredd p\u00e5 allt med dessa vattent\u00e4ta jaktbyxor.   <\/p>\n<p>En m\u00e4ngd fickor fram, bak och p\u00e5 sidorna av dessa byxor ger dig gott om f\u00f6rvaring. Sidobensdragkedjor utrustade med stormflik ger ytterligare ett lager av v\u00e4derskydd och g\u00f6r det enkelt att ta av och p\u00e5 st\u00f6vlarna. Midjebandet har 4 b\u00e4ltesh\u00e4llor f\u00f6r perfekt passform.  <\/p>\n<p>Du beh\u00f6ver aldrig oroa dig f\u00f6r att bli bl\u00f6t \u2013 jaktregnbyxorna med Tarnen-m\u00f6nster levererar varorna. Bli inte f\u00e5ngad i regnet utan dem! <\/p>\n","protected":false},"excerpt":{"rendered":"<p>Winsted l\u00e4tta, vattent\u00e4ta regnbyxor f\u00f6r m\u00e4n i Tarnen h\u00e5ller dig torr i alla v\u00e5ta v\u00e4derf\u00f6rh\u00e5llanden. De \u00e4r l\u00e4tta att packa och kan enkelt stoppas i ryggs\u00e4cken med din \u00f6vriga utrustning. Winsted l\u00e4tta, vattent\u00e4ta trik\u00e5regnbyxor i Tarnen utvecklades uttryckligen f\u00f6r att h\u00e5lla v\u00e4ta ute och torrt inne. Tarnen-camo-byxorna \u00e4r tillverkade med ett hybridm\u00f6nster f\u00f6r kamouflage och [&#8230;]\n","protected":false},"featured_media":252167,"comment_status":"open","ping_status":"closed","template":"","meta":[],"product_brand":[],"product_cat":[2779],"product_tag":[],"class_list":{"0":"post-287514","1":"product","2":"type-product","3":"status-publish","4":"has-post-thumbnail","6":"product_cat-byxor","8":"first","9":"instock","10":"taxable","11":"shipping-taxable","12":"purchasable","13":"product-type-variable"},"composite_virtual":false,"composite_layout":"","composite_add_to_cart_form_location":"","composite_editable_in_cart":false,"composite_sold_individually_context":"","composite_shop_price_calc":"","composite_components":[],"composite_scenarios":[],"group_of_quantity":0,"min_quantity":0,"max_quantity":"","exclude_order_quantity_value_rules":"no","exclude_category_quantity_rules":"no","combine_variations":"no","exclude_global_add_ons":[],"addons":[],"_links":{"self":[{"href":"https:\/\/www.huntersfriend.eu\/sv\/wp-json\/wp\/v2\/product\/287514","targetHints":{"allow":["GET"]}}],"collection":[{"href":"https:\/\/www.huntersfriend.eu\/sv\/wp-json\/wp\/v2\/product"}],"about":[{"href":"https:\/\/www.huntersfriend.eu\/sv\/wp-json\/wp\/v2\/types\/product"}],"replies":[{"embeddable":true,"href":"https:\/\/www.huntersfriend.eu\/sv\/wp-json\/wp\/v2\/comments?post=287514"}],"wp:featuredmedia":[{"embeddable":true,"href":"https:\/\/www.huntersfriend.eu\/sv\/wp-json\/wp\/v2\/media\/252167"}],"wp:attachment":[{"href":"https:\/\/www.huntersfriend.eu\/sv\/wp-json\/wp\/v2\/media?parent=287514"}],"wp:term":[{"taxonomy":"product_brand","embeddable":true,"href":"https:\/\/www.huntersfriend.eu\/sv\/wp-json\/wp\/v2\/product_brand?post=287514"},{"taxonomy":"product_cat","embeddable":true,"href":"https:\/\/www.huntersfriend.eu\/sv\/wp-json\/wp\/v2\/product_cat?post=287514"},{"taxonomy":"product_tag","embeddable":true,"href":"https:\/\/www.huntersfriend.eu\/sv\/wp-json\/wp\/v2\/product_tag?post=287514"}],"curies":[{"name":"wp","href":"https:\/\/api.w.org\/{rel}","templated":true}]}}