{"id":287504,"date":"2023-08-28T18:08:12","date_gmt":"2023-08-28T16:08:12","guid":{"rendered":"https:\/\/www.huntersfriend.eu\/product\/huntworth-peva-regnstall\/"},"modified":"2025-08-27T06:23:40","modified_gmt":"2025-08-27T04:23:40","slug":"huntworth-peva-regnstall","status":"publish","type":"product","link":"https:\/\/www.huntersfriend.eu\/sv\/produkt\/huntworth-peva-regnstall\/","title":{"rendered":"Huntworth PEVA Regnst\u00e4ll"},"content":{"rendered":"<p><span class=\"jCAhz ChMk0b\"><span class=\"ryNqvb\">Regnst\u00e4ll med ventilationsh\u00e5l i mesh-tyg under armarna och under ryggfliken.<\/span><\/span> <span class=\"jCAhz ChMk0b\"><span class=\"ryNqvb\">Tryckknapp fram med en stormsl\u00e5.<\/span><\/span> <span class=\"jCAhz ChMk0b\"><span class=\"ryNqvb\">Knappf\u00e4stning p\u00e5 manschetterna och dragskojustering p\u00e5 huvan.<\/span><\/span> <span class=\"jCAhz ChMk0b\"><span class=\"ryNqvb\">Tv\u00e5 framfickor med stormflikar.<\/span><\/span> <span class=\"jCAhz ChMk0b\"><span class=\"ryNqvb\">Byxorna har en elastisk midja.<\/span><\/span> <span class=\"jCAhz ChMk0b\"><span class=\"ryNqvb\">De maskinsvetsade s\u00f6mmarna i regnst\u00e4llet garanterar vattent\u00e4thet.<\/span><\/span><\/p>\n","protected":false},"excerpt":{"rendered":"<p>Regnst\u00e4ll med ventilationsh\u00e5l i mesh-tyg under armarna och under ryggfliken. Tryckknapp fram med en stormsl\u00e5. Knappf\u00e4stning p\u00e5 manschetterna och dragskojustering p\u00e5 huvan. Tv\u00e5 framfickor med stormflikar. Byxorna har en elastisk midja. De maskinsvetsade s\u00f6mmarna i regnst\u00e4llet garanterar vattent\u00e4thet.<\/p>\n","protected":false},"featured_media":253523,"comment_status":"open","ping_status":"closed","template":"","meta":[],"product_brand":[],"product_cat":[878],"product_tag":[],"class_list":{"0":"post-287504","1":"product","2":"type-product","3":"status-publish","4":"has-post-thumbnail","6":"product_cat-uncategorized-sv","8":"first","9":"outofstock","10":"taxable","11":"shipping-taxable","12":"purchasable","13":"product-type-variable"},"composite_virtual":false,"composite_layout":"","composite_add_to_cart_form_location":"","composite_editable_in_cart":false,"composite_sold_individually_context":"","composite_shop_price_calc":"","composite_components":[],"composite_scenarios":[],"group_of_quantity":0,"min_quantity":0,"max_quantity":"","exclude_order_quantity_value_rules":"no","exclude_category_quantity_rules":"no","combine_variations":"no","exclude_global_add_ons":[],"addons":[],"_links":{"self":[{"href":"https:\/\/www.huntersfriend.eu\/sv\/wp-json\/wp\/v2\/product\/287504","targetHints":{"allow":["GET"]}}],"collection":[{"href":"https:\/\/www.huntersfriend.eu\/sv\/wp-json\/wp\/v2\/product"}],"about":[{"href":"https:\/\/www.huntersfriend.eu\/sv\/wp-json\/wp\/v2\/types\/product"}],"replies":[{"embeddable":true,"href":"https:\/\/www.huntersfriend.eu\/sv\/wp-json\/wp\/v2\/comments?post=287504"}],"wp:featuredmedia":[{"embeddable":true,"href":"https:\/\/www.huntersfriend.eu\/sv\/wp-json\/wp\/v2\/media\/253523"}],"wp:attachment":[{"href":"https:\/\/www.huntersfriend.eu\/sv\/wp-json\/wp\/v2\/media?parent=287504"}],"wp:term":[{"taxonomy":"product_brand","embeddable":true,"href":"https:\/\/www.huntersfriend.eu\/sv\/wp-json\/wp\/v2\/product_brand?post=287504"},{"taxonomy":"product_cat","embeddable":true,"href":"https:\/\/www.huntersfriend.eu\/sv\/wp-json\/wp\/v2\/product_cat?post=287504"},{"taxonomy":"product_tag","embeddable":true,"href":"https:\/\/www.huntersfriend.eu\/sv\/wp-json\/wp\/v2\/product_tag?post=287504"}],"curies":[{"name":"wp","href":"https:\/\/api.w.org\/{rel}","templated":true}]}}