{"id":287503,"date":"2023-08-21T10:45:01","date_gmt":"2023-08-21T08:45:01","guid":{"rendered":"https:\/\/www.huntersfriend.eu\/product\/huntworth-winsted-jacka\/"},"modified":"2025-08-27T06:23:40","modified_gmt":"2025-08-27T04:23:40","slug":"huntworth-winsted-jacka","status":"publish","type":"product","link":"https:\/\/www.huntersfriend.eu\/sv\/produkt\/huntworth-winsted-jacka\/","title":{"rendered":"Huntworth Winsted-jacka"},"content":{"rendered":"<p>Winsted l\u00e4ttvikts vattent\u00e4t regnjacka f\u00f6r m\u00e4n i Tarnen h\u00e5ller dig torr i alla v\u00e5ta v\u00e4derf\u00f6rh\u00e5llanden. Den \u00e4r kompakt och kan enkelt packas ner i ryggs\u00e4cken med din \u00f6vriga utrustning. <\/p>\n<p><strong>Winsted l\u00e4ttvikts vattent\u00e4t trik\u00e5regnjacka i Tarnen<\/strong> utvecklades uttryckligen f\u00f6r att h\u00e5lla v\u00e4tan ute och torrt inne. Tarnen-camo-jackan \u00e4r tillverkad med ett hybridm\u00f6nster och har ett vindt\u00e4tt\/ventilerande membran som \u00e4r f\u00e4st vid det mjuka trik\u00e5skalet. Den har 100 % tejpade s\u00f6mmar f\u00f6r att f\u00f6rhindra alla m\u00f6jliga l\u00e4ckor och ett ventilerande meshfoder. Denna vattent\u00e4ta jaktjacka \u00e4r byggd f\u00f6r att klara det bl\u00f6taste v\u00e4dret.   <\/p>\n<p><strong>Winsted l\u00e4ttvikts vattent\u00e4t trik\u00e5regnjacka i Tarnen<\/strong> utvecklades uttryckligen f\u00f6r att h\u00e5lla v\u00e4tan ute och torrt inne. Tarnen-camo-jackan \u00e4r tillverkad med ett hybridm\u00f6nster och har ett vindt\u00e4tt\/ventilerande membran som \u00e4r f\u00e4st vid det mjuka trik\u00e5skalet. Den har 100 % tejpade s\u00f6mmar f\u00f6r att f\u00f6rhindra alla m\u00f6jliga l\u00e4ckor och ett ventilerande meshfoder. Denna vattent\u00e4ta jaktjacka \u00e4r byggd f\u00f6r att klara det bl\u00f6taste v\u00e4dret.   <\/p>\n","protected":false},"excerpt":{"rendered":"<p>Winsted l\u00e4ttvikts vattent\u00e4t regnjacka f\u00f6r m\u00e4n i Tarnen h\u00e5ller dig torr i alla v\u00e5ta v\u00e4derf\u00f6rh\u00e5llanden. Den \u00e4r kompakt och kan enkelt packas ner i ryggs\u00e4cken med din \u00f6vriga utrustning. Winsted l\u00e4ttvikts vattent\u00e4t trik\u00e5regnjacka i Tarnen utvecklades uttryckligen f\u00f6r att h\u00e5lla v\u00e4tan ute och torrt inne. Tarnen-camo-jackan \u00e4r tillverkad med ett hybridm\u00f6nster och har ett vindt\u00e4tt\/ventilerande [&#8230;]\n","protected":false},"featured_media":252181,"comment_status":"open","ping_status":"closed","template":"","meta":[],"product_brand":[],"product_cat":[2741],"product_tag":[],"class_list":{"0":"post-287503","1":"product","2":"type-product","3":"status-publish","4":"has-post-thumbnail","6":"product_cat-jackor","8":"first","9":"instock","10":"taxable","11":"shipping-taxable","12":"purchasable","13":"product-type-variable"},"composite_virtual":false,"composite_layout":"","composite_add_to_cart_form_location":"","composite_editable_in_cart":false,"composite_sold_individually_context":"","composite_shop_price_calc":"","composite_components":[],"composite_scenarios":[],"group_of_quantity":0,"min_quantity":0,"max_quantity":"","exclude_order_quantity_value_rules":"no","exclude_category_quantity_rules":"no","combine_variations":"no","exclude_global_add_ons":[],"addons":[],"_links":{"self":[{"href":"https:\/\/www.huntersfriend.eu\/sv\/wp-json\/wp\/v2\/product\/287503","targetHints":{"allow":["GET"]}}],"collection":[{"href":"https:\/\/www.huntersfriend.eu\/sv\/wp-json\/wp\/v2\/product"}],"about":[{"href":"https:\/\/www.huntersfriend.eu\/sv\/wp-json\/wp\/v2\/types\/product"}],"replies":[{"embeddable":true,"href":"https:\/\/www.huntersfriend.eu\/sv\/wp-json\/wp\/v2\/comments?post=287503"}],"wp:featuredmedia":[{"embeddable":true,"href":"https:\/\/www.huntersfriend.eu\/sv\/wp-json\/wp\/v2\/media\/252181"}],"wp:attachment":[{"href":"https:\/\/www.huntersfriend.eu\/sv\/wp-json\/wp\/v2\/media?parent=287503"}],"wp:term":[{"taxonomy":"product_brand","embeddable":true,"href":"https:\/\/www.huntersfriend.eu\/sv\/wp-json\/wp\/v2\/product_brand?post=287503"},{"taxonomy":"product_cat","embeddable":true,"href":"https:\/\/www.huntersfriend.eu\/sv\/wp-json\/wp\/v2\/product_cat?post=287503"},{"taxonomy":"product_tag","embeddable":true,"href":"https:\/\/www.huntersfriend.eu\/sv\/wp-json\/wp\/v2\/product_tag?post=287503"}],"curies":[{"name":"wp","href":"https:\/\/api.w.org\/{rel}","templated":true}]}}