{"id":287497,"date":"2023-08-28T18:08:10","date_gmt":"2023-08-28T16:08:10","guid":{"rendered":"https:\/\/www.huntersfriend.eu\/product\/huntworth-carlsbad-twill-cargobyxor\/"},"modified":"2025-08-27T06:23:39","modified_gmt":"2025-08-27T04:23:39","slug":"huntworth-carlsbad-twill-cargobyxor","status":"publish","type":"product","link":"https:\/\/www.huntersfriend.eu\/sv\/produkt\/huntworth-carlsbad-twill-cargobyxor\/","title":{"rendered":"Huntworth Carlsbad twill cargobyxor"},"content":{"rendered":"<p><strong>De l\u00e4tta Carlsband-jaktbyxorna i Tarnen \u00e4r konstruerade f\u00f6r att skydda dig n\u00e4r du g\u00e5r genom f\u00e4lt och skogar.<\/strong> Tarnen camo-cargobyxorna \u00e4r tillverkade med ett hybridm\u00f6nster och \u00e4r konstruerade av ett 7 oz bomulls-\/twilltyg f\u00f6r bekv\u00e4m h\u00e5llbarhet.<\/p>\n<p>Fickutrymme \u00e4r inget problem &#8211; det finns tv\u00e5 snedfickor fram, tv\u00e5 bakfickor och tv\u00e5 cargofickor med knapp f\u00f6r att enkelt h\u00e5lla din utrustning. De l\u00e4tta jaktbyxorna kan b\u00e4ras ensamma eller \u00f6ver ett par baslager n\u00e4r lite mer v\u00e4rme beh\u00f6vs. <\/p>\n<p>Dessa byxor har dig t\u00e4ckt &#8211; Tarnen-m\u00f6nsterbyxorna \u00e4r perfekta att b\u00e4ra n\u00e4r du arbetar med dina foderplottar eller \u00e4r ute och spanar.<\/p>\n<h3><b>Funktioner:<\/b><\/h3>\n<ul>\n<li><strong>Yttermaterial: <\/strong>CVC borstad twill (60 % bomull\/40 % polyester)<\/li>\n<li><strong>Fickor: <\/strong>Tv\u00e5 stora cargofickor, tv\u00e5 snedfickor fram och tv\u00e5 bakfickor<\/li>\n<li><strong>Genomsnittlig vikt:<\/strong> 1,2 lbs f\u00f6r storlek XL.<\/li>\n<\/ul>\n","protected":false},"excerpt":{"rendered":"<p>De l\u00e4tta Carlsband-jaktbyxorna i Tarnen \u00e4r konstruerade f\u00f6r att skydda dig n\u00e4r du g\u00e5r genom f\u00e4lt och skogar. Tarnen camo-cargobyxorna \u00e4r tillverkade med ett hybridm\u00f6nster och \u00e4r konstruerade av ett 7 oz bomulls-\/twilltyg f\u00f6r bekv\u00e4m h\u00e5llbarhet. Fickutrymme \u00e4r inget problem &#8211; det finns tv\u00e5 snedfickor fram, tv\u00e5 bakfickor och tv\u00e5 cargofickor med knapp f\u00f6r att [&#8230;]\n","protected":false},"featured_media":253527,"comment_status":"open","ping_status":"closed","template":"","meta":[],"product_brand":[],"product_cat":[878],"product_tag":[],"class_list":{"0":"post-287497","1":"product","2":"type-product","3":"status-publish","4":"has-post-thumbnail","6":"product_cat-uncategorized-sv","8":"first","9":"instock","10":"taxable","11":"shipping-taxable","12":"purchasable","13":"product-type-variable"},"composite_virtual":false,"composite_layout":"","composite_add_to_cart_form_location":"","composite_editable_in_cart":false,"composite_sold_individually_context":"","composite_shop_price_calc":"","composite_components":[],"composite_scenarios":[],"group_of_quantity":0,"min_quantity":0,"max_quantity":"","exclude_order_quantity_value_rules":"no","exclude_category_quantity_rules":"no","combine_variations":"no","exclude_global_add_ons":[],"addons":[],"_links":{"self":[{"href":"https:\/\/www.huntersfriend.eu\/sv\/wp-json\/wp\/v2\/product\/287497","targetHints":{"allow":["GET"]}}],"collection":[{"href":"https:\/\/www.huntersfriend.eu\/sv\/wp-json\/wp\/v2\/product"}],"about":[{"href":"https:\/\/www.huntersfriend.eu\/sv\/wp-json\/wp\/v2\/types\/product"}],"replies":[{"embeddable":true,"href":"https:\/\/www.huntersfriend.eu\/sv\/wp-json\/wp\/v2\/comments?post=287497"}],"wp:featuredmedia":[{"embeddable":true,"href":"https:\/\/www.huntersfriend.eu\/sv\/wp-json\/wp\/v2\/media\/253527"}],"wp:attachment":[{"href":"https:\/\/www.huntersfriend.eu\/sv\/wp-json\/wp\/v2\/media?parent=287497"}],"wp:term":[{"taxonomy":"product_brand","embeddable":true,"href":"https:\/\/www.huntersfriend.eu\/sv\/wp-json\/wp\/v2\/product_brand?post=287497"},{"taxonomy":"product_cat","embeddable":true,"href":"https:\/\/www.huntersfriend.eu\/sv\/wp-json\/wp\/v2\/product_cat?post=287497"},{"taxonomy":"product_tag","embeddable":true,"href":"https:\/\/www.huntersfriend.eu\/sv\/wp-json\/wp\/v2\/product_tag?post=287497"}],"curies":[{"name":"wp","href":"https:\/\/api.w.org\/{rel}","templated":true}]}}