{"id":287496,"date":"2023-08-21T10:44:59","date_gmt":"2023-08-21T08:44:59","guid":{"rendered":"https:\/\/www.huntersfriend.eu\/product\/huntworth-baseballkeps-tarnen\/"},"modified":"2025-08-27T06:23:39","modified_gmt":"2025-08-27T04:23:39","slug":"huntworth-baseballkeps-tarnen","status":"publish","type":"product","link":"https:\/\/www.huntersfriend.eu\/sv\/produkt\/huntworth-baseballkeps-tarnen\/","title":{"rendered":"Huntworth baseballkeps Tarnen"},"content":{"rendered":"<p>Tarnen-kepsen i bomullstwill kombinerar funktionerna hos en klassisk snap-back-keps med kraften i kamouflage.<\/p>\n<p><strong>Snap-back-kepsen i Tarnen \u00e4r tillverkad i 100 % bomullstwill.<\/strong> Tarnen camo-kepsen \u00e4r designad med ett hybrid kamouflagem\u00f6nster och har en framsida med medelh\u00f6g profil, b\u00f6jd sk\u00e4rm och justerbar snap-back-st\u00e4ngning.<\/p>\n<p>Sl\u00e4ng p\u00e5 dig Disruption-m\u00f6nstrade jaktkepsen n\u00e4r du ger dig ut p\u00e5 jakt eller n\u00e5gon annanstans.<\/p>\n","protected":false},"excerpt":{"rendered":"<p>Justerbar<\/p>\n","protected":false},"featured_media":252194,"comment_status":"open","ping_status":"closed","template":"","meta":[],"product_brand":[],"product_cat":[2716],"product_tag":[],"class_list":{"0":"post-287496","1":"product","2":"type-product","3":"status-publish","4":"has-post-thumbnail","6":"product_cat-hattar-och-huvudbonader","8":"first","9":"instock","10":"taxable","11":"shipping-taxable","12":"purchasable","13":"product-type-simple"},"composite_virtual":false,"composite_layout":"","composite_add_to_cart_form_location":"","composite_editable_in_cart":false,"composite_sold_individually_context":"","composite_shop_price_calc":"","composite_components":[],"composite_scenarios":[],"group_of_quantity":0,"min_quantity":0,"max_quantity":"","exclude_order_quantity_value_rules":"no","exclude_category_quantity_rules":"no","combine_variations":"no","exclude_global_add_ons":[],"addons":[],"_links":{"self":[{"href":"https:\/\/www.huntersfriend.eu\/sv\/wp-json\/wp\/v2\/product\/287496","targetHints":{"allow":["GET"]}}],"collection":[{"href":"https:\/\/www.huntersfriend.eu\/sv\/wp-json\/wp\/v2\/product"}],"about":[{"href":"https:\/\/www.huntersfriend.eu\/sv\/wp-json\/wp\/v2\/types\/product"}],"replies":[{"embeddable":true,"href":"https:\/\/www.huntersfriend.eu\/sv\/wp-json\/wp\/v2\/comments?post=287496"}],"wp:featuredmedia":[{"embeddable":true,"href":"https:\/\/www.huntersfriend.eu\/sv\/wp-json\/wp\/v2\/media\/252194"}],"wp:attachment":[{"href":"https:\/\/www.huntersfriend.eu\/sv\/wp-json\/wp\/v2\/media?parent=287496"}],"wp:term":[{"taxonomy":"product_brand","embeddable":true,"href":"https:\/\/www.huntersfriend.eu\/sv\/wp-json\/wp\/v2\/product_brand?post=287496"},{"taxonomy":"product_cat","embeddable":true,"href":"https:\/\/www.huntersfriend.eu\/sv\/wp-json\/wp\/v2\/product_cat?post=287496"},{"taxonomy":"product_tag","embeddable":true,"href":"https:\/\/www.huntersfriend.eu\/sv\/wp-json\/wp\/v2\/product_tag?post=287496"}],"curies":[{"name":"wp","href":"https:\/\/api.w.org\/{rel}","templated":true}]}}