{"id":287495,"date":"2023-08-21T10:44:58","date_gmt":"2023-08-21T08:44:58","guid":{"rendered":"https:\/\/www.huntersfriend.eu\/product\/huntworth-tenpeak-heltackande-balaklava\/"},"modified":"2025-08-27T06:23:36","modified_gmt":"2025-08-27T04:23:36","slug":"huntworth-tenpeak-heltackande-balaklava","status":"publish","type":"product","link":"https:\/\/www.huntersfriend.eu\/sv\/produkt\/huntworth-tenpeak-heltackande-balaklava\/","title":{"rendered":"Huntworth Tenpeak helt\u00e4ckande balaklava"},"content":{"rendered":"<p><strong>Den l\u00e4tta, ofodrade Tenpeak-balaklavan i Tarnen \u00e4r avsedd f\u00f6r tillf\u00e4llen d\u00e5 du beh\u00f6ver mer kamouflage \u00e4n v\u00e4rme.<\/strong> Tarnen camo jaktbalaklava \u00e4r designad med ett hybrid kamouflagem\u00f6nster och tillverkad av ett snabbtorkande, enkellagers poly-spandex-tyg som h\u00e5ller huvudet svalt.<\/p>\n<p>Den ledade konstruktionen inkluderar en fr\u00e4mre del som kan dras upp \u00f6ver n\u00e4san f\u00f6r kamouflage eller skjutas ner f\u00f6r snabb \u00e5tkomst till munnen. Stretchtyget s\u00e4kerst\u00e4ller en \u00e5tsittande passform som g\u00f6r att balaklavan kan r\u00f6ra sig med huvudet, s\u00e5 att du beh\u00e5ller fullt perifert seende f\u00f6r att f\u00e5nga de minsta r\u00f6relser. <\/p>\n<p>N\u00e4r din jakt i varmt v\u00e4der kr\u00e4ver fullst\u00e4ndig kamouflage \u2013 har den ofodrade Tarnen-m\u00f6nstrade balaklavan dig t\u00e4ckt.<\/p>\n","protected":false},"excerpt":{"rendered":"<p>En storlek<\/p>\n","protected":false},"featured_media":252203,"comment_status":"open","ping_status":"closed","template":"","meta":[],"product_brand":[],"product_cat":[2716],"product_tag":[],"class_list":{"0":"post-287495","1":"product","2":"type-product","3":"status-publish","4":"has-post-thumbnail","6":"product_cat-hattar-och-huvudbonader","8":"first","9":"instock","10":"taxable","11":"shipping-taxable","12":"purchasable","13":"product-type-simple"},"composite_virtual":false,"composite_layout":"","composite_add_to_cart_form_location":"","composite_editable_in_cart":false,"composite_sold_individually_context":"","composite_shop_price_calc":"","composite_components":[],"composite_scenarios":[],"group_of_quantity":0,"min_quantity":0,"max_quantity":"","exclude_order_quantity_value_rules":"no","exclude_category_quantity_rules":"no","combine_variations":"no","exclude_global_add_ons":[],"addons":[],"_links":{"self":[{"href":"https:\/\/www.huntersfriend.eu\/sv\/wp-json\/wp\/v2\/product\/287495","targetHints":{"allow":["GET"]}}],"collection":[{"href":"https:\/\/www.huntersfriend.eu\/sv\/wp-json\/wp\/v2\/product"}],"about":[{"href":"https:\/\/www.huntersfriend.eu\/sv\/wp-json\/wp\/v2\/types\/product"}],"replies":[{"embeddable":true,"href":"https:\/\/www.huntersfriend.eu\/sv\/wp-json\/wp\/v2\/comments?post=287495"}],"wp:featuredmedia":[{"embeddable":true,"href":"https:\/\/www.huntersfriend.eu\/sv\/wp-json\/wp\/v2\/media\/252203"}],"wp:attachment":[{"href":"https:\/\/www.huntersfriend.eu\/sv\/wp-json\/wp\/v2\/media?parent=287495"}],"wp:term":[{"taxonomy":"product_brand","embeddable":true,"href":"https:\/\/www.huntersfriend.eu\/sv\/wp-json\/wp\/v2\/product_brand?post=287495"},{"taxonomy":"product_cat","embeddable":true,"href":"https:\/\/www.huntersfriend.eu\/sv\/wp-json\/wp\/v2\/product_cat?post=287495"},{"taxonomy":"product_tag","embeddable":true,"href":"https:\/\/www.huntersfriend.eu\/sv\/wp-json\/wp\/v2\/product_tag?post=287495"}],"curies":[{"name":"wp","href":"https:\/\/api.w.org\/{rel}","templated":true}]}}