{"id":287494,"date":"2023-07-18T11:28:49","date_gmt":"2023-07-18T09:28:49","guid":{"rendered":"https:\/\/www.huntersfriend.eu\/product\/alps-outdoorz-ember-handvarmare-brun\/"},"modified":"2025-08-27T06:23:35","modified_gmt":"2025-08-27T04:23:35","slug":"alps-outdoorz-ember-handvarmare-brun","status":"publish","type":"product","link":"https:\/\/www.huntersfriend.eu\/sv\/produkt\/alps-outdoorz-ember-handvarmare-brun\/","title":{"rendered":"Alps outdoorz Ember handv\u00e4rmare Brun"},"content":{"rendered":"<p>F\u00e4rg &#8211; coyote Brun<\/p>\n<p>DEADQUIET\u00ae Ember Handwarmer \u00e4r l\u00f6sningen f\u00f6r de kalla timmarna p\u00e5 jaktpasset. Denna handv\u00e4rmare utvecklades med tv\u00e5 huvudm\u00e5l i \u00e5tanke: maximal v\u00e4rme och komfort i kyliga f\u00f6rh\u00e5llanden och noll ljud f\u00f6r att f\u00f6rhindra att vilda djur uppm\u00e4rksammas p\u00e5 j\u00e4garens n\u00e4rvaro. B\u00e5da m\u00e5len uppn\u00e5ddes tack vare ALPS OutdoorZ egenutvecklade DEADQUIET\u00ae-teknik. Denna revolutionerande prestanda kommer tack vare handv\u00e4rmarens trelagerskonstruktion. Det yttre fleece-lagret absorberar friktionsljud f\u00f6r att m\u00f6jligg\u00f6ra tyst r\u00f6relse p\u00e5 passet eller vid smygjakt. D\u00e4refter f\u00f6ljer ett vattent\u00e4tt innermembran som h\u00e5ller h\u00e4nderna torra i regniga eller sn\u00f6iga f\u00f6rh\u00e5llanden. Slutligen finns det ett inv\u00e4ndigt mockatyg som ger ytterligare ett lager av v\u00e4derskydd och ytterligare minimerar ljud, till exempel n\u00e4r du s\u00e4tter i eller tar ut h\u00e4nderna. F\u00f6r att h\u00e5lla kall luft ute och varm luft inne har DEADQUIET\u00ae Ember Handwarmer en dold manschettdesign som effektivt sluter t\u00e4tt runt handlederna.       <\/p>\n<p>J\u00e4gare som anv\u00e4nder kikare p\u00e5 passet eller vid smygjakt kan anv\u00e4nda DEADQUIET\u00ae Ember Handwarmer tillsammans med den nya DEADQUIET\u00ae Shield Bino Harness. F\u00f6r soloanv\u00e4ndning levereras handv\u00e4rmaren med ett undanstoppningsbart midjeb\u00e4lte som justeras fr\u00e5n 29 till 49 tum. F\u00f6r extra v\u00e4rme, placera HOTHANDS\u00ae i den medf\u00f6ljande magnetiska fickan i kuvertstil.  <\/p>\n<p>\u2022 DEADQUIET\u00ae lager av tyg med fleece p\u00e5 utsidan, vattent\u00e4tt innermembran och mocka p\u00e5 insidan ger ultimat v\u00e4derskydd med maximal ljudisolering<\/p>\n<p>\u2022 Integreras s\u00f6ml\u00f6st med DEADQUIET\u00ae Shield Bino Harness, med exceptionell v\u00e4rme i en h\u00f6gkomfortabel, ergonomisk design (s\u00e4ljs separat)<\/p>\n<p>\u2022 Dold manschettdesign och premium fleece-insida ger maximalt vindskydd f\u00f6r o\u00f6vertr\u00e4ffad v\u00e4rme<\/p>\n<p>\u2022 Magnetisk v\u00e4rdesakficka i kuvertstil<\/p>\n<p>\u2022 Tyst, undanstoppningsbart, justerbart midjeb\u00e4lte f\u00f6r \u00f6kad komfort och bekv\u00e4mlighet<\/p>\n<p>\u2022 Passar bra ihop med <a href=\"https:\/\/www.huntersfriend.eu\/sv\/produkt\/alps-outdoorz-shield-bino-sele-brun\/\">Shield Bino Harness<\/a><\/p>\n<table border=\"3\">\n<tbody>\n<tr align=\"CENTER\">\n<td><b>M\u00e5tt<\/b><\/td>\n<td>7&#8243; H x 19&#8243; W<\/td>\n<\/tr>\n<tr align=\"CENTER\">\n<td><b>Midjeb\u00e4ltets r\u00e4ckvidd<\/b><\/td>\n<td>passar upp till 60&#8243;<\/td>\n<\/tr>\n<tr align=\"CENTER\">\n<td><b>Vikt<\/b><\/td>\n<td>11 oz.<\/td>\n<\/tr>\n<\/tbody>\n<\/table>\n","protected":false},"excerpt":{"rendered":"<p>F\u00e4rg &#8211; coyote Brun DEADQUIET\u00ae Ember Handwarmer \u00e4r l\u00f6sningen f\u00f6r de kalla timmarna p\u00e5 jaktpasset. Denna handv\u00e4rmare utvecklades med tv\u00e5 huvudm\u00e5l i \u00e5tanke: maximal v\u00e4rme och komfort i kyliga f\u00f6rh\u00e5llanden och noll ljud f\u00f6r att f\u00f6rhindra att vilda djur uppm\u00e4rksammas p\u00e5 j\u00e4garens n\u00e4rvaro. B\u00e5da m\u00e5len uppn\u00e5ddes tack vare ALPS OutdoorZ egenutvecklade DEADQUIET\u00ae-teknik. Denna revolutionerande prestanda [&#8230;]\n","protected":false},"featured_media":251110,"comment_status":"open","ping_status":"closed","template":"","meta":[],"product_brand":[],"product_cat":[2809],"product_tag":[],"class_list":{"0":"post-287494","1":"product","2":"type-product","3":"status-publish","4":"has-post-thumbnail","6":"product_cat-handskar","8":"first","9":"instock","10":"taxable","11":"shipping-taxable","12":"purchasable","13":"product-type-simple"},"composite_virtual":false,"composite_layout":"","composite_add_to_cart_form_location":"","composite_editable_in_cart":false,"composite_sold_individually_context":"","composite_shop_price_calc":"","composite_components":[],"composite_scenarios":[],"group_of_quantity":0,"min_quantity":0,"max_quantity":"","exclude_order_quantity_value_rules":"no","exclude_category_quantity_rules":"no","combine_variations":"no","exclude_global_add_ons":[],"addons":[],"_links":{"self":[{"href":"https:\/\/www.huntersfriend.eu\/sv\/wp-json\/wp\/v2\/product\/287494","targetHints":{"allow":["GET"]}}],"collection":[{"href":"https:\/\/www.huntersfriend.eu\/sv\/wp-json\/wp\/v2\/product"}],"about":[{"href":"https:\/\/www.huntersfriend.eu\/sv\/wp-json\/wp\/v2\/types\/product"}],"replies":[{"embeddable":true,"href":"https:\/\/www.huntersfriend.eu\/sv\/wp-json\/wp\/v2\/comments?post=287494"}],"wp:featuredmedia":[{"embeddable":true,"href":"https:\/\/www.huntersfriend.eu\/sv\/wp-json\/wp\/v2\/media\/251110"}],"wp:attachment":[{"href":"https:\/\/www.huntersfriend.eu\/sv\/wp-json\/wp\/v2\/media?parent=287494"}],"wp:term":[{"taxonomy":"product_brand","embeddable":true,"href":"https:\/\/www.huntersfriend.eu\/sv\/wp-json\/wp\/v2\/product_brand?post=287494"},{"taxonomy":"product_cat","embeddable":true,"href":"https:\/\/www.huntersfriend.eu\/sv\/wp-json\/wp\/v2\/product_cat?post=287494"},{"taxonomy":"product_tag","embeddable":true,"href":"https:\/\/www.huntersfriend.eu\/sv\/wp-json\/wp\/v2\/product_tag?post=287494"}],"curies":[{"name":"wp","href":"https:\/\/api.w.org\/{rel}","templated":true}]}}