{"id":287493,"date":"2023-08-21T10:44:53","date_gmt":"2023-08-21T08:44:53","guid":{"rendered":"https:\/\/www.huntersfriend.eu\/product\/lucky-hd-roboduck\/"},"modified":"2025-08-27T06:23:35","modified_gmt":"2025-08-27T04:23:35","slug":"lucky-hd-roboduck","status":"publish","type":"product","link":"https:\/\/www.huntersfriend.eu\/sv\/produkt\/lucky-hd-roboduck\/","title":{"rendered":"Lucky HD roboduck"},"content":{"rendered":"<p>Lucky HD \u00e4r n\u00e4sta generations lockf\u00e5gel med snurrande vingar och ditt f\u00f6rstahandsval f\u00f6r varje andjaktsresa. HD \u00e4r konstruerad med en speciell plastblandning som t\u00e5l tuff behandling fr\u00e5n de mest kr\u00e4vande j\u00e4garna. En realistisk och detaljerad utformning med formsprutade magnetiska vingar och ett verklighetstroget tryck kommer att f\u00e5 f\u00f6rsiktiga f\u00e5glar att landa mitt i din flock. V\u00e5rt br\u00f6stf\u00e4ste och snabbf\u00e4ste med bungee g\u00f6r installationen enkel. Komplett med formsprutade vingar, extern laddningsport, 6-volts batterifack och 3-delad 42-tums pinne. L\u00e4gg till Lucky HD fj\u00e4rrkontrollkit och du har den mest m\u00e5ngsidiga lockf\u00e5geln med snurrande vingar p\u00e5 marknaden!     <\/p>\n","protected":false},"excerpt":{"rendered":"<p>Lucky HD \u00e4r n\u00e4sta generations lockf\u00e5gel med snurrande vingar och ditt f\u00f6rstahandsval f\u00f6r varje andjaktsresa. HD \u00e4r konstruerad med en speciell plastblandning som t\u00e5l tuff behandling fr\u00e5n de mest kr\u00e4vande j\u00e4garna. En realistisk och detaljerad utformning med formsprutade magnetiska vingar och ett verklighetstroget tryck kommer att f\u00e5 f\u00f6rsiktiga f\u00e5glar att landa mitt i din flock. [&#8230;]\n","protected":false},"featured_media":252117,"comment_status":"open","ping_status":"closed","template":"","meta":[],"product_brand":[],"product_cat":[878],"product_tag":[],"class_list":{"0":"post-287493","1":"product","2":"type-product","3":"status-publish","4":"has-post-thumbnail","6":"product_cat-uncategorized-sv","7":"product_shipping_class-medium-sv","9":"first","10":"instock","11":"taxable","12":"shipping-taxable","13":"purchasable","14":"product-type-simple"},"composite_virtual":false,"composite_layout":"","composite_add_to_cart_form_location":"","composite_editable_in_cart":false,"composite_sold_individually_context":"","composite_shop_price_calc":"","composite_components":[],"composite_scenarios":[],"group_of_quantity":0,"min_quantity":0,"max_quantity":"","exclude_order_quantity_value_rules":"no","exclude_category_quantity_rules":"no","combine_variations":"no","exclude_global_add_ons":[],"addons":[],"_links":{"self":[{"href":"https:\/\/www.huntersfriend.eu\/sv\/wp-json\/wp\/v2\/product\/287493","targetHints":{"allow":["GET"]}}],"collection":[{"href":"https:\/\/www.huntersfriend.eu\/sv\/wp-json\/wp\/v2\/product"}],"about":[{"href":"https:\/\/www.huntersfriend.eu\/sv\/wp-json\/wp\/v2\/types\/product"}],"replies":[{"embeddable":true,"href":"https:\/\/www.huntersfriend.eu\/sv\/wp-json\/wp\/v2\/comments?post=287493"}],"wp:featuredmedia":[{"embeddable":true,"href":"https:\/\/www.huntersfriend.eu\/sv\/wp-json\/wp\/v2\/media\/252117"}],"wp:attachment":[{"href":"https:\/\/www.huntersfriend.eu\/sv\/wp-json\/wp\/v2\/media?parent=287493"}],"wp:term":[{"taxonomy":"product_brand","embeddable":true,"href":"https:\/\/www.huntersfriend.eu\/sv\/wp-json\/wp\/v2\/product_brand?post=287493"},{"taxonomy":"product_cat","embeddable":true,"href":"https:\/\/www.huntersfriend.eu\/sv\/wp-json\/wp\/v2\/product_cat?post=287493"},{"taxonomy":"product_tag","embeddable":true,"href":"https:\/\/www.huntersfriend.eu\/sv\/wp-json\/wp\/v2\/product_tag?post=287493"}],"curies":[{"name":"wp","href":"https:\/\/api.w.org\/{rel}","templated":true}]}}