{"id":287489,"date":"2023-07-18T11:28:48","date_gmt":"2023-07-18T09:28:48","guid":{"rendered":"https:\/\/www.huntersfriend.eu\/product\/alps-outdoorz-shield-bino-sele-brun\/"},"modified":"2026-03-18T22:00:28","modified_gmt":"2026-03-18T20:00:28","slug":"alps-outdoorz-shield-bino-sele-brun","status":"publish","type":"product","link":"https:\/\/www.huntersfriend.eu\/sv\/produkt\/alps-outdoorz-shield-bino-sele-brun\/","title":{"rendered":"Alps outdoorz shield bino sele Brun"},"content":{"rendered":"<p>F\u00e4rg &#8211; coyote Brun<\/p>\n<p>Den helt nya DEADQUIET\u00ae Shield Bino selen skyddar inte bara dyr optik fr\u00e5n v\u00e4der och milj\u00f6faror, utan \u00e4r ocks\u00e5 tyst i drift. Det skiktade DEADQUIET\u00ae-tyget har en fleeceexteri\u00f6r som effektivt d\u00e4mpar ljudet av kontakt med h\u00e4nder, borste och andra kl\u00e4der. Det inre lagret \u00e4r ett robust mocka som erbjuder tyst h\u00e4mtning och byte av kikare och uppvisar h\u00f6g slitstyrka f\u00f6r m\u00e5nga \u00e5rs h\u00e5rd anv\u00e4ndning. Inkl\u00e4mt mellan dessa lager finns ett vattent\u00e4tt membran som h\u00e5ller kikaren torr och skyddad i det h\u00e5rdaste v\u00e4dret.  <\/p>\n<p>DEADQUIET\u00ae Shield Bino selen \u00e4r byggd p\u00e5 en strukturerad design f\u00f6r \u00f6kat skydd och st\u00f6d, och \u00e4r justerbar f\u00f6r en perfekt passform eftersom kl\u00e4dbehovet \u00e4ndras under hela s\u00e4songen. MOLLE-v\u00e4v \u00e4r integrerat i b\u00e5da sidorna av selen s\u00e5 att v\u00e4nster- och h\u00f6gerh\u00e4nta b\u00e5gskyttar och j\u00e4gare bekv\u00e4mt kan placera en avst\u00e5ndsm\u00e4tare, lockpipa eller andra tillbeh\u00f6r inom r\u00e4ckh\u00e5ll utan st\u00f6rningar. <\/p>\n<p>\u2022 DEADQUIET\u00ae skiktat tyg med fleeceexteri\u00f6r, vattent\u00e4tt inre membran och mockainteri\u00f6r ger ultimat v\u00e4derskydd med maximal ljudisolering<\/p>\n<p>\u2022 Strukturerad design i v\u00e4skstil ger \u00f6verl\u00e4gset skydd j\u00e4mf\u00f6rt med en traditionell, mjuk bino-sele<\/p>\n<p>\u2022 100 % dragkedjefri \u00e5tkomst till v\u00e4rdesaksfickor<\/p>\n<p>\u2022 Tyst, mockafodrad ficka \u00e4r idealisk f\u00f6r en telefon, pistol eller extra utrustning<\/p>\n<p>\u2022 Designad med \u00f6kat djup f\u00f6r att passa de flesta 10&#215;42<b> avst\u00e5ndsm\u00e4tande kikare<\/b><\/p>\n<p>\u2022 Rymmer h\u00f6ger- och v\u00e4nsterh\u00e4nta b\u00e5gskyttar med MOLLE-v\u00e4v tillagd p\u00e5 b\u00e5da sidorna av selen f\u00f6r avst\u00e5ndsm\u00e4tare och andra tillbeh\u00f6r<\/p>\n<p>\u2022 DEADQUIET\u00ae Ember Handwarmer f\u00e4sts tyst och snabbt p\u00e5 den nedre MOLLE-v\u00e4ven (s\u00e4ljs separat)<\/p>\n<p>\u2022 F\u00f6rst\u00e4rkta elastiska band med tyst vridning kan enkelt justeras, eller tyst tas bort, f\u00f6r att passa dina \u00f6nskem\u00e5l<\/p>\n<p>\u2022 Passar bra med <a href=\"https:\/\/www.huntersfriend.eu\/sv\/produkt\/alps-outdoorz-ember-handvarmare-brun\/\">Ember Hand Warmer<\/a><\/p>\n<table border=\"3\">\n<tbody>\n<tr align=\"CENTER\">\n<td><b>M\u00e5tt<\/b><\/td>\n<td>6,5&#8243; H x 6&#8243; B x 3&#8243; D<\/td>\n<\/tr>\n<tr align=\"CENTER\">\n<td><b>Vikt<\/b><\/td>\n<td>12 oz.<\/td>\n<\/tr>\n<\/tbody>\n<\/table>\n","protected":false},"excerpt":{"rendered":"<p>F\u00e4rg &#8211; coyote Brun Den helt nya DEADQUIET\u00ae Shield Bino selen skyddar inte bara dyr optik fr\u00e5n v\u00e4der och milj\u00f6faror, utan \u00e4r ocks\u00e5 tyst i drift. Det skiktade DEADQUIET\u00ae-tyget har en fleeceexteri\u00f6r som effektivt d\u00e4mpar ljudet av kontakt med h\u00e4nder, borste och andra kl\u00e4der. Det inre lagret \u00e4r ett robust mocka som erbjuder tyst h\u00e4mtning [&#8230;]\n","protected":false},"featured_media":251092,"comment_status":"open","ping_status":"closed","template":"","meta":[],"product_brand":[],"product_cat":[2765,2820],"product_tag":[],"class_list":{"0":"post-287489","1":"product","2":"type-product","3":"status-publish","4":"has-post-thumbnail","6":"product_cat-fyndlada-slutrea","7":"product_cat-kikarselesar","9":"first","10":"instock","11":"taxable","12":"shipping-taxable","13":"purchasable","14":"product-type-simple"},"composite_virtual":false,"composite_layout":"","composite_add_to_cart_form_location":"","composite_editable_in_cart":false,"composite_sold_individually_context":"","composite_shop_price_calc":"","composite_components":[],"composite_scenarios":[],"group_of_quantity":0,"min_quantity":0,"max_quantity":"","exclude_order_quantity_value_rules":"no","exclude_category_quantity_rules":"no","combine_variations":"no","exclude_global_add_ons":[],"addons":[],"_links":{"self":[{"href":"https:\/\/www.huntersfriend.eu\/sv\/wp-json\/wp\/v2\/product\/287489","targetHints":{"allow":["GET"]}}],"collection":[{"href":"https:\/\/www.huntersfriend.eu\/sv\/wp-json\/wp\/v2\/product"}],"about":[{"href":"https:\/\/www.huntersfriend.eu\/sv\/wp-json\/wp\/v2\/types\/product"}],"replies":[{"embeddable":true,"href":"https:\/\/www.huntersfriend.eu\/sv\/wp-json\/wp\/v2\/comments?post=287489"}],"wp:featuredmedia":[{"embeddable":true,"href":"https:\/\/www.huntersfriend.eu\/sv\/wp-json\/wp\/v2\/media\/251092"}],"wp:attachment":[{"href":"https:\/\/www.huntersfriend.eu\/sv\/wp-json\/wp\/v2\/media?parent=287489"}],"wp:term":[{"taxonomy":"product_brand","embeddable":true,"href":"https:\/\/www.huntersfriend.eu\/sv\/wp-json\/wp\/v2\/product_brand?post=287489"},{"taxonomy":"product_cat","embeddable":true,"href":"https:\/\/www.huntersfriend.eu\/sv\/wp-json\/wp\/v2\/product_cat?post=287489"},{"taxonomy":"product_tag","embeddable":true,"href":"https:\/\/www.huntersfriend.eu\/sv\/wp-json\/wp\/v2\/product_tag?post=287489"}],"curies":[{"name":"wp","href":"https:\/\/api.w.org\/{rel}","templated":true}]}}