{"id":287484,"date":"2023-07-12T11:19:46","date_gmt":"2023-07-12T09:19:46","guid":{"rendered":"https:\/\/www.huntersfriend.eu\/product\/alps-outdoorz-commander-packvaska\/"},"modified":"2026-03-18T22:00:56","modified_gmt":"2026-03-18T20:00:56","slug":"alps-outdoorz-commander-packvaska","status":"publish","type":"product","link":"https:\/\/www.huntersfriend.eu\/sv\/produkt\/alps-outdoorz-commander-packvaska\/","title":{"rendered":"Alps outdoorz commander + packv\u00e4ska"},"content":{"rendered":"<p>N\u00e4r du skaffar v\u00e5r Commander + Pack Bag f\u00e5r du Commander Freighter Frame PLUS en 5250 kubiktums packv\u00e4ska. Packv\u00e4skan \u00e4r perfekt f\u00f6r att f\u00e5 all din utrustning till ditt basl\u00e4ger. Packv\u00e4skan har en framficka, en ficka f\u00f6r tubkikare, en gev\u00e4rsh\u00e5llare och 2 sidomonterade fickor med g\u00e5ngj\u00e4rn, f\u00f6rutom huvudfacket. N\u00e4r du har t\u00f6mt din packv\u00e4ska kan den enkelt tas bort s\u00e5 att Commander kan anv\u00e4ndas som en Freighter Frame ocks\u00e5. Med Commander Freighter Frame kan du transportera ditt k\u00f6tt fr\u00e5n en plats till en annan. Commander \u00e4r utrustad med ett unikt surrningssystem f\u00f6r att s\u00e4kra ditt k\u00f6tt. Med s\u00e5 mycket vikt som du kommer att b\u00e4ra \u00e4r ett vadderat midjeb\u00e4lte och axelremmar ett m\u00e5ste. Det finns fickor f\u00f6r din ficklampa och kniv, samt en h\u00e5llare f\u00f6r dina skjutk\u00e4ppar p\u00e5 surrningsremmarna. Med Commander Pack Bag f\u00e5r du verkligen 2 produkter i en \u2013 en packv\u00e4ska och en Freighter Frame!         <a id=\"productimg\" href=\"https:\/\/www.youtube.com\/watch?v=vAo3iMK0RvY&amp;t=2s\">Se Sportsman&#8217;s News produktrecension av Commander<\/a><\/p>\n<p>\u2022 Slitstarkt ripstop-tyg<\/p>\n<p>\u2022 Anodiserad sprint- och gaffelstiftsdesign f\u00f6r enkel justering<\/p>\n<p>\u2022 Gev\u00e4rsh\u00e5llare<\/p>\n<p>\u2022 Toppmatning<\/p>\n<p>\u2022 Fickor: tv\u00e5 sidomonterade fickor med g\u00e5ngj\u00e4rn, huvudfack, framficka, ficka f\u00f6r tubkikare<\/p>\n<p>\u2022 Sn\u00f6l\u00e5s med dragsko<\/p>\n<p>\u2022 Kompatibel med v\u00e4tskesystem<\/p>\n<p>\u2022 Ram och surrningsremmar ing\u00e5r i packv\u00e4skan<\/p>\n<p>\u2022 Ram som h\u00e5ller sig \u00f6ppen<\/p>\n<p>\u2022 Nedre d\u00f6rr\u00e5tkomst \u2013 #10 dragkedjor<\/p>\n<p>\u2022 Intern horisontell avdelare<\/p>\n<p>\u2022 V\u00e4vslingor f\u00f6r fasts\u00e4ttning<\/p>\n<table border=\"3\">\n<tbody>\n<tr align=\"CENTER\">\n<td><b>Kapacitet<\/b><\/td>\n<td>86L \/ 5250 in\u00b3<\/td>\n<\/tr>\n<tr align=\"CENTER\">\n<td><b>Ramdimensioner<\/b><\/td>\n<td>35 &#8211; 41&#8243; H x 15.5&#8243; W<\/td>\n<\/tr>\n<tr align=\"CENTER\">\n<td><b>Huvudfackets dimensioner<\/b><\/td>\n<td>33&#8243; H x 16&#8243; W x 8.5&#8243; D<\/td>\n<\/tr>\n<tr align=\"CENTER\">\n<td><b>Ficka f\u00f6r tubkikare, dimensioner<\/b><\/td>\n<td>16&#8243; H x 6&#8243; W x 2.5&#8243; D<\/td>\n<\/tr>\n<tr align=\"CENTER\">\n<td><b>Torsoomr\u00e5de<\/b><\/td>\n<td>17 &#8211; 23&#8243;<\/td>\n<\/tr>\n<tr align=\"CENTER\">\n<td><b>Midjeb\u00e4ltets omf\u00e5ng<\/b><\/td>\n<td>33 &#8211; 60&#8243;<\/td>\n<\/tr>\n<tr align=\"CENTER\">\n<td><b>Vikt<\/b><\/td>\n<td>7 lbs. 15 oz. <\/td>\n<\/tr>\n<\/tbody>\n<\/table>\n","protected":false},"excerpt":{"rendered":"<p>N\u00e4r du skaffar v\u00e5r Commander + Pack Bag f\u00e5r du Commander Freighter Frame PLUS en 5250 kubiktums packv\u00e4ska. Packv\u00e4skan \u00e4r perfekt f\u00f6r att f\u00e5 all din utrustning till ditt basl\u00e4ger. Packv\u00e4skan har en framficka, en ficka f\u00f6r tubkikare, en gev\u00e4rsh\u00e5llare och 2 sidomonterade fickor med g\u00e5ngj\u00e4rn, f\u00f6rutom huvudfacket. N\u00e4r du har t\u00f6mt din packv\u00e4ska kan [&#8230;]\n","protected":false},"featured_media":250496,"comment_status":"open","ping_status":"closed","template":"","meta":[],"product_brand":[],"product_cat":[2565],"product_tag":[],"class_list":{"0":"post-287484","1":"product","2":"type-product","3":"status-publish","4":"has-post-thumbnail","6":"product_cat-jaktryggsackar","7":"product_shipping_class-medium-sv","9":"first","10":"instock","11":"taxable","12":"shipping-taxable","13":"purchasable","14":"product-type-variable"},"composite_virtual":false,"composite_layout":"","composite_add_to_cart_form_location":"","composite_editable_in_cart":false,"composite_sold_individually_context":"","composite_shop_price_calc":"","composite_components":[],"composite_scenarios":[],"group_of_quantity":0,"min_quantity":0,"max_quantity":"","exclude_order_quantity_value_rules":"no","exclude_category_quantity_rules":"no","combine_variations":"no","exclude_global_add_ons":[],"addons":[],"_links":{"self":[{"href":"https:\/\/www.huntersfriend.eu\/sv\/wp-json\/wp\/v2\/product\/287484","targetHints":{"allow":["GET"]}}],"collection":[{"href":"https:\/\/www.huntersfriend.eu\/sv\/wp-json\/wp\/v2\/product"}],"about":[{"href":"https:\/\/www.huntersfriend.eu\/sv\/wp-json\/wp\/v2\/types\/product"}],"replies":[{"embeddable":true,"href":"https:\/\/www.huntersfriend.eu\/sv\/wp-json\/wp\/v2\/comments?post=287484"}],"wp:featuredmedia":[{"embeddable":true,"href":"https:\/\/www.huntersfriend.eu\/sv\/wp-json\/wp\/v2\/media\/250496"}],"wp:attachment":[{"href":"https:\/\/www.huntersfriend.eu\/sv\/wp-json\/wp\/v2\/media?parent=287484"}],"wp:term":[{"taxonomy":"product_brand","embeddable":true,"href":"https:\/\/www.huntersfriend.eu\/sv\/wp-json\/wp\/v2\/product_brand?post=287484"},{"taxonomy":"product_cat","embeddable":true,"href":"https:\/\/www.huntersfriend.eu\/sv\/wp-json\/wp\/v2\/product_cat?post=287484"},{"taxonomy":"product_tag","embeddable":true,"href":"https:\/\/www.huntersfriend.eu\/sv\/wp-json\/wp\/v2\/product_tag?post=287484"}],"curies":[{"name":"wp","href":"https:\/\/api.w.org\/{rel}","templated":true}]}}