{"id":287483,"date":"2023-08-21T10:44:39","date_gmt":"2023-08-21T08:44:39","guid":{"rendered":"https:\/\/www.huntersfriend.eu\/product\/lucky-duck-junior-ii-roboduck\/"},"modified":"2025-08-27T06:23:33","modified_gmt":"2025-08-27T04:23:33","slug":"lucky-duck-junior-ii-roboduck","status":"publish","type":"product","link":"https:\/\/www.huntersfriend.eu\/sv\/produkt\/lucky-duck-junior-ii-roboduck\/","title":{"rendered":"Lucky duck Junior II roboduck"},"content":{"rendered":"<p><span class=\"s1\">Lucky Junior II \u00e4r en lockf\u00e5gel med roterande vingar och exceptionella detaljer. Tillverkad av slitstark EVA-plast som motst\u00e5r sprickbildning och f\u00e4rgsl\u00e4pp, \u00e4ven f\u00f6r de mest kr\u00e4vande j\u00e4garna. V\u00e5rt br\u00f6stf\u00e4ste med bungee g\u00f6r denna lockf\u00e5gel problemfri och mobil. Junior II inkluderar en 3-delad 42&#8243; pinne och korrugerade magnetiska vingar. Lockf\u00e5geln drivs av 4 AA-batterier (ing\u00e5r ej) och fungerar i 12\u201314 timmar. HD-fj\u00e4rrkontroll redo \u2013 s\u00e4ljs separat.     <\/span><span class=\"s1\"> <\/span><\/p>\n","protected":false},"excerpt":{"rendered":"<p>Lucky Junior II \u00e4r en lockf\u00e5gel med roterande vingar och exceptionella detaljer. Tillverkad av slitstark EVA-plast som motst\u00e5r sprickbildning och f\u00e4rgsl\u00e4pp, \u00e4ven f\u00f6r de mest kr\u00e4vande j\u00e4garna. V\u00e5rt br\u00f6stf\u00e4ste med bungee g\u00f6r denna lockf\u00e5gel problemfri och mobil. Junior II inkluderar en 3-delad 42&#8243; pinne och korrugerade magnetiska vingar. Lockf\u00e5geln drivs av 4 AA-batterier (ing\u00e5r ej) [&#8230;]\n","protected":false},"featured_media":252151,"comment_status":"open","ping_status":"closed","template":"","meta":[],"product_brand":[],"product_cat":[878],"product_tag":[],"class_list":{"0":"post-287483","1":"product","2":"type-product","3":"status-publish","4":"has-post-thumbnail","6":"product_cat-uncategorized-sv","8":"first","9":"instock","10":"taxable","11":"shipping-taxable","12":"purchasable","13":"product-type-simple"},"composite_virtual":false,"composite_layout":"","composite_add_to_cart_form_location":"","composite_editable_in_cart":false,"composite_sold_individually_context":"","composite_shop_price_calc":"","composite_components":[],"composite_scenarios":[],"group_of_quantity":0,"min_quantity":0,"max_quantity":"","exclude_order_quantity_value_rules":"no","exclude_category_quantity_rules":"no","combine_variations":"no","exclude_global_add_ons":[],"addons":[],"_links":{"self":[{"href":"https:\/\/www.huntersfriend.eu\/sv\/wp-json\/wp\/v2\/product\/287483","targetHints":{"allow":["GET"]}}],"collection":[{"href":"https:\/\/www.huntersfriend.eu\/sv\/wp-json\/wp\/v2\/product"}],"about":[{"href":"https:\/\/www.huntersfriend.eu\/sv\/wp-json\/wp\/v2\/types\/product"}],"replies":[{"embeddable":true,"href":"https:\/\/www.huntersfriend.eu\/sv\/wp-json\/wp\/v2\/comments?post=287483"}],"wp:featuredmedia":[{"embeddable":true,"href":"https:\/\/www.huntersfriend.eu\/sv\/wp-json\/wp\/v2\/media\/252151"}],"wp:attachment":[{"href":"https:\/\/www.huntersfriend.eu\/sv\/wp-json\/wp\/v2\/media?parent=287483"}],"wp:term":[{"taxonomy":"product_brand","embeddable":true,"href":"https:\/\/www.huntersfriend.eu\/sv\/wp-json\/wp\/v2\/product_brand?post=287483"},{"taxonomy":"product_cat","embeddable":true,"href":"https:\/\/www.huntersfriend.eu\/sv\/wp-json\/wp\/v2\/product_cat?post=287483"},{"taxonomy":"product_tag","embeddable":true,"href":"https:\/\/www.huntersfriend.eu\/sv\/wp-json\/wp\/v2\/product_tag?post=287483"}],"curies":[{"name":"wp","href":"https:\/\/api.w.org\/{rel}","templated":true}]}}