{"id":287482,"date":"2023-07-11T11:45:44","date_gmt":"2023-07-11T09:45:44","guid":{"rendered":"https:\/\/www.huntersfriend.eu\/product\/darton-prelude-32-pilbagar-i-lager\/"},"modified":"2026-03-26T13:45:27","modified_gmt":"2026-03-26T11:45:27","slug":"darton-prelude-32-pilbagar-i-lager","status":"publish","type":"product","link":"https:\/\/www.huntersfriend.eu\/sv\/produkt\/darton-prelude-32-pilbagar-i-lager\/","title":{"rendered":"Darton prelude 32 \u2013 pilb\u00e5gar i lager"},"content":{"rendered":"<p><span data-fontfamily=\"Oswald\" data-fontweight=\"300\">BEGR\u00c4NSAT LAGER!!!!<\/span><\/p>\n<p><span data-fontfamily=\"Oswald\" data-fontweight=\"300\">Prelude E 32 har designats fr\u00e5n grunden. V\u00e5r helt nya design p\u00e5 handtaget ger \u00e4nnu mer styrka och stabilitet.  <strong>Med v\u00e5r nya och f\u00f6rb\u00e4ttrade Dual Sync Patented Cam Technology har vi skapat en snabb pilb\u00e5ge som k\u00e4nns som en m\u00e5lpilb\u00e5ge med hastigheter upp till 347 FPS.<\/strong> Vi bygger fortfarande p\u00e5 v\u00e5r patenterade Equalizer Cable System-teknik (AKA E System) som \u00e4r det n\u00e4rmaste du kan komma ett helt balanserat skjutsystem.<\/span><\/p>\n<p><span data-fontfamily=\"Oswald\" data-fontweight=\"300\">Med v\u00e5r nya, L\u00c4TT avtagbara justerbara dragmodul med 1\/4&#8243; justeringar av dragl\u00e4ngden och 3 upps\u00e4ttningar dragstoppflikar har du minst 8 olika alternativ f\u00f6r h\u00e5llvikten! Kombinera det med dubbla kabelstopp och ett justerbart rullskydd s\u00e5 har du nu FULLST\u00c4NDIG kontroll \u00f6ver din dragl\u00e4ngd och h\u00e5llvikt. <\/span><\/p>\n<p><span data-fontfamily=\"Oswald\" data-fontweight=\"300\">Split yoke-systemet (AKA E System) som f\u00f6rankras p\u00e5 axlarna, utanf\u00f6r lemmarna, utj\u00e4mnar och stabiliserar lemmarna helt och minskar belastningen p\u00e5 kamlagren f\u00f6r DEN smidigaste skjutningen, dragningen av snabb pilb\u00e5ge du kommer att l\u00e4gga h\u00e4nderna p\u00e5!<\/span><\/p>\n<p><span data-fontfamily=\"Oswald\" data-fontweight=\"300\">Prelude 32 levereras med specialtillverkade str\u00e4ngar fr\u00e5n Team Darton.<\/span><\/p>\n<ul>\n<li>HELT NY HANDTAGSDESIGN<\/li>\n<li>HELT nytt grepp<\/li>\n<li>7075 t-6511 f\u00f6rstr\u00e4ckt och f\u00f6rsp\u00e4nt handtag!<\/li>\n<li>7075 kammar<\/li>\n<li>1\/4&#8243; axlar<\/li>\n<li>5\/8&#8243; lager<\/li>\n<li>.790 Lemmar och lemmfickor (\u00f6kar stabiliteten)<\/li>\n<li>Patenterat e-system<\/li>\n<li>QAD integrerat st\u00f6d<\/li>\n<li>Justerbart rullskydd<\/li>\n<li>1\/4&#8243; dragmodjusteringar<\/li>\n<li>Resonansd\u00e4mpningsmodul<\/li>\n<\/ul>\n<p><span data-fontfamily=\"Oswald\" data-fontweight=\"300\">Den viktigaste faktorn f\u00f6r att g\u00f6ra d\u00f6dligt exakta skott \u00e4r precisionstoleranser. V\u00e5ra kunder rapporterar ofta \u00e4nnu sn\u00e4vare toleranser \u00e4n vi anger. Du kommer att m\u00e4rka skillnaden.  <\/span><\/p>\n<ul>\n<li>\n<ul>\n<li>\n<ul>\n<li>HASTIGHET: 342 FPS IBO<\/li>\n<li><strong>HASTIGHET: 342 FAKTISKT vid 30&#8243; 70lb, 350 grain pil<\/strong><\/li>\n<li>AXEL-TILL-AXEL: 32&#8243;<\/li>\n<li>STR\u00c4NGH\u00d6JD: 6&#8243;<\/li>\n<li>VIKT: 4,9 LBS.<\/li>\n<li>DRAGL\u00c4NGDER: 27&#8243;-30.5&#8243;<\/li>\n<li>DRAGVIKTER: 40, 50, 60, 70, 80<\/li>\n<li>LET-OFF: 80 %<\/li>\n<\/ul>\n<\/li>\n<\/ul>\n<\/li>\n<\/ul>\n","protected":false},"excerpt":{"rendered":"<p>BEGR\u00c4NSAT LAGER!!!! Prelude E 32 har designats fr\u00e5n grunden. V\u00e5r helt nya design p\u00e5 handtaget ger \u00e4nnu mer styrka och stabilitet. Med v\u00e5r nya och f\u00f6rb\u00e4ttrade Dual Sync Patented Cam Technology har vi skapat en snabb pilb\u00e5ge som k\u00e4nns som en m\u00e5lpilb\u00e5ge med hastigheter upp till 347 FPS. Vi bygger fortfarande p\u00e5 v\u00e5r patenterade Equalizer [&#8230;]\n","protected":false},"featured_media":250192,"comment_status":"open","ping_status":"closed","template":"","meta":[],"product_brand":[],"product_cat":[878],"product_tag":[],"class_list":{"0":"post-287482","1":"product","2":"type-product","3":"status-publish","4":"has-post-thumbnail","6":"product_cat-uncategorized-sv","7":"product_shipping_class-big-sv","9":"first","10":"outofstock","11":"taxable","12":"shipping-taxable","13":"product-type-simple"},"composite_virtual":false,"composite_layout":"","composite_add_to_cart_form_location":"","composite_editable_in_cart":false,"composite_sold_individually_context":"","composite_shop_price_calc":"","composite_components":[],"composite_scenarios":[],"group_of_quantity":0,"min_quantity":0,"max_quantity":"","exclude_order_quantity_value_rules":"no","exclude_category_quantity_rules":"no","combine_variations":"no","exclude_global_add_ons":[],"addons":[],"_links":{"self":[{"href":"https:\/\/www.huntersfriend.eu\/sv\/wp-json\/wp\/v2\/product\/287482","targetHints":{"allow":["GET"]}}],"collection":[{"href":"https:\/\/www.huntersfriend.eu\/sv\/wp-json\/wp\/v2\/product"}],"about":[{"href":"https:\/\/www.huntersfriend.eu\/sv\/wp-json\/wp\/v2\/types\/product"}],"replies":[{"embeddable":true,"href":"https:\/\/www.huntersfriend.eu\/sv\/wp-json\/wp\/v2\/comments?post=287482"}],"wp:featuredmedia":[{"embeddable":true,"href":"https:\/\/www.huntersfriend.eu\/sv\/wp-json\/wp\/v2\/media\/250192"}],"wp:attachment":[{"href":"https:\/\/www.huntersfriend.eu\/sv\/wp-json\/wp\/v2\/media?parent=287482"}],"wp:term":[{"taxonomy":"product_brand","embeddable":true,"href":"https:\/\/www.huntersfriend.eu\/sv\/wp-json\/wp\/v2\/product_brand?post=287482"},{"taxonomy":"product_cat","embeddable":true,"href":"https:\/\/www.huntersfriend.eu\/sv\/wp-json\/wp\/v2\/product_cat?post=287482"},{"taxonomy":"product_tag","embeddable":true,"href":"https:\/\/www.huntersfriend.eu\/sv\/wp-json\/wp\/v2\/product_tag?post=287482"}],"curies":[{"name":"wp","href":"https:\/\/api.w.org\/{rel}","templated":true}]}}