{"id":287477,"date":"2023-07-11T09:34:32","date_gmt":"2023-07-11T07:34:32","guid":{"rendered":"https:\/\/www.huntersfriend.eu\/product\/scentlok-wind-brace-pro-byxor-mossy-oak\/"},"modified":"2025-08-27T06:23:31","modified_gmt":"2025-08-27T04:23:31","slug":"scentlok-wind-brace-pro-byxor-mossy-oak","status":"publish","type":"product","link":"https:\/\/www.huntersfriend.eu\/sv\/produkt\/scentlok-wind-brace-pro-byxor-mossy-oak\/","title":{"rendered":"Scentlok Wind Brace Pro-byxor \u2013 Mossy Oak"},"content":{"rendered":"<p>Medan m\u00e5nga j\u00e4gare v\u00e4ljer fleeceytterkl\u00e4der f\u00f6r de kallare dagarna p\u00e5 passet, misslyckas de flesta fleece med att h\u00e5lla dig varm n\u00e4r en stadig vind drar in. Det \u00e4r d\u00e4r Wind Brace Pro-byxan st\u00e5r \u00f6ver traditionell fleece-camo. Wind Brace Pro kombinerar en vindt\u00e4t barri\u00e4r och Carbon Alloy\u00ae-teknik mellan tv\u00e5 lager fleece f\u00f6r att ge komfort i kallt v\u00e4der och maximal luktkontroll samtidigt.  <\/p>\n<p><strong>Carbon Alloy\u00ae-teknik<\/strong> f\u00f6r maximal luktabsorption<\/p>\n<p><strong>WindBrake\u00ae vindt\u00e4t design<\/strong> hj\u00e4lper till att skydda dig fr\u00e5n v\u00e4der och vind<\/p>\n<p><strong>80g Thinsulate\u2122-isolering<\/strong> f\u00f6r v\u00e4rme<\/p>\n<p><strong>Fukttransporterande behandlat foder<\/strong> f\u00f6r fukthantering<\/p>\n<p><strong>D\u00f6dligt tyst 166g fleece yttertyg<\/strong><\/p>\n<p><strong>180g fleecefoder<\/strong> ovanf\u00f6r kn\u00e4et f\u00f6r v\u00e4rme<\/p>\n<p><strong>Smidigt polyesterfoder<\/strong> nedanf\u00f6r kn\u00e4et f\u00f6r r\u00f6rlighet<\/p>\n<p><strong>Fyra f\u00f6rvaringsfickor<\/strong> (2 i midjan &amp; 2 p\u00e5 l\u00e5ret)<\/p>\n<p><strong>Funktionell gylfdesign<\/strong> f\u00f6r enkel anv\u00e4ndning n\u00e4r naturen kallar<\/p>\n<p><strong>Elastiskt midjeband<\/strong> f\u00f6r en \u00e5tsittande passform<\/p>\n<p><strong>Artikulerade kn\u00e4n<\/strong> f\u00f6r r\u00f6rlighet<\/p>\n","protected":false},"excerpt":{"rendered":"<p>Medan m\u00e5nga j\u00e4gare v\u00e4ljer fleeceytterkl\u00e4der f\u00f6r de kallare dagarna p\u00e5 passet, misslyckas de flesta fleece med att h\u00e5lla dig varm n\u00e4r en stadig vind drar in. Det \u00e4r d\u00e4r Wind Brace Pro-byxan st\u00e5r \u00f6ver traditionell fleece-camo. Wind Brace Pro kombinerar en vindt\u00e4t barri\u00e4r och Carbon Alloy\u00ae-teknik mellan tv\u00e5 lager fleece f\u00f6r att ge komfort i [&#8230;]\n","protected":false},"featured_media":257198,"comment_status":"open","ping_status":"closed","template":"","meta":[],"product_brand":[],"product_cat":[2779,2765],"product_tag":[],"class_list":{"0":"post-287477","1":"product","2":"type-product","3":"status-publish","4":"has-post-thumbnail","6":"product_cat-byxor","7":"product_cat-fyndlada-slutrea","9":"first","10":"instock","11":"sale","12":"taxable","13":"shipping-taxable","14":"purchasable","15":"product-type-variable"},"composite_virtual":false,"composite_layout":"","composite_add_to_cart_form_location":"","composite_editable_in_cart":false,"composite_sold_individually_context":"","composite_shop_price_calc":"","composite_components":[],"composite_scenarios":[],"group_of_quantity":0,"min_quantity":0,"max_quantity":"","exclude_order_quantity_value_rules":"no","exclude_category_quantity_rules":"no","combine_variations":"no","exclude_global_add_ons":[],"addons":[],"_links":{"self":[{"href":"https:\/\/www.huntersfriend.eu\/sv\/wp-json\/wp\/v2\/product\/287477","targetHints":{"allow":["GET"]}}],"collection":[{"href":"https:\/\/www.huntersfriend.eu\/sv\/wp-json\/wp\/v2\/product"}],"about":[{"href":"https:\/\/www.huntersfriend.eu\/sv\/wp-json\/wp\/v2\/types\/product"}],"replies":[{"embeddable":true,"href":"https:\/\/www.huntersfriend.eu\/sv\/wp-json\/wp\/v2\/comments?post=287477"}],"wp:featuredmedia":[{"embeddable":true,"href":"https:\/\/www.huntersfriend.eu\/sv\/wp-json\/wp\/v2\/media\/257198"}],"wp:attachment":[{"href":"https:\/\/www.huntersfriend.eu\/sv\/wp-json\/wp\/v2\/media?parent=287477"}],"wp:term":[{"taxonomy":"product_brand","embeddable":true,"href":"https:\/\/www.huntersfriend.eu\/sv\/wp-json\/wp\/v2\/product_brand?post=287477"},{"taxonomy":"product_cat","embeddable":true,"href":"https:\/\/www.huntersfriend.eu\/sv\/wp-json\/wp\/v2\/product_cat?post=287477"},{"taxonomy":"product_tag","embeddable":true,"href":"https:\/\/www.huntersfriend.eu\/sv\/wp-json\/wp\/v2\/product_tag?post=287477"}],"curies":[{"name":"wp","href":"https:\/\/api.w.org\/{rel}","templated":true}]}}