{"id":287470,"date":"2023-07-03T13:15:20","date_gmt":"2023-07-03T11:15:20","guid":{"rendered":"https:\/\/www.huntersfriend.eu\/product\/scentlok-be-1-keps-mossy-oak-terra\/"},"modified":"2025-08-27T06:23:28","modified_gmt":"2025-08-27T04:23:28","slug":"scentlok-be-1-keps-mossy-oak-terra","status":"publish","type":"product","link":"https:\/\/www.huntersfriend.eu\/sv\/produkt\/scentlok-be-1-keps-mossy-oak-terra\/","title":{"rendered":"Scentlok BE 1 Keps &#8211; mossy oak Terra"},"content":{"rendered":"<p>En av de st\u00f6rsta bidragsgivarna till m\u00e4nsklig doft \u00e4r omr\u00e5det kring huvud och nacke. Bowhunter Elite:1-kepsen kommer att inneh\u00e5lla och absorbera dessa lukter, vilket hj\u00e4lper dig att bli d\u00f6dligare \u00e4n n\u00e5gonsin tidigare. <\/p>\n<p><strong>Carbon Alloy\u00ae-teknik<\/strong> f\u00f6r maximal luktabsorption och doftkontroll<\/p>\n<p><strong>Fukttransporterande<\/strong> h\u00e5ller dig sval och torr<\/p>\n<p><strong>Premium sl\u00e4t polyesterstickat tyg<\/strong> f\u00f6r ultimat komfort<\/p>\n<p><strong>Formbar sk\u00e4rm<\/strong> ger en anpassad passform<\/p>\n<p><strong>Den bakre justeringen<\/strong> ger en s\u00e4ker passform<\/p>\n","protected":false},"excerpt":{"rendered":"<p>En storlek passar de flesta<\/p>\n","protected":false},"featured_media":250008,"comment_status":"open","ping_status":"closed","template":"","meta":[],"product_brand":[],"product_cat":[878],"product_tag":[],"class_list":{"0":"post-287470","1":"product","2":"type-product","3":"status-publish","4":"has-post-thumbnail","6":"product_cat-uncategorized-sv","8":"first","9":"outofstock","10":"sale","11":"taxable","12":"shipping-taxable","13":"purchasable","14":"product-type-simple"},"composite_virtual":false,"composite_layout":"","composite_add_to_cart_form_location":"","composite_editable_in_cart":false,"composite_sold_individually_context":"","composite_shop_price_calc":"","composite_components":[],"composite_scenarios":[],"group_of_quantity":0,"min_quantity":0,"max_quantity":"","exclude_order_quantity_value_rules":"no","exclude_category_quantity_rules":"no","combine_variations":"no","exclude_global_add_ons":[],"addons":[],"_links":{"self":[{"href":"https:\/\/www.huntersfriend.eu\/sv\/wp-json\/wp\/v2\/product\/287470","targetHints":{"allow":["GET"]}}],"collection":[{"href":"https:\/\/www.huntersfriend.eu\/sv\/wp-json\/wp\/v2\/product"}],"about":[{"href":"https:\/\/www.huntersfriend.eu\/sv\/wp-json\/wp\/v2\/types\/product"}],"replies":[{"embeddable":true,"href":"https:\/\/www.huntersfriend.eu\/sv\/wp-json\/wp\/v2\/comments?post=287470"}],"wp:featuredmedia":[{"embeddable":true,"href":"https:\/\/www.huntersfriend.eu\/sv\/wp-json\/wp\/v2\/media\/250008"}],"wp:attachment":[{"href":"https:\/\/www.huntersfriend.eu\/sv\/wp-json\/wp\/v2\/media?parent=287470"}],"wp:term":[{"taxonomy":"product_brand","embeddable":true,"href":"https:\/\/www.huntersfriend.eu\/sv\/wp-json\/wp\/v2\/product_brand?post=287470"},{"taxonomy":"product_cat","embeddable":true,"href":"https:\/\/www.huntersfriend.eu\/sv\/wp-json\/wp\/v2\/product_cat?post=287470"},{"taxonomy":"product_tag","embeddable":true,"href":"https:\/\/www.huntersfriend.eu\/sv\/wp-json\/wp\/v2\/product_tag?post=287470"}],"curies":[{"name":"wp","href":"https:\/\/api.w.org\/{rel}","templated":true}]}}