{"id":287457,"date":"2023-06-27T11:40:26","date_gmt":"2023-06-27T09:40:26","guid":{"rendered":"https:\/\/www.huntersfriend.eu\/product\/hamskea-raptor-peep-hus\/"},"modified":"2025-12-17T08:21:48","modified_gmt":"2025-12-17T06:21:48","slug":"hamskea-raptor-peep-hus","status":"publish","type":"product","link":"https:\/\/www.huntersfriend.eu\/sv\/produkt\/hamskea-raptor-peep-hus\/","title":{"rendered":"Hamskea raptor peep-hus"},"content":{"rendered":"<p><strong>Dubbla 35\u00ba och 40\u00ba str\u00e4ngsp\u00e5rvinklar<\/strong><br \/>\nDubbla str\u00e4ngsp\u00e5r ger b\u00e5gskyttar m\u00f6jlighet att v\u00e4lja r\u00e4tt str\u00e4ngvinkel f\u00f6r sin specifika upps\u00e4ttning utan att beh\u00f6va k\u00f6pa ett andra peep sight. 35\u00ba och 40\u00ba str\u00e4ngsp\u00e5ren valdes specifikt f\u00f6r att passa de str\u00e4ngvinklar som finns p\u00e5 dagens jaktb\u00e5gar. <\/p>\n<p><strong>Aerospace Anti-Glare Technology<\/strong><br \/>\nPatenterad ljusavsk\u00e4rmning eliminerar bl\u00e4ndning genom att f\u00f6rhindra att ljus utanf\u00f6r axeln n\u00e5r skyttens \u00f6ga. Detta ger en ren och konsekvent synbild i alla ljusf\u00f6rh\u00e5llanden, inklusive n\u00e4r solen st\u00e5r l\u00e5gt och sannolikt p\u00e5verkar din siktlinje. <\/p>\n<p><strong>Egenutvecklad teflonbel\u00e4ggning<\/strong><br \/>\nNy teflonbel\u00e4ggning ger en sl\u00e4t peep-yta som skyddar str\u00e4ngen fr\u00e5n slitage. Mitt under jakts\u00e4songen har du inte tid att byta str\u00e4ng och v\u00e5r teflonbel\u00e4ggning s\u00e4kerst\u00e4ller att slitage p\u00e5 peep inte \u00e4r ett problem. <\/p>\n<p><strong>Konstruktion helt i metall<\/strong><br \/>\nKonstruktionen helt i aluminium i Raptor Peep\u2122 Sight s\u00e4kerst\u00e4ller styrka utan att offra hastighet. Din jakt \u00e4r f\u00f6r viktig f\u00f6r att anf\u00f6rtro ett peep sight i plast som kan g\u00e5 s\u00f6nder eller deformeras. Du kan vara lugn i vetskapen om att ditt peep sight klarar krafterna fr\u00e5n dagens b\u00e5gar.  <\/p>\n<p><strong>Vikt<\/strong><br \/>\nVikterna varierar mellan 16\u201324 grains beroende p\u00e5 storlek.<\/p>\n","protected":false},"excerpt":{"rendered":"<p>1\/8, 3\/16 eller 1\/4&#8243;<\/p>\n","protected":false},"featured_media":231425,"comment_status":"open","ping_status":"closed","template":"","meta":[],"product_brand":[],"product_cat":[2634],"product_tag":[],"class_list":{"0":"post-287457","1":"product","2":"type-product","3":"status-publish","4":"has-post-thumbnail","6":"product_cat-sikten-nockpunkter-kindpussar-och-tillbehor","8":"first","9":"instock","10":"taxable","11":"shipping-taxable","12":"purchasable","13":"product-type-variable"},"composite_virtual":false,"composite_layout":"","composite_add_to_cart_form_location":"","composite_editable_in_cart":false,"composite_sold_individually_context":"","composite_shop_price_calc":"","composite_components":[],"composite_scenarios":[],"group_of_quantity":0,"min_quantity":0,"max_quantity":"","exclude_order_quantity_value_rules":"no","exclude_category_quantity_rules":"no","combine_variations":"no","exclude_global_add_ons":[],"addons":[],"_links":{"self":[{"href":"https:\/\/www.huntersfriend.eu\/sv\/wp-json\/wp\/v2\/product\/287457","targetHints":{"allow":["GET"]}}],"collection":[{"href":"https:\/\/www.huntersfriend.eu\/sv\/wp-json\/wp\/v2\/product"}],"about":[{"href":"https:\/\/www.huntersfriend.eu\/sv\/wp-json\/wp\/v2\/types\/product"}],"replies":[{"embeddable":true,"href":"https:\/\/www.huntersfriend.eu\/sv\/wp-json\/wp\/v2\/comments?post=287457"}],"wp:featuredmedia":[{"embeddable":true,"href":"https:\/\/www.huntersfriend.eu\/sv\/wp-json\/wp\/v2\/media\/231425"}],"wp:attachment":[{"href":"https:\/\/www.huntersfriend.eu\/sv\/wp-json\/wp\/v2\/media?parent=287457"}],"wp:term":[{"taxonomy":"product_brand","embeddable":true,"href":"https:\/\/www.huntersfriend.eu\/sv\/wp-json\/wp\/v2\/product_brand?post=287457"},{"taxonomy":"product_cat","embeddable":true,"href":"https:\/\/www.huntersfriend.eu\/sv\/wp-json\/wp\/v2\/product_cat?post=287457"},{"taxonomy":"product_tag","embeddable":true,"href":"https:\/\/www.huntersfriend.eu\/sv\/wp-json\/wp\/v2\/product_tag?post=287457"}],"curies":[{"name":"wp","href":"https:\/\/api.w.org\/{rel}","templated":true}]}}