{"id":287456,"date":"2023-07-05T08:48:41","date_gmt":"2023-07-05T06:48:41","guid":{"rendered":"https:\/\/www.huntersfriend.eu\/product\/vpa-2-blads-1-1-8-s7-premiumstal-enkel-fas\/"},"modified":"2026-01-21T22:32:51","modified_gmt":"2026-01-21T20:32:51","slug":"vpa-2-blads-1-1-8-s7-premiumstal-enkel-fas","status":"publish","type":"product","link":"https:\/\/www.huntersfriend.eu\/sv\/produkt\/vpa-2-blads-1-1-8-s7-premiumstal-enkel-fas\/","title":{"rendered":"VPA 2-blads 1 1\/8&#8243; S7 premiumst\u00e5l, enkel fas"},"content":{"rendered":"<div class=\"_6s2bg fggS- cell\">\n<h2 class=\"Text3972545870__root Text3972545870---typography-11-runningText Text3972545870---priority-7-primary s8gg2 _149OH InfoSectionTitle3095652555__root\" aria-hidden=\"false\" data-hook=\"info-section-title\">2-blads &#8211; 1 1\/8&#8243; premium enkel fas h\u00f6ger S7<\/h2>\n<div class=\"WncCi\" data-hook=\"info-section-description\">\n<p>V\u00e5ra premium VPA 2-blads jaktspetsar med enkel fas lever verkligen upp till hypen! De \u00e4r CNC-fr\u00e4sta i ett stycke fr\u00e5n premiumverktygsst\u00e5l (PTS) och \u00e4r v\u00e4rmebehandlade upp till 58 Rockwell. Ferrulen st\u00f6der spetsen hela v\u00e4gen till den benklyvande spetsen.  <\/p>\n<p>VPA:s serie av jaktspetsar med enkel fas har idealisk bladtjocklek, omfattande enkelfaser (35 graders bladvinkel) och kan uppn\u00e5 en rakbladsvass egg som \u00e4r perfekt f\u00f6r alla typer av jakt.<\/p>\n<p>Baserat p\u00e5 rekommendationerna fr\u00e5n Ashby Foundation har deras raka, vinklade form en f\u00f6rdel gentemot b\u00f6jda huvuden, samt ger ett enkelt l\u00e5ngsiktigt underh\u00e5ll av produkten med avseende p\u00e5 slipning och bryning.<\/p>\n<p>Dra nytta av den enkla fasen som hj\u00e4lper till med fortsatt r\u00f6relsem\u00e4ngd och penetration.<\/p>\n<p>H\u00f6ger fas.<\/p>\n<p><b>Obs:<\/b> Matcha alltid h\u00f6ger fas med h\u00f6ger spiralformade fanor\/fj\u00e4drar och v\u00e4nster fas med v\u00e4nster spiralformade fanor\/fj\u00e4drar. Jaktspetsarna levereras &#8221;f\u00e4ltv\u00e4ssade&#8221;. Slutlig slipning rekommenderas f\u00f6re jakt.  <\/p>\n<\/div>\n<\/div>\n","protected":false},"excerpt":{"rendered":"<p>200gr enkel fas, kolverktygsst\u00e5l, 3-pack<\/p>\n","protected":false},"featured_media":241202,"comment_status":"open","ping_status":"closed","template":"","meta":[],"product_brand":[],"product_cat":[2647],"product_tag":[],"class_list":{"0":"post-287456","1":"product","2":"type-product","3":"status-publish","4":"has-post-thumbnail","6":"product_cat-broadheads-jakt","8":"first","9":"outofstock","10":"taxable","11":"shipping-taxable","12":"purchasable","13":"product-type-variable"},"composite_virtual":false,"composite_layout":"","composite_add_to_cart_form_location":"","composite_editable_in_cart":false,"composite_sold_individually_context":"","composite_shop_price_calc":"","composite_components":[],"composite_scenarios":[],"group_of_quantity":0,"min_quantity":0,"max_quantity":"","exclude_order_quantity_value_rules":"no","exclude_category_quantity_rules":"no","combine_variations":"no","exclude_global_add_ons":[],"addons":[],"_links":{"self":[{"href":"https:\/\/www.huntersfriend.eu\/sv\/wp-json\/wp\/v2\/product\/287456","targetHints":{"allow":["GET"]}}],"collection":[{"href":"https:\/\/www.huntersfriend.eu\/sv\/wp-json\/wp\/v2\/product"}],"about":[{"href":"https:\/\/www.huntersfriend.eu\/sv\/wp-json\/wp\/v2\/types\/product"}],"replies":[{"embeddable":true,"href":"https:\/\/www.huntersfriend.eu\/sv\/wp-json\/wp\/v2\/comments?post=287456"}],"wp:featuredmedia":[{"embeddable":true,"href":"https:\/\/www.huntersfriend.eu\/sv\/wp-json\/wp\/v2\/media\/241202"}],"wp:attachment":[{"href":"https:\/\/www.huntersfriend.eu\/sv\/wp-json\/wp\/v2\/media?parent=287456"}],"wp:term":[{"taxonomy":"product_brand","embeddable":true,"href":"https:\/\/www.huntersfriend.eu\/sv\/wp-json\/wp\/v2\/product_brand?post=287456"},{"taxonomy":"product_cat","embeddable":true,"href":"https:\/\/www.huntersfriend.eu\/sv\/wp-json\/wp\/v2\/product_cat?post=287456"},{"taxonomy":"product_tag","embeddable":true,"href":"https:\/\/www.huntersfriend.eu\/sv\/wp-json\/wp\/v2\/product_tag?post=287456"}],"curies":[{"name":"wp","href":"https:\/\/api.w.org\/{rel}","templated":true}]}}