{"id":287453,"date":"2023-06-27T09:45:23","date_gmt":"2023-06-27T07:45:23","guid":{"rendered":"https:\/\/www.huntersfriend.eu\/product\/buck-gardner-buck-brush-malalrd-lockbete\/"},"modified":"2025-08-27T06:23:23","modified_gmt":"2025-08-27T04:23:23","slug":"buck-gardner-buck-brush-malalrd-lockbete","status":"publish","type":"product","link":"https:\/\/www.huntersfriend.eu\/sv\/produkt\/buck-gardner-buck-brush-malalrd-lockbete\/","title":{"rendered":"Buck Gardner Buck Brush malalrd-lockbete"},"content":{"rendered":"<p>Buck Gardner tog den bepr\u00f6vade designen fr\u00e5n det legendariska Buck Brush akryl enkelr\u00f6rslocket och konstruerade det i en polykarbonatversion. Buck Brush \u00e4r skarpt, h\u00f6gljutt och har en personlig touch som de flesta locktillverkare reserverar f\u00f6r anpassade akryllockbeten. Den har en kortare pipa f\u00f6r f\u00f6rb\u00e4ttrad luftkontroll och funktion. Varje Buck Brush i polykarbonat har en handslipad tonplatta och \u00e4r f\u00f6rsedd med handtrimmade r\u00f6rblad och \u00e4kta kork f\u00f6r att s\u00e4kerst\u00e4lla prestanda som vida \u00f6verstiger priset.   <\/p>\n","protected":false},"excerpt":{"rendered":"<p>r\u00f6k\/svart<\/p>\n","protected":false},"featured_media":250672,"comment_status":"open","ping_status":"closed","template":"","meta":[],"product_brand":[],"product_cat":[2804],"product_tag":[],"class_list":{"0":"post-287453","1":"product","2":"type-product","3":"status-publish","4":"has-post-thumbnail","6":"product_cat-andlockbeten","8":"first","9":"instock","10":"taxable","11":"shipping-taxable","12":"purchasable","13":"product-type-simple"},"composite_virtual":false,"composite_layout":"","composite_add_to_cart_form_location":"","composite_editable_in_cart":false,"composite_sold_individually_context":"","composite_shop_price_calc":"","composite_components":[],"composite_scenarios":[],"group_of_quantity":0,"min_quantity":0,"max_quantity":"","exclude_order_quantity_value_rules":"no","exclude_category_quantity_rules":"no","combine_variations":"no","exclude_global_add_ons":[],"addons":[],"_links":{"self":[{"href":"https:\/\/www.huntersfriend.eu\/sv\/wp-json\/wp\/v2\/product\/287453","targetHints":{"allow":["GET"]}}],"collection":[{"href":"https:\/\/www.huntersfriend.eu\/sv\/wp-json\/wp\/v2\/product"}],"about":[{"href":"https:\/\/www.huntersfriend.eu\/sv\/wp-json\/wp\/v2\/types\/product"}],"replies":[{"embeddable":true,"href":"https:\/\/www.huntersfriend.eu\/sv\/wp-json\/wp\/v2\/comments?post=287453"}],"wp:featuredmedia":[{"embeddable":true,"href":"https:\/\/www.huntersfriend.eu\/sv\/wp-json\/wp\/v2\/media\/250672"}],"wp:attachment":[{"href":"https:\/\/www.huntersfriend.eu\/sv\/wp-json\/wp\/v2\/media?parent=287453"}],"wp:term":[{"taxonomy":"product_brand","embeddable":true,"href":"https:\/\/www.huntersfriend.eu\/sv\/wp-json\/wp\/v2\/product_brand?post=287453"},{"taxonomy":"product_cat","embeddable":true,"href":"https:\/\/www.huntersfriend.eu\/sv\/wp-json\/wp\/v2\/product_cat?post=287453"},{"taxonomy":"product_tag","embeddable":true,"href":"https:\/\/www.huntersfriend.eu\/sv\/wp-json\/wp\/v2\/product_tag?post=287453"}],"curies":[{"name":"wp","href":"https:\/\/api.w.org\/{rel}","templated":true}]}}