{"id":287452,"date":"2023-07-05T08:38:41","date_gmt":"2023-07-05T06:38:41","guid":{"rendered":"https:\/\/www.huntersfriend.eu\/product\/wasp-skarpskytt\/"},"modified":"2025-08-27T06:23:23","modified_gmt":"2025-08-27T04:23:23","slug":"wasp-skarpskytt","status":"publish","type":"product","link":"https:\/\/www.huntersfriend.eu\/sv\/produkt\/wasp-skarpskytt\/","title":{"rendered":"Wasp skarpskytt"},"content":{"rendered":"<p>Wasp SharpShooter \u00e4r det senaste tillskottet med fast blad till SharpShooter-familjen. Nu kommer de kraftiga 150- och 200-grains bredhuvudena att till\u00e5ta mer FOC, vilket ger en st\u00f6rre sm\u00e4ll till din pil. <\/p>\n<p>SharpShooter 150 och 200 l\u00e4gger till en enkel fas till Wasp-sortimentet. Detta bredhuvud med fast blad ger dig en h\u00f6g FOC med st\u00f6rre penetration. <\/p>\n<p>Skjut med mer kraft med detta SharpShooter Wasp-bredhuvud. N\u00e4r du \u00e4r redo att ta det skott du har v\u00e4ntat p\u00e5, lita p\u00e5 detta bredhuvud som \u00e4r utformat f\u00f6r att ge dig b\u00e4ttre kinetisk energi och tr\u00e4ffa h\u00e5rdare. <\/p>\n","protected":false},"excerpt":{"rendered":"<p>3-pack<\/p>\n","protected":false},"featured_media":224946,"comment_status":"open","ping_status":"closed","template":"","meta":[],"product_brand":[],"product_cat":[2647,2765],"product_tag":[],"class_list":{"0":"post-287452","1":"product","2":"type-product","3":"status-publish","4":"has-post-thumbnail","6":"product_cat-broadheads-jakt","7":"product_cat-fyndlada-slutrea","9":"first","10":"instock","11":"sale","12":"taxable","13":"shipping-taxable","14":"purchasable","15":"product-type-variable"},"composite_virtual":false,"composite_layout":"","composite_add_to_cart_form_location":"","composite_editable_in_cart":false,"composite_sold_individually_context":"","composite_shop_price_calc":"","composite_components":[],"composite_scenarios":[],"group_of_quantity":0,"min_quantity":0,"max_quantity":"","exclude_order_quantity_value_rules":"no","exclude_category_quantity_rules":"no","combine_variations":"no","exclude_global_add_ons":[],"addons":[],"_links":{"self":[{"href":"https:\/\/www.huntersfriend.eu\/sv\/wp-json\/wp\/v2\/product\/287452","targetHints":{"allow":["GET"]}}],"collection":[{"href":"https:\/\/www.huntersfriend.eu\/sv\/wp-json\/wp\/v2\/product"}],"about":[{"href":"https:\/\/www.huntersfriend.eu\/sv\/wp-json\/wp\/v2\/types\/product"}],"replies":[{"embeddable":true,"href":"https:\/\/www.huntersfriend.eu\/sv\/wp-json\/wp\/v2\/comments?post=287452"}],"wp:featuredmedia":[{"embeddable":true,"href":"https:\/\/www.huntersfriend.eu\/sv\/wp-json\/wp\/v2\/media\/224946"}],"wp:attachment":[{"href":"https:\/\/www.huntersfriend.eu\/sv\/wp-json\/wp\/v2\/media?parent=287452"}],"wp:term":[{"taxonomy":"product_brand","embeddable":true,"href":"https:\/\/www.huntersfriend.eu\/sv\/wp-json\/wp\/v2\/product_brand?post=287452"},{"taxonomy":"product_cat","embeddable":true,"href":"https:\/\/www.huntersfriend.eu\/sv\/wp-json\/wp\/v2\/product_cat?post=287452"},{"taxonomy":"product_tag","embeddable":true,"href":"https:\/\/www.huntersfriend.eu\/sv\/wp-json\/wp\/v2\/product_tag?post=287452"}],"curies":[{"name":"wp","href":"https:\/\/api.w.org\/{rel}","templated":true}]}}