{"id":287450,"date":"2023-07-05T08:34:34","date_gmt":"2023-07-05T06:34:34","guid":{"rendered":"https:\/\/www.huntersfriend.eu\/product\/vpa-turkey-spur-125-gr\/"},"modified":"2025-08-27T06:23:21","modified_gmt":"2025-08-27T04:23:21","slug":"vpa-turkey-spur-125-gr","status":"publish","type":"product","link":"https:\/\/www.huntersfriend.eu\/sv\/produkt\/vpa-turkey-spur-125-gr\/","title":{"rendered":"VPA Turkey spur 125 gr"},"content":{"rendered":"<p>En fulltr\u00e4ff f\u00f6r alla f\u00e5glar och sm\u00e5vilt.<\/p>\n<p>VPA Turkey Spur-spetsarna \u00e4r utformade f\u00f6r maximal energi\u00f6verf\u00f6ring och snabba d\u00f6dande av tuffa f\u00e5glar. De bakre &#8221;Spur&#8221;-bladen \u00e4r slipade l\u00e4ngst ut, vilket ger en sk\u00e4rdiameter p\u00e5 1 1\/8 tum. <\/p>\n<p>De fram\u00e5triktade kanterna \u00e4r l\u00e4mnade oslipade. De oslipade kanterna, tillsammans med utrymmet mellan de fr\u00e4mre och bakre bladen, bidrar till den snabba inbromsning som kr\u00e4vs f\u00f6r maximal energi\u00f6verf\u00f6ring. <\/p>\n<p>VPA Turkey Spurs \u00e4r precisionsbearbetade fr\u00e5n ett stycke h\u00f6gh\u00e5llfast verktygsst\u00e5l. Detta, tillsammans med v\u00e5r speciella v\u00e4rmebehandlingsprocess, ger den perfekta balansen mellan sk\u00e4rpebest\u00e4ndighet och styrka. <\/p>\n<p>Svart oxidbel\u00e4ggning \u00f6kar h\u00e5llbarheten och ger korrosionsbest\u00e4ndighet.<\/p>\n<p>V\u00e5r design g\u00f6r det snabbt och enkelt att slipa och omslipa med bara n\u00e5gra drag p\u00e5 en slipsten eller diamantbryne.<\/p>\n","protected":false},"excerpt":{"rendered":"<p>En fulltr\u00e4ff f\u00f6r alla f\u00e5glar och sm\u00e5vilt. VPA Turkey Spur-spetsarna \u00e4r utformade f\u00f6r maximal energi\u00f6verf\u00f6ring och snabba d\u00f6dande av tuffa f\u00e5glar. De bakre &#8221;Spur&#8221;-bladen \u00e4r slipade l\u00e4ngst ut, vilket ger en sk\u00e4rdiameter p\u00e5 1 1\/8 tum. De fram\u00e5triktade kanterna \u00e4r l\u00e4mnade oslipade. De oslipade kanterna, tillsammans med utrymmet mellan de fr\u00e4mre och bakre bladen, bidrar [&#8230;]\n","protected":false},"featured_media":250102,"comment_status":"open","ping_status":"closed","template":"","meta":[],"product_brand":[],"product_cat":[2647,2882],"product_tag":[],"class_list":{"0":"post-287450","1":"product","2":"type-product","3":"status-publish","4":"has-post-thumbnail","6":"product_cat-broadheads-jakt","7":"product_cat-smavilt-jakt","9":"first","10":"instock","11":"taxable","12":"shipping-taxable","13":"purchasable","14":"product-type-simple"},"composite_virtual":false,"composite_layout":"","composite_add_to_cart_form_location":"","composite_editable_in_cart":false,"composite_sold_individually_context":"","composite_shop_price_calc":"","composite_components":[],"composite_scenarios":[],"group_of_quantity":0,"min_quantity":0,"max_quantity":"","exclude_order_quantity_value_rules":"no","exclude_category_quantity_rules":"no","combine_variations":"no","exclude_global_add_ons":[],"addons":[],"_links":{"self":[{"href":"https:\/\/www.huntersfriend.eu\/sv\/wp-json\/wp\/v2\/product\/287450","targetHints":{"allow":["GET"]}}],"collection":[{"href":"https:\/\/www.huntersfriend.eu\/sv\/wp-json\/wp\/v2\/product"}],"about":[{"href":"https:\/\/www.huntersfriend.eu\/sv\/wp-json\/wp\/v2\/types\/product"}],"replies":[{"embeddable":true,"href":"https:\/\/www.huntersfriend.eu\/sv\/wp-json\/wp\/v2\/comments?post=287450"}],"wp:featuredmedia":[{"embeddable":true,"href":"https:\/\/www.huntersfriend.eu\/sv\/wp-json\/wp\/v2\/media\/250102"}],"wp:attachment":[{"href":"https:\/\/www.huntersfriend.eu\/sv\/wp-json\/wp\/v2\/media?parent=287450"}],"wp:term":[{"taxonomy":"product_brand","embeddable":true,"href":"https:\/\/www.huntersfriend.eu\/sv\/wp-json\/wp\/v2\/product_brand?post=287450"},{"taxonomy":"product_cat","embeddable":true,"href":"https:\/\/www.huntersfriend.eu\/sv\/wp-json\/wp\/v2\/product_cat?post=287450"},{"taxonomy":"product_tag","embeddable":true,"href":"https:\/\/www.huntersfriend.eu\/sv\/wp-json\/wp\/v2\/product_tag?post=287450"}],"curies":[{"name":"wp","href":"https:\/\/api.w.org\/{rel}","templated":true}]}}