{"id":287449,"date":"2023-06-27T09:01:46","date_gmt":"2023-06-27T07:01:46","guid":{"rendered":"https:\/\/www.huntersfriend.eu\/product\/buck-gardner-grey-ghost-kanadagas-lockpipa\/"},"modified":"2026-03-09T22:15:42","modified_gmt":"2026-03-09T20:15:42","slug":"buck-gardner-grey-ghost-kanadagas-lockpipa","status":"publish","type":"product","link":"https:\/\/www.huntersfriend.eu\/sv\/produkt\/buck-gardner-grey-ghost-kanadagas-lockpipa\/","title":{"rendered":"Buck Gardner Grey Ghost Kanadag\u00e5s Lockpipa"},"content":{"rendered":"<p>Den h\u00e4r lockpipan \u00e4r byggd p\u00e5 Buck Gardners bepr\u00f6vade Grey Ghost-lockpipa i akryl och har en kortare pipa och insats som \u00e4r avsedd f\u00f6r att producera blixtsnabba dubbelkluckar och en h\u00f6gre tonh\u00f6jd f\u00f6r h\u00f6gljudda, ringande tutar som sticker ut fr\u00e5n m\u00e4ngden.<\/p>\n<p>BG Calls forts\u00e4tter att arbeta h\u00e5rt f\u00f6r att producera de mest kostnadseffektiva och h\u00f6gkvalitativa jaktlockpiporna f\u00f6r alla j\u00e4gare sedan 1996. Med det kommer v\u00e5r livstidsgaranti fr\u00e5n alla tillverkningsfel och gratis omst\u00e4mningsservice under lockpipans hela livsl\u00e4ngd! <\/p>\n<ul>\n<li>N\u00e4stintill of\u00f6rst\u00f6rbar polykarbonat<\/li>\n<li>Kort pipdesign<\/li>\n<li>Patenterade quick-tune\u00ae-in\u00e4lvor eller broken-in-in\u00e4lvor<\/li>\n<li>Livstidsgaranti<\/li>\n<li>Bepr\u00f6vad<\/li>\n<\/ul>\n","protected":false},"excerpt":{"rendered":"<p>Svart<\/p>\n","protected":false},"featured_media":250680,"comment_status":"open","ping_status":"closed","template":"","meta":[],"product_brand":[],"product_cat":[2805],"product_tag":[],"class_list":{"0":"post-287449","1":"product","2":"type-product","3":"status-publish","4":"has-post-thumbnail","6":"product_cat-gaslockpipor","8":"first","9":"instock","10":"taxable","11":"shipping-taxable","12":"purchasable","13":"product-type-simple"},"composite_virtual":false,"composite_layout":"","composite_add_to_cart_form_location":"","composite_editable_in_cart":false,"composite_sold_individually_context":"","composite_shop_price_calc":"","composite_components":[],"composite_scenarios":[],"group_of_quantity":0,"min_quantity":0,"max_quantity":"","exclude_order_quantity_value_rules":"no","exclude_category_quantity_rules":"no","combine_variations":"no","exclude_global_add_ons":[],"addons":[],"_links":{"self":[{"href":"https:\/\/www.huntersfriend.eu\/sv\/wp-json\/wp\/v2\/product\/287449","targetHints":{"allow":["GET"]}}],"collection":[{"href":"https:\/\/www.huntersfriend.eu\/sv\/wp-json\/wp\/v2\/product"}],"about":[{"href":"https:\/\/www.huntersfriend.eu\/sv\/wp-json\/wp\/v2\/types\/product"}],"replies":[{"embeddable":true,"href":"https:\/\/www.huntersfriend.eu\/sv\/wp-json\/wp\/v2\/comments?post=287449"}],"wp:featuredmedia":[{"embeddable":true,"href":"https:\/\/www.huntersfriend.eu\/sv\/wp-json\/wp\/v2\/media\/250680"}],"wp:attachment":[{"href":"https:\/\/www.huntersfriend.eu\/sv\/wp-json\/wp\/v2\/media?parent=287449"}],"wp:term":[{"taxonomy":"product_brand","embeddable":true,"href":"https:\/\/www.huntersfriend.eu\/sv\/wp-json\/wp\/v2\/product_brand?post=287449"},{"taxonomy":"product_cat","embeddable":true,"href":"https:\/\/www.huntersfriend.eu\/sv\/wp-json\/wp\/v2\/product_cat?post=287449"},{"taxonomy":"product_tag","embeddable":true,"href":"https:\/\/www.huntersfriend.eu\/sv\/wp-json\/wp\/v2\/product_tag?post=287449"}],"curies":[{"name":"wp","href":"https:\/\/api.w.org\/{rel}","templated":true}]}}