{"id":287448,"date":"2023-06-27T07:49:31","date_gmt":"2023-06-27T05:49:31","guid":{"rendered":"https:\/\/www.huntersfriend.eu\/product\/sportplast-skarvattrapp\/"},"modified":"2025-08-27T06:23:18","modified_gmt":"2025-08-27T04:23:18","slug":"sportplast-skarvattrapp","status":"publish","type":"product","link":"https:\/\/www.huntersfriend.eu\/sv\/produkt\/sportplast-skarvattrapp\/","title":{"rendered":"SportPlast skarvattrapp"},"content":{"rendered":"<p>Reproduktion av en naturtrogen skarv i naturlig storlek i en av tre olika positioner. Tillverkad av termoplastiskt material.<br \/>\n H\u00f6gh\u00e5llfast f\u00e4rg och vidh\u00e4ftning. <\/p>\n<p>1 attrapp per f\u00f6rpackning<\/p>\n","protected":false},"excerpt":{"rendered":"<p>Reproduktion av en naturtrogen skarv i naturlig storlek i en av tre olika positioner. Tillverkad av termoplastiskt material. H\u00f6gh\u00e5llfast f\u00e4rg och vidh\u00e4ftning. 1 attrapp per f\u00f6rpackning<\/p>\n","protected":false},"featured_media":249653,"comment_status":"open","ping_status":"closed","template":"","meta":[],"product_brand":[],"product_cat":[878],"product_tag":[],"class_list":{"0":"post-287448","1":"product","2":"type-product","3":"status-publish","4":"has-post-thumbnail","6":"product_cat-uncategorized-sv","7":"product_shipping_class-big-sv","9":"first","10":"instock","11":"taxable","12":"shipping-taxable","13":"product-type-simple"},"composite_virtual":false,"composite_layout":"","composite_add_to_cart_form_location":"","composite_editable_in_cart":false,"composite_sold_individually_context":"","composite_shop_price_calc":"","composite_components":[],"composite_scenarios":[],"group_of_quantity":0,"min_quantity":0,"max_quantity":"","exclude_order_quantity_value_rules":"no","exclude_category_quantity_rules":"no","combine_variations":"no","exclude_global_add_ons":[],"addons":[],"_links":{"self":[{"href":"https:\/\/www.huntersfriend.eu\/sv\/wp-json\/wp\/v2\/product\/287448","targetHints":{"allow":["GET"]}}],"collection":[{"href":"https:\/\/www.huntersfriend.eu\/sv\/wp-json\/wp\/v2\/product"}],"about":[{"href":"https:\/\/www.huntersfriend.eu\/sv\/wp-json\/wp\/v2\/types\/product"}],"replies":[{"embeddable":true,"href":"https:\/\/www.huntersfriend.eu\/sv\/wp-json\/wp\/v2\/comments?post=287448"}],"wp:featuredmedia":[{"embeddable":true,"href":"https:\/\/www.huntersfriend.eu\/sv\/wp-json\/wp\/v2\/media\/249653"}],"wp:attachment":[{"href":"https:\/\/www.huntersfriend.eu\/sv\/wp-json\/wp\/v2\/media?parent=287448"}],"wp:term":[{"taxonomy":"product_brand","embeddable":true,"href":"https:\/\/www.huntersfriend.eu\/sv\/wp-json\/wp\/v2\/product_brand?post=287448"},{"taxonomy":"product_cat","embeddable":true,"href":"https:\/\/www.huntersfriend.eu\/sv\/wp-json\/wp\/v2\/product_cat?post=287448"},{"taxonomy":"product_tag","embeddable":true,"href":"https:\/\/www.huntersfriend.eu\/sv\/wp-json\/wp\/v2\/product_tag?post=287448"}],"curies":[{"name":"wp","href":"https:\/\/api.w.org\/{rel}","templated":true}]}}