{"id":287441,"date":"2023-06-07T11:37:52","date_gmt":"2023-06-07T09:37:52","guid":{"rendered":"https:\/\/www.huntersfriend.eu\/product\/meat-seeker-rpg-skaft\/"},"modified":"2025-11-19T22:01:37","modified_gmt":"2025-11-19T20:01:37","slug":"meat-seeker-rpg-skaft","status":"publish","type":"product","link":"https:\/\/www.huntersfriend.eu\/sv\/produkt\/meat-seeker-rpg-skaft\/","title":{"rendered":"Meat Seeker RPG-skaft"},"content":{"rendered":"<div>Om du vill att pilarna ska kapas till en viss AMO-l\u00e4ngd och\/eller att insatserna ska installeras, v\u00e4nligen ange detta i kassan s\u00e5 ordnar vi det utan extra kostnad.<\/div>\n<div><\/div>\n<div>Produktfamiljen Meat Seeker har f\u00e5tt en ny pil p\u00e5 ing\u00e5ngsniv\u00e5, RPG, som trots sitt l\u00e5ga pris \u00e4r en fullblodig jaktpil och l\u00e4mplig f\u00f6r alla typer av vilt!<\/div>\n<div><\/div>\n<div>.006 rakhet<\/div>\n<div>6,2 mm (.244&#8243;) ID<\/div>\n<div>Mycket konsekventa pilar<\/div>\n<div>GPI per spin<\/div>\n<div>300 till 9,1 GPI<\/div>\n<div>350 till 8,3 GPI<\/div>\n<div>400 till 7,5 GPI<\/div>\n<div>500 till 6,7 GPI<\/div>\n<div>Tillverkad av h\u00f6gkvalitativ kolfiber<\/div>\n<div>Inkluderar S-storlek p\u00e5 nock<\/div>\n<div>Inneh\u00e5ller h\u00f6gkvalitativa Meat Seeker-insatser<\/div>\n","protected":false},"excerpt":{"rendered":"<p>Om du vill att pilarna ska kapas till en viss AMO-l\u00e4ngd och\/eller att insatserna ska installeras, v\u00e4nligen ange detta i kassan s\u00e5 ordnar vi det utan extra kostnad. Produktfamiljen Meat Seeker har f\u00e5tt en ny pil p\u00e5 ing\u00e5ngsniv\u00e5, RPG, som trots sitt l\u00e5ga pris \u00e4r en fullblodig jaktpil och l\u00e4mplig f\u00f6r alla typer av vilt! [&#8230;]\n","protected":false},"featured_media":248764,"comment_status":"open","ping_status":"closed","template":"","meta":[],"product_brand":[],"product_cat":[2550,2911],"product_tag":[],"class_list":{"0":"post-287441","1":"product","2":"type-product","3":"status-publish","4":"has-post-thumbnail","6":"product_cat-koljaktskaft","7":"product_cat-skaft","9":"first","10":"instock","11":"taxable","12":"shipping-taxable","13":"purchasable","14":"product-type-variable"},"composite_virtual":false,"composite_layout":"","composite_add_to_cart_form_location":"","composite_editable_in_cart":false,"composite_sold_individually_context":"","composite_shop_price_calc":"","composite_components":[],"composite_scenarios":[],"group_of_quantity":0,"min_quantity":0,"max_quantity":"","exclude_order_quantity_value_rules":"no","exclude_category_quantity_rules":"no","combine_variations":"no","exclude_global_add_ons":false,"addons":[{"name":"Klipp till l\u00e4ngd","type":"multiple_choice","position":0,"required":true,"title_format":"label","default":"","description_enable":false,"description":null,"placeholder_enable":false,"placeholder":null,"display":"select","restrictions_type":"any_text","adjust_price":false,"price":"","price_type":"flat_fee","restrictions":false,"min":"0","max":"0","options":[{"label":"Klipp inte","price":"","price_type":"flat_fee","image":0,"visibility":true},{"label":"V\u00e4nligen klipp \u2013 l\u00e4gg till \u00f6nskad l\u00e4ngd i infof\u00e4ltet vid utcheckningen","price":"","price_type":"flat_fee","image":0,"visibility":true}]},{"name":"Insatser","type":"multiple_choice","position":1,"required":true,"title_format":"label","default":"","description_enable":false,"description":null,"placeholder_enable":false,"placeholder":null,"display":"select","restrictions_type":"any_text","adjust_price":false,"price":"","price_type":"flat_fee","restrictions":false,"min":"0","max":"0","options":[{"label":"Installera insatser (detta \u00e4r permanent!)","price":"","price_type":"flat_fee","image":0,"visibility":true},{"label":"Installera inte insatser (inkludera l\u00f6sa)","price":"","price_type":"flat_fee","image":0,"visibility":true}]}],"_links":{"self":[{"href":"https:\/\/www.huntersfriend.eu\/sv\/wp-json\/wp\/v2\/product\/287441","targetHints":{"allow":["GET"]}}],"collection":[{"href":"https:\/\/www.huntersfriend.eu\/sv\/wp-json\/wp\/v2\/product"}],"about":[{"href":"https:\/\/www.huntersfriend.eu\/sv\/wp-json\/wp\/v2\/types\/product"}],"replies":[{"embeddable":true,"href":"https:\/\/www.huntersfriend.eu\/sv\/wp-json\/wp\/v2\/comments?post=287441"}],"wp:featuredmedia":[{"embeddable":true,"href":"https:\/\/www.huntersfriend.eu\/sv\/wp-json\/wp\/v2\/media\/248764"}],"wp:attachment":[{"href":"https:\/\/www.huntersfriend.eu\/sv\/wp-json\/wp\/v2\/media?parent=287441"}],"wp:term":[{"taxonomy":"product_brand","embeddable":true,"href":"https:\/\/www.huntersfriend.eu\/sv\/wp-json\/wp\/v2\/product_brand?post=287441"},{"taxonomy":"product_cat","embeddable":true,"href":"https:\/\/www.huntersfriend.eu\/sv\/wp-json\/wp\/v2\/product_cat?post=287441"},{"taxonomy":"product_tag","embeddable":true,"href":"https:\/\/www.huntersfriend.eu\/sv\/wp-json\/wp\/v2\/product_tag?post=287441"}],"curies":[{"name":"wp","href":"https:\/\/api.w.org\/{rel}","templated":true}]}}