{"id":287440,"date":"2023-06-27T08:57:56","date_gmt":"2023-06-27T06:57:56","guid":{"rendered":"https:\/\/www.huntersfriend.eu\/product\/hamskea-trinity-target-pro\/"},"modified":"2025-08-27T06:23:16","modified_gmt":"2025-08-27T04:23:16","slug":"hamskea-trinity-target-pro","status":"publish","type":"product","link":"https:\/\/www.huntersfriend.eu\/sv\/produkt\/hamskea-trinity-target-pro\/","title":{"rendered":"Hamskea Trinity Target pro"},"content":{"rendered":"<p>Trinity Target Pro Micro-tune pilb\u00e5gsst\u00f6det presterar helt enkelt b\u00e4ttre \u00e4n alla andra tillsammans! Dess ursprung kan hittas i v\u00e4rldsrekordet Hamskea VersaRest och l\u00e4tta designelement fr\u00e5n Hamskea Hybrid Series pilb\u00e5gsst\u00f6d. Med en extremt smidig och stabil grund av tre rostfria st\u00e5llager som st\u00f6der den roterande b\u00e4rarst\u00e5ngen, har v\u00e5r Zero Tolerance Technology tagits till n\u00e4sta niv\u00e5.  <\/p>\n<p>Trinity Target Pro har ocks\u00e5 den otroligt framg\u00e5ngsrika Zero Stop Technology f\u00f6r upp- och nedpositionerna av avfyrningsarmen, vilket ger en absolut repeterbar avfyrningsarmsposition f\u00f6r maximal noggrannhet. Den patenterade limbuffrande in-line d\u00e4mpningsspolen \u00e4r ocks\u00e5 grunden f\u00f6r denna branschledande ultrastabila pilavfyrningsplattform. <\/p>\n<p>Trinity Target Pro levereras med v\u00e5r nya G-FleX breda m\u00e5lavfyrningsarm som eliminerar behovet av en st\u00f6dplatta eftersom kompositmaterialet och den patents\u00f6kta avsmalnande designen kombineras f\u00f6r minskad vibration, studs tillbaka och utmattningslivsl\u00e4ngdsfel.<\/p>\n<p>Trinity Target Pro g\u00f6r installationen enkel och snabb med introduktionen av EasyGlide-sladdjusteringen och -sp\u00e4nnaren. Sl\u00e4pp bara loss den s\u00e4krande o-ringen och skjut plattan till \u00f6nskad position f\u00f6r sladdsp\u00e4nning och s\u00e4tt tillbaka o-ringen. S\u00e5 enkelt \u00e4r det. Borta \u00e4r dagarna d\u00e5 man fumlar runt med sm\u00e5 f\u00e4stelement och &#8217;fotbollar&#8217;.   <\/p>\n<p>Justering \u00e4r avg\u00f6rande f\u00f6r alla m\u00e5lskyttar, Trinity Target Pro m\u00f6jligg\u00f6r ultimat justerbarhet och levereras som standard med mikrojusteringsfunktioner f\u00f6r vind\/h\u00f6jd. Den texturerade fj\u00e4derratten ger flera justeringsl\u00e4gen f\u00f6r att \u00e4ndra rotationssp\u00e4nningen p\u00e5 avfyrningsarmsaxeln. Tillsammans med den 8-sidiga, halkfria kompressionskl\u00e4mdesignen f\u00f6r spakarmen och anti-studs tillbaka d\u00e4mpningsspolen, har du allt du beh\u00f6ver f\u00f6r att maximera din noggrannhet.  <\/p>\n","protected":false},"excerpt":{"rendered":"<p>Trinity Target Pro Micro-tune pilb\u00e5gsst\u00f6det presterar helt enkelt b\u00e4ttre \u00e4n alla andra tillsammans! Dess ursprung kan hittas i v\u00e4rldsrekordet Hamskea VersaRest och l\u00e4tta designelement fr\u00e5n Hamskea Hybrid Series pilb\u00e5gsst\u00f6d. Med en extremt smidig och stabil grund av tre rostfria st\u00e5llager som st\u00f6der den roterande b\u00e4rarst\u00e5ngen, har v\u00e5r Zero Tolerance Technology tagits till n\u00e4sta niv\u00e5. Trinity [&#8230;]\n","protected":false},"featured_media":245269,"comment_status":"open","ping_status":"closed","template":"","meta":[],"product_brand":[],"product_cat":[2912],"product_tag":[],"class_list":{"0":"post-287440","1":"product","2":"type-product","3":"status-publish","4":"has-post-thumbnail","6":"product_cat-bladstod-for-compoundbagar","8":"first","9":"instock","10":"taxable","11":"shipping-taxable","12":"purchasable","13":"product-type-variable"},"composite_virtual":false,"composite_layout":"","composite_add_to_cart_form_location":"","composite_editable_in_cart":false,"composite_sold_individually_context":"","composite_shop_price_calc":"","composite_components":[],"composite_scenarios":[],"group_of_quantity":0,"min_quantity":0,"max_quantity":"","exclude_order_quantity_value_rules":"no","exclude_category_quantity_rules":"no","combine_variations":"no","exclude_global_add_ons":[],"addons":[],"_links":{"self":[{"href":"https:\/\/www.huntersfriend.eu\/sv\/wp-json\/wp\/v2\/product\/287440","targetHints":{"allow":["GET"]}}],"collection":[{"href":"https:\/\/www.huntersfriend.eu\/sv\/wp-json\/wp\/v2\/product"}],"about":[{"href":"https:\/\/www.huntersfriend.eu\/sv\/wp-json\/wp\/v2\/types\/product"}],"replies":[{"embeddable":true,"href":"https:\/\/www.huntersfriend.eu\/sv\/wp-json\/wp\/v2\/comments?post=287440"}],"wp:featuredmedia":[{"embeddable":true,"href":"https:\/\/www.huntersfriend.eu\/sv\/wp-json\/wp\/v2\/media\/245269"}],"wp:attachment":[{"href":"https:\/\/www.huntersfriend.eu\/sv\/wp-json\/wp\/v2\/media?parent=287440"}],"wp:term":[{"taxonomy":"product_brand","embeddable":true,"href":"https:\/\/www.huntersfriend.eu\/sv\/wp-json\/wp\/v2\/product_brand?post=287440"},{"taxonomy":"product_cat","embeddable":true,"href":"https:\/\/www.huntersfriend.eu\/sv\/wp-json\/wp\/v2\/product_cat?post=287440"},{"taxonomy":"product_tag","embeddable":true,"href":"https:\/\/www.huntersfriend.eu\/sv\/wp-json\/wp\/v2\/product_tag?post=287440"}],"curies":[{"name":"wp","href":"https:\/\/api.w.org\/{rel}","templated":true}]}}