{"id":287435,"date":"2023-06-07T11:24:30","date_gmt":"2023-06-07T09:24:30","guid":{"rendered":"https:\/\/www.huntersfriend.eu\/product\/nap-spitfire\/"},"modified":"2026-01-06T10:12:21","modified_gmt":"2026-01-06T08:12:21","slug":"nap-spitfire","status":"publish","type":"product","link":"https:\/\/www.huntersfriend.eu\/sv\/produkt\/nap-spitfire\/","title":{"rendered":"NAP Spitfire"},"content":{"rendered":"<p>Spitfire \u00e4r utan tvekan det mest betrodda namnet inom mekaniska jaktspetsar. Spitfires rykte \u00e4r v\u00e4lf\u00f6rtj\u00e4nt. Spitfire flyger rakt med exakt precision och presterar b\u00e4ttre \u00e4n andra mekaniska jaktspetsar. Tack vare de skarpaste &#8217;Diamize&#8217;-bladen p\u00e5 marknaden klarar Spitfire de tuffaste f\u00f6rh\u00e5llandena och kan l\u00e4mna de mest f\u00f6r\u00f6dande s\u00e5ren. NAP Spitfire har den patenterade smala hylsan, en design exklusiv f\u00f6r NAP. NAPs sn\u00e4ppl\u00e5s-system h\u00e5ller bladen st\u00e4ngda under flygning, \u00e4ven fr\u00e5n dagens snabbaste b\u00e5gar utan gummiband eller O-ringar. Tr\u00e4ningsblad finns tillg\u00e4ngliga f\u00f6r Spitfire f\u00f6r att s\u00e4kerst\u00e4lla att dina vassa blad \u00e4r redo f\u00f6r f\u00e4ltet n\u00e4r det \u00e4r dags, och den massiva sk\u00e4rdiametern p\u00e5 1-1\/2 tum g\u00f6r jobbet.      <\/p>\n","protected":false},"excerpt":{"rendered":"<p>Spitfire \u00e4r utan tvekan det mest betrodda namnet inom mekaniska jaktspetsar. Spitfires rykte \u00e4r v\u00e4lf\u00f6rtj\u00e4nt. Spitfire flyger rakt med exakt precision och presterar b\u00e4ttre \u00e4n andra mekaniska jaktspetsar. Tack vare de skarpaste &#8217;Diamize&#8217;-bladen p\u00e5 marknaden klarar Spitfire de tuffaste f\u00f6rh\u00e5llandena och kan l\u00e4mna de mest f\u00f6r\u00f6dande s\u00e5ren. NAP Spitfire har den patenterade smala hylsan, en [&#8230;]\n","protected":false},"featured_media":208434,"comment_status":"open","ping_status":"closed","template":"","meta":[],"product_brand":[],"product_cat":[2647,2765],"product_tag":[],"class_list":{"0":"post-287435","1":"product","2":"type-product","3":"status-publish","4":"has-post-thumbnail","6":"product_cat-broadheads-jakt","7":"product_cat-fyndlada-slutrea","9":"first","10":"instock","11":"sale","12":"taxable","13":"shipping-taxable","14":"purchasable","15":"product-type-variable"},"composite_virtual":false,"composite_layout":"","composite_add_to_cart_form_location":"","composite_editable_in_cart":false,"composite_sold_individually_context":"","composite_shop_price_calc":"","composite_components":[],"composite_scenarios":[],"group_of_quantity":0,"min_quantity":0,"max_quantity":"","exclude_order_quantity_value_rules":"no","exclude_category_quantity_rules":"no","combine_variations":"no","exclude_global_add_ons":[],"addons":[],"_links":{"self":[{"href":"https:\/\/www.huntersfriend.eu\/sv\/wp-json\/wp\/v2\/product\/287435","targetHints":{"allow":["GET"]}}],"collection":[{"href":"https:\/\/www.huntersfriend.eu\/sv\/wp-json\/wp\/v2\/product"}],"about":[{"href":"https:\/\/www.huntersfriend.eu\/sv\/wp-json\/wp\/v2\/types\/product"}],"replies":[{"embeddable":true,"href":"https:\/\/www.huntersfriend.eu\/sv\/wp-json\/wp\/v2\/comments?post=287435"}],"wp:featuredmedia":[{"embeddable":true,"href":"https:\/\/www.huntersfriend.eu\/sv\/wp-json\/wp\/v2\/media\/208434"}],"wp:attachment":[{"href":"https:\/\/www.huntersfriend.eu\/sv\/wp-json\/wp\/v2\/media?parent=287435"}],"wp:term":[{"taxonomy":"product_brand","embeddable":true,"href":"https:\/\/www.huntersfriend.eu\/sv\/wp-json\/wp\/v2\/product_brand?post=287435"},{"taxonomy":"product_cat","embeddable":true,"href":"https:\/\/www.huntersfriend.eu\/sv\/wp-json\/wp\/v2\/product_cat?post=287435"},{"taxonomy":"product_tag","embeddable":true,"href":"https:\/\/www.huntersfriend.eu\/sv\/wp-json\/wp\/v2\/product_tag?post=287435"}],"curies":[{"name":"wp","href":"https:\/\/api.w.org\/{rel}","templated":true}]}}