{"id":287434,"date":"2023-06-27T08:36:54","date_gmt":"2023-06-27T06:36:54","guid":{"rendered":"https:\/\/www.huntersfriend.eu\/product\/snabb-utbyteslina-for-bagfiske\/"},"modified":"2026-04-23T12:22:00","modified_gmt":"2026-04-23T10:22:00","slug":"snabb-utbyteslina-for-bagfiske","status":"publish","type":"product","link":"https:\/\/www.huntersfriend.eu\/sv\/produkt\/snabb-utbyteslina-for-bagfiske\/","title":{"rendered":"Snabb utbyteslina f\u00f6r b\u00e5gfiske"},"content":{"rendered":"<div class=\"elementor-element elementor-element-6a0c8182 elementor-widget elementor-widget-woocommerce-product-title elementor-page-title elementor-widget-heading\" data-id=\"6a0c8182\" data-element_type=\"widget\" data-widget_type=\"woocommerce-product-title.default\">\n<div class=\"elementor-widget-container\">\n<h1 class=\"product_title entry-title elementor-heading-title elementor-size-default\">Utbyteslina f\u00f6r retriever f\u00f6r b\u00e5gfiske\/b\u00e4verjakt<\/h1>\n<\/div>\n<\/div>\n<div class=\"elementor-element elementor-element-5e689af0 elementor-widget elementor-widget-woocommerce-product-short-description\" data-id=\"5e689af0\" data-element_type=\"widget\" data-widget_type=\"woocommerce-product-short-description.default\">\n<div class=\"elementor-widget-container\">\n<div class=\"woocommerce-product-details__short-description\">\n<ul>\n<li>H\u00f6g styrka och h\u00e5llbarhet<\/li>\n<li>100 % fl\u00e4tad dyneema<\/li>\n<li>200 \u2013 .036 diameter 100 ft spolar<\/li>\n<li>400 \u2013 .056 diameter 100 ft spolar<\/li>\n<\/ul>\n<\/div>\n<\/div>\n<\/div>\n","protected":false},"excerpt":{"rendered":"<p>Utbyteslina f\u00f6r retriever f\u00f6r b\u00e5gfiske\/b\u00e4verjakt H\u00f6g styrka och h\u00e5llbarhet 100 % fl\u00e4tad dyneema 200 \u2013 .036 diameter 100 ft spolar 400 \u2013 .056 diameter 100 ft spolar<\/p>\n","protected":false},"featured_media":249672,"comment_status":"open","ping_status":"closed","template":"","meta":[],"product_brand":[],"product_cat":[2691,2910],"product_tag":[],"class_list":{"0":"post-287434","1":"product","2":"type-product","3":"status-publish","4":"has-post-thumbnail","6":"product_cat-bagfiske-retrievers","7":"product_cat-delar-bagfiske","9":"first","10":"outofstock","11":"taxable","12":"shipping-taxable","13":"purchasable","14":"product-type-variable"},"composite_virtual":false,"composite_layout":"","composite_add_to_cart_form_location":"","composite_editable_in_cart":false,"composite_sold_individually_context":"","composite_shop_price_calc":"","composite_components":[],"composite_scenarios":[],"group_of_quantity":0,"min_quantity":0,"max_quantity":"","exclude_order_quantity_value_rules":"no","exclude_category_quantity_rules":"no","combine_variations":"no","exclude_global_add_ons":[],"addons":[],"_links":{"self":[{"href":"https:\/\/www.huntersfriend.eu\/sv\/wp-json\/wp\/v2\/product\/287434","targetHints":{"allow":["GET"]}}],"collection":[{"href":"https:\/\/www.huntersfriend.eu\/sv\/wp-json\/wp\/v2\/product"}],"about":[{"href":"https:\/\/www.huntersfriend.eu\/sv\/wp-json\/wp\/v2\/types\/product"}],"replies":[{"embeddable":true,"href":"https:\/\/www.huntersfriend.eu\/sv\/wp-json\/wp\/v2\/comments?post=287434"}],"wp:featuredmedia":[{"embeddable":true,"href":"https:\/\/www.huntersfriend.eu\/sv\/wp-json\/wp\/v2\/media\/249672"}],"wp:attachment":[{"href":"https:\/\/www.huntersfriend.eu\/sv\/wp-json\/wp\/v2\/media?parent=287434"}],"wp:term":[{"taxonomy":"product_brand","embeddable":true,"href":"https:\/\/www.huntersfriend.eu\/sv\/wp-json\/wp\/v2\/product_brand?post=287434"},{"taxonomy":"product_cat","embeddable":true,"href":"https:\/\/www.huntersfriend.eu\/sv\/wp-json\/wp\/v2\/product_cat?post=287434"},{"taxonomy":"product_tag","embeddable":true,"href":"https:\/\/www.huntersfriend.eu\/sv\/wp-json\/wp\/v2\/product_tag?post=287434"}],"curies":[{"name":"wp","href":"https:\/\/api.w.org\/{rel}","templated":true}]}}