{"id":287433,"date":"2023-06-27T08:08:26","date_gmt":"2023-06-27T06:08:26","guid":{"rendered":"https:\/\/www.huntersfriend.eu\/product\/srt-3d-gravling\/"},"modified":"2025-08-27T06:23:12","modified_gmt":"2025-08-27T04:23:12","slug":"srt-3d-gravling","status":"publish","type":"product","link":"https:\/\/www.huntersfriend.eu\/sv\/produkt\/srt-3d-gravling\/","title":{"rendered":"SRT 3D-gr\u00e4vling"},"content":{"rendered":"<div class=\"product-detail-dimensions\"><span class=\"product-detail-dimensions-desc\">M\u00e5ldelar: <\/span><span class=\"product-detail-dimensions-value\">1<\/span><br \/>\n<span class=\"product-detail-dimensions-desc\">Antal ringar: <\/span><span class=\"product-detail-dimensions-value\">2<\/span><br \/>\n<span class=\"product-detail-dimensions-desc\">L\u00e4ngd: <\/span><span class=\"product-detail-dimensions-value\">80 cm<\/span><br \/>\n<span class=\"product-detail-dimensions-desc\">H\u00f6jd: <\/span><span class=\"product-detail-dimensions-value\">40 cm<\/span><\/div>\n<div id=\"gruppi\"><span class=\"product-detail-dimensions-desc\">Grupp: <\/span><span class=\"taxonomy\"><span class=\"taxonomy-elm\">grupp 3<\/span><\/span><\/div>\n","protected":false},"excerpt":{"rendered":"<p>M\u00e5ldelar: 1 Antal ringar: 2 L\u00e4ngd: 80 cm H\u00f6jd: 40 cm Grupp: grupp 3<\/p>\n","protected":false},"featured_media":249691,"comment_status":"open","ping_status":"closed","template":"","meta":[],"product_brand":[],"product_cat":[2907,2906],"product_tag":[],"class_list":{"0":"post-287433","1":"product","2":"type-product","3":"status-publish","4":"has-post-thumbnail","6":"product_cat-liten-3d","7":"product_cat-medium-3d-sv","8":"product_shipping_class-big-sv","10":"first","11":"outofstock","12":"taxable","13":"shipping-taxable","14":"purchasable","15":"product-type-simple"},"composite_virtual":false,"composite_layout":"","composite_add_to_cart_form_location":"","composite_editable_in_cart":false,"composite_sold_individually_context":"","composite_shop_price_calc":"","composite_components":[],"composite_scenarios":[],"group_of_quantity":0,"min_quantity":0,"max_quantity":"","exclude_order_quantity_value_rules":"no","exclude_category_quantity_rules":"no","combine_variations":"no","exclude_global_add_ons":[],"addons":[],"_links":{"self":[{"href":"https:\/\/www.huntersfriend.eu\/sv\/wp-json\/wp\/v2\/product\/287433","targetHints":{"allow":["GET"]}}],"collection":[{"href":"https:\/\/www.huntersfriend.eu\/sv\/wp-json\/wp\/v2\/product"}],"about":[{"href":"https:\/\/www.huntersfriend.eu\/sv\/wp-json\/wp\/v2\/types\/product"}],"replies":[{"embeddable":true,"href":"https:\/\/www.huntersfriend.eu\/sv\/wp-json\/wp\/v2\/comments?post=287433"}],"wp:featuredmedia":[{"embeddable":true,"href":"https:\/\/www.huntersfriend.eu\/sv\/wp-json\/wp\/v2\/media\/249691"}],"wp:attachment":[{"href":"https:\/\/www.huntersfriend.eu\/sv\/wp-json\/wp\/v2\/media?parent=287433"}],"wp:term":[{"taxonomy":"product_brand","embeddable":true,"href":"https:\/\/www.huntersfriend.eu\/sv\/wp-json\/wp\/v2\/product_brand?post=287433"},{"taxonomy":"product_cat","embeddable":true,"href":"https:\/\/www.huntersfriend.eu\/sv\/wp-json\/wp\/v2\/product_cat?post=287433"},{"taxonomy":"product_tag","embeddable":true,"href":"https:\/\/www.huntersfriend.eu\/sv\/wp-json\/wp\/v2\/product_tag?post=287433"}],"curies":[{"name":"wp","href":"https:\/\/api.w.org\/{rel}","templated":true}]}}