{"id":287426,"date":"2023-06-06T10:51:01","date_gmt":"2023-06-06T08:51:01","guid":{"rendered":"https:\/\/www.huntersfriend.eu\/product\/eberlestock-skydd-for-repetergevarskolv\/"},"modified":"2025-10-15T11:33:40","modified_gmt":"2025-10-15T09:33:40","slug":"eberlestock-skydd-for-repetergevarskolv","status":"publish","type":"product","link":"https:\/\/www.huntersfriend.eu\/sv\/produkt\/eberlestock-skydd-for-repetergevarskolv\/","title":{"rendered":"Eberlestock skydd f\u00f6r repetergev\u00e4rskolv"},"content":{"rendered":"<p>Skyddet f\u00f6r repetergev\u00e4rskolv kan sp\u00e4nnas fast p\u00e5 de flesta Eberlestock-ryggs\u00e4ckar som har ett inbyggt h\u00f6lster, eller det modul\u00e4ra repetergev\u00e4rsh\u00f6lstret, f\u00f6r att s\u00e4kerst\u00e4lla att det sitter s\u00e4kert p\u00e5 plats och helt omsluter ditt gev\u00e4r.<\/p>\n<p>F\u00f6r ryggs\u00e4ckar som inte har kompatibla sp\u00e4nnen har skyddet f\u00f6r repetergev\u00e4rskolv \u00e4ven en utf\u00e4llbar sl\u00f6ja som kan stoppas in i sj\u00e4lva h\u00f6lstret f\u00f6r att uppr\u00e4tth\u00e5lla s\u00e4kerheten och skyddet av gev\u00e4ret.<\/p>\n<p>M\u00e5tt: 33 cm (h) x 15 cm (b) x 8 cm (d)<br \/>\nVikt: 340 g<\/p>\n","protected":false},"excerpt":{"rendered":"<p>Skyddet f\u00f6r repetergev\u00e4rskolv kan sp\u00e4nnas fast p\u00e5 de flesta Eberlestock-ryggs\u00e4ckar som har ett inbyggt h\u00f6lster, eller det modul\u00e4ra repetergev\u00e4rsh\u00f6lstret, f\u00f6r att s\u00e4kerst\u00e4lla att det sitter s\u00e4kert p\u00e5 plats och helt omsluter ditt gev\u00e4r. F\u00f6r ryggs\u00e4ckar som inte har kompatibla sp\u00e4nnen har skyddet f\u00f6r repetergev\u00e4rskolv \u00e4ven en utf\u00e4llbar sl\u00f6ja som kan stoppas in i sj\u00e4lva h\u00f6lstret [&#8230;]\n","protected":false},"featured_media":248873,"comment_status":"open","ping_status":"closed","template":"","meta":[],"product_brand":[],"product_cat":[2565,2566],"product_tag":[],"class_list":{"0":"post-287426","1":"product","2":"type-product","3":"status-publish","4":"has-post-thumbnail","6":"product_cat-jaktryggsackar","7":"product_cat-jaktvaskor","9":"first","10":"outofstock","11":"taxable","12":"shipping-taxable","13":"purchasable","14":"product-type-variable"},"composite_virtual":false,"composite_layout":"","composite_add_to_cart_form_location":"","composite_editable_in_cart":false,"composite_sold_individually_context":"","composite_shop_price_calc":"","composite_components":[],"composite_scenarios":[],"group_of_quantity":0,"min_quantity":0,"max_quantity":"","exclude_order_quantity_value_rules":"no","exclude_category_quantity_rules":"no","combine_variations":"no","exclude_global_add_ons":[],"addons":[],"_links":{"self":[{"href":"https:\/\/www.huntersfriend.eu\/sv\/wp-json\/wp\/v2\/product\/287426","targetHints":{"allow":["GET"]}}],"collection":[{"href":"https:\/\/www.huntersfriend.eu\/sv\/wp-json\/wp\/v2\/product"}],"about":[{"href":"https:\/\/www.huntersfriend.eu\/sv\/wp-json\/wp\/v2\/types\/product"}],"replies":[{"embeddable":true,"href":"https:\/\/www.huntersfriend.eu\/sv\/wp-json\/wp\/v2\/comments?post=287426"}],"wp:featuredmedia":[{"embeddable":true,"href":"https:\/\/www.huntersfriend.eu\/sv\/wp-json\/wp\/v2\/media\/248873"}],"wp:attachment":[{"href":"https:\/\/www.huntersfriend.eu\/sv\/wp-json\/wp\/v2\/media?parent=287426"}],"wp:term":[{"taxonomy":"product_brand","embeddable":true,"href":"https:\/\/www.huntersfriend.eu\/sv\/wp-json\/wp\/v2\/product_brand?post=287426"},{"taxonomy":"product_cat","embeddable":true,"href":"https:\/\/www.huntersfriend.eu\/sv\/wp-json\/wp\/v2\/product_cat?post=287426"},{"taxonomy":"product_tag","embeddable":true,"href":"https:\/\/www.huntersfriend.eu\/sv\/wp-json\/wp\/v2\/product_tag?post=287426"}],"curies":[{"name":"wp","href":"https:\/\/api.w.org\/{rel}","templated":true}]}}