{"id":287419,"date":"2023-05-15T08:48:28","date_gmt":"2023-05-15T06:48:28","guid":{"rendered":"https:\/\/www.huntersfriend.eu\/product\/meat-seeker-lung-buster-ready-arrow\/"},"modified":"2026-02-19T21:41:59","modified_gmt":"2026-02-19T19:41:59","slug":"meat-seeker-lung-buster-ready-arrow","status":"publish","type":"product","link":"https:\/\/www.huntersfriend.eu\/sv\/produkt\/meat-seeker-lung-buster-ready-arrow\/","title":{"rendered":"Meat Seeker Lung Buster ready Arrow"},"content":{"rendered":"<div class=\"QcsUad BDJ8fb BLojaf sMVRZe wneUed\">\n<div class=\"XL3Kf\">\n<div class=\"a8FIud X0rvP L6rCcb\">\n<div data-show-delay-ms=\"250\" data-append-to-body=\"false\" data-propagate-tooltip-mouseover-events=\"true\" data-anchor-corner=\"bottom-end\" data-enable-skip-handler=\"false\" data-popup-corner=\"top-end\">\n<div><\/div>\n<\/div>\n<\/div>\n<\/div>\n<div class=\"usGWQd\" aria-live=\"polite\">\n<div class=\"KkbLmb\">\n<div class=\"lRu31\"><span class=\"HwtZe\" lang=\"en\"><span class=\"jCAhz ChMk0b\"><span class=\"ryNqvb\">V\u00e4nligen ange pilens l\u00e4ngd (ATA-m\u00e4tning) i informationsf\u00e4ltet vid utcheckningen om du vill att vi ska kapa dem \u00e5t dig och\/eller installera insatserna.<\/span><\/span><\/span><\/div>\n<div><\/div>\n<div class=\"lRu31\"><span class=\"HwtZe\" lang=\"en\"><span class=\"jCAhz ChMk0b\"><span class=\"ryNqvb\">Meat Seeker Lung Buster \u00e4r en mycket h\u00f6gkvalitativ kolfiberpil f\u00f6r jakt och m\u00e5lskytte. F\u00e4lttestad av v\u00e5r egen personal i 2 \u00e5r f\u00f6re lanseringen. <\/span><\/span><\/span><\/div>\n<div><\/div>\n<div class=\"lRu31\"><span class=\"HwtZe\" lang=\"en\"><span class=\"jCAhz ChMk0b\"><span class=\"ryNqvb\">6,2 mm (.244&#8243;) S storlek nockar<\/span><\/span><\/span><\/div>\n<div><\/div>\n<div class=\"lRu31\"><span class=\"HwtZe\" lang=\"en\"><span class=\"jCAhz ChMk0b\"><span class=\"ryNqvb\">Rakhetstolerans: .003&#8243;<\/span><\/span> <\/span><\/div>\n<div><\/div>\n<div class=\"lRu31\"><span class=\"HwtZe\" lang=\"en\"><span class=\"jCAhz ChMk0b\"><span class=\"ryNqvb\">Vikt:<\/span><\/span> <span class=\"jCAhz ChMk0b\"><span class=\"ryNqvb\">spine 250 10.5 gpi<\/span><\/span> <\/span><\/div>\n<div class=\"lRu31\"><span class=\"HwtZe\" lang=\"en\"><span class=\"jCAhz ChMk0b\"><span class=\"ryNqvb\">spine 300 9.3 gpi<\/span><\/span> <\/span><\/div>\n<div class=\"lRu31\"><span class=\"HwtZe\" lang=\"en\"><span class=\"jCAhz ChMk0b\"><span class=\"ryNqvb\">spine <\/span><\/span><\/span><span class=\"HwtZe\" lang=\"en\"><span class=\"jCAhz ChMk0b\"><span class=\"ryNqvb\">340 8.9 gpi<\/span><\/span> <\/span> <\/div>\n<div class=\"lRu31\"><span class=\"HwtZe\" lang=\"en\"><span class=\"jCAhz ChMk0b\"><span class=\"ryNqvb\">spine <\/span><\/span><\/span><span class=\"HwtZe\" lang=\"en\"><span class=\"jCAhz ChMk0b\"><span class=\"ryNqvb\">400 8.0 gpi<\/span><\/span> <\/span> <\/div>\n<div class=\"lRu31\"><span class=\"HwtZe\" lang=\"en\"><span class=\"jCAhz ChMk0b\"><span class=\"ryNqvb\">spine 500 6.9 gpi<\/span><\/span> <\/span><\/div>\n<div><\/div>\n<div class=\"lRu31\"><span class=\"HwtZe\" lang=\"en\"><span class=\"jCAhz ChMk0b\"><span class=\"ryNqvb\">Mycket h\u00f6g kvalitet<\/span><\/span> Aluminium <span class=\"jCAhz ChMk0b\"><span class=\"ryNqvb\">Insert v\u00e4ger 12 grains<\/span><\/span> <\/span><\/div>\n<div><\/div>\n<div class=\"lRu31\"><span class=\"HwtZe\" lang=\"en\"><span class=\"jCAhz ChMk0b\"><span class=\"ryNqvb\">S storlek Nock v\u00e4ger 9 grains<\/span><\/span><\/span><\/div>\n<\/div>\n<\/div>\n<\/div>\n","protected":false},"excerpt":{"rendered":"<p>V\u00e4nligen ange pilens l\u00e4ngd (ATA-m\u00e4tning) i informationsf\u00e4ltet vid utcheckningen om du vill att vi ska kapa dem \u00e5t dig och\/eller installera insatserna. Meat Seeker Lung Buster \u00e4r en mycket h\u00f6gkvalitativ kolfiberpil f\u00f6r jakt och m\u00e5lskytte. F\u00e4lttestad av v\u00e5r egen personal i 2 \u00e5r f\u00f6re lanseringen. 6,2 mm (.244&#8243;) S storlek nockar Rakhetstolerans: .003&#8243; Vikt: spine [&#8230;]\n","protected":false},"featured_media":248081,"comment_status":"open","ping_status":"closed","template":"","meta":[],"product_brand":[],"product_cat":[2885],"product_tag":[],"class_list":{"0":"post-287419","1":"product","2":"type-product","3":"status-publish","4":"has-post-thumbnail","6":"product_cat-jaktpilar-i-karbon","8":"first","9":"instock","10":"taxable","11":"shipping-taxable","12":"purchasable","13":"product-type-variable"},"composite_virtual":false,"composite_layout":"","composite_add_to_cart_form_location":"","composite_editable_in_cart":false,"composite_sold_individually_context":"","composite_shop_price_calc":"","composite_components":[],"composite_scenarios":[],"group_of_quantity":0,"min_quantity":0,"max_quantity":"","exclude_order_quantity_value_rules":"no","exclude_category_quantity_rules":"no","combine_variations":"no","exclude_global_add_ons":false,"addons":[{"name":"Klipp till l\u00e4ngd","type":"multiple_choice","position":0,"required":true,"title_format":"label","default":"","description_enable":false,"description":null,"placeholder_enable":false,"placeholder":null,"display":"select","restrictions_type":"any_text","adjust_price":false,"price":"","price_type":"flat_fee","restrictions":false,"min":"0","max":"0","options":[{"label":"Klipp inte","price":"","price_type":"flat_fee","image":0,"visibility":true},{"label":"V\u00e4nligen klipp \u2013 l\u00e4gg till \u00f6nskad l\u00e4ngd i infof\u00e4ltet vid utcheckningen","price":"","price_type":"flat_fee","image":0,"visibility":true}]},{"name":"Insatser","type":"multiple_choice","position":1,"required":true,"title_format":"label","default":"","description_enable":false,"description":null,"placeholder_enable":false,"placeholder":null,"display":"select","restrictions_type":"any_text","adjust_price":false,"price":"","price_type":"flat_fee","restrictions":false,"min":"0","max":"0","options":[{"label":"Installera insatser (detta \u00e4r permanent!)","price":"","price_type":"flat_fee","image":0,"visibility":true},{"label":"Installera inte insatser (inkludera l\u00f6sa)","price":"","price_type":"flat_fee","image":0,"visibility":true}]}],"_links":{"self":[{"href":"https:\/\/www.huntersfriend.eu\/sv\/wp-json\/wp\/v2\/product\/287419","targetHints":{"allow":["GET"]}}],"collection":[{"href":"https:\/\/www.huntersfriend.eu\/sv\/wp-json\/wp\/v2\/product"}],"about":[{"href":"https:\/\/www.huntersfriend.eu\/sv\/wp-json\/wp\/v2\/types\/product"}],"replies":[{"embeddable":true,"href":"https:\/\/www.huntersfriend.eu\/sv\/wp-json\/wp\/v2\/comments?post=287419"}],"wp:featuredmedia":[{"embeddable":true,"href":"https:\/\/www.huntersfriend.eu\/sv\/wp-json\/wp\/v2\/media\/248081"}],"wp:attachment":[{"href":"https:\/\/www.huntersfriend.eu\/sv\/wp-json\/wp\/v2\/media?parent=287419"}],"wp:term":[{"taxonomy":"product_brand","embeddable":true,"href":"https:\/\/www.huntersfriend.eu\/sv\/wp-json\/wp\/v2\/product_brand?post=287419"},{"taxonomy":"product_cat","embeddable":true,"href":"https:\/\/www.huntersfriend.eu\/sv\/wp-json\/wp\/v2\/product_cat?post=287419"},{"taxonomy":"product_tag","embeddable":true,"href":"https:\/\/www.huntersfriend.eu\/sv\/wp-json\/wp\/v2\/product_tag?post=287419"}],"curies":[{"name":"wp","href":"https:\/\/api.w.org\/{rel}","templated":true}]}}