{"id":287418,"date":"2023-05-13T05:16:14","date_gmt":"2023-05-13T03:16:14","guid":{"rendered":"https:\/\/www.huntersfriend.eu\/product\/stan-axel\/"},"modified":"2025-08-27T06:23:07","modified_gmt":"2025-08-27T04:23:07","slug":"stan-axel","status":"publish","type":"product","link":"https:\/\/www.huntersfriend.eu\/sv\/produkt\/stan-axel\/","title":{"rendered":"Stan-axel"},"content":{"rendered":"<p>AXIS \u00e4r STAN:s senaste utveckling inom moderna jaktutl\u00f6sare. Den har en elegant och ergonomisk 3-fingerdesign, ett bekv\u00e4mt handledsband i l\u00e4der och v\u00e5r patents\u00f6kta, excentriska kamaxel f\u00f6r justering. AXIS avfyras och \u00e5terst\u00e4lls genom att trycka ned tumtrumman. AXIS levereras i STAN:s ber\u00f6mda salviagr\u00f6na finish med en kort tumf\u00f6rl\u00e4ngning och en liten tumtrumma.   <\/p>\n<p>AXIS levereras med en kort f\u00f6rl\u00e4ngningsstolpe, en liten tumtrumma och ett bekv\u00e4mt handledsband i l\u00e4der. AXIS finns i en storlek, med v\u00e5r eleganta 3-fingerdesign i salviagr\u00f6n. <\/p>\n","protected":false},"excerpt":{"rendered":"<p>AXIS \u00e4r STAN:s senaste utveckling inom moderna jaktutl\u00f6sare. Den har en elegant och ergonomisk 3-fingerdesign, ett bekv\u00e4mt handledsband i l\u00e4der och v\u00e5r patents\u00f6kta, excentriska kamaxel f\u00f6r justering. AXIS avfyras och \u00e5terst\u00e4lls genom att trycka ned tumtrumman. AXIS levereras i STAN:s ber\u00f6mda salviagr\u00f6na finish med en kort tumf\u00f6rl\u00e4ngning och en liten tumtrumma. AXIS levereras med en [&#8230;]\n","protected":false},"featured_media":248581,"comment_status":"open","ping_status":"closed","template":"","meta":[],"product_brand":[],"product_cat":[2802],"product_tag":[],"class_list":{"0":"post-287418","1":"product","2":"type-product","3":"status-publish","4":"has-post-thumbnail","6":"product_cat-hand-tum-releaser","8":"first","9":"instock","10":"taxable","11":"shipping-taxable","12":"purchasable","13":"product-type-simple"},"composite_virtual":false,"composite_layout":"","composite_add_to_cart_form_location":"","composite_editable_in_cart":false,"composite_sold_individually_context":"","composite_shop_price_calc":"","composite_components":[],"composite_scenarios":[],"group_of_quantity":0,"min_quantity":0,"max_quantity":"","exclude_order_quantity_value_rules":"no","exclude_category_quantity_rules":"no","combine_variations":"no","exclude_global_add_ons":[],"addons":[],"_links":{"self":[{"href":"https:\/\/www.huntersfriend.eu\/sv\/wp-json\/wp\/v2\/product\/287418","targetHints":{"allow":["GET"]}}],"collection":[{"href":"https:\/\/www.huntersfriend.eu\/sv\/wp-json\/wp\/v2\/product"}],"about":[{"href":"https:\/\/www.huntersfriend.eu\/sv\/wp-json\/wp\/v2\/types\/product"}],"replies":[{"embeddable":true,"href":"https:\/\/www.huntersfriend.eu\/sv\/wp-json\/wp\/v2\/comments?post=287418"}],"wp:featuredmedia":[{"embeddable":true,"href":"https:\/\/www.huntersfriend.eu\/sv\/wp-json\/wp\/v2\/media\/248581"}],"wp:attachment":[{"href":"https:\/\/www.huntersfriend.eu\/sv\/wp-json\/wp\/v2\/media?parent=287418"}],"wp:term":[{"taxonomy":"product_brand","embeddable":true,"href":"https:\/\/www.huntersfriend.eu\/sv\/wp-json\/wp\/v2\/product_brand?post=287418"},{"taxonomy":"product_cat","embeddable":true,"href":"https:\/\/www.huntersfriend.eu\/sv\/wp-json\/wp\/v2\/product_cat?post=287418"},{"taxonomy":"product_tag","embeddable":true,"href":"https:\/\/www.huntersfriend.eu\/sv\/wp-json\/wp\/v2\/product_tag?post=287418"}],"curies":[{"name":"wp","href":"https:\/\/api.w.org\/{rel}","templated":true}]}}