{"id":287409,"date":"2023-06-01T12:51:17","date_gmt":"2023-06-01T10:51:17","guid":{"rendered":"https:\/\/www.huntersfriend.eu\/product\/eberlestock-2l-eller-3l-vatskesystem\/"},"modified":"2026-01-14T15:27:22","modified_gmt":"2026-01-14T13:27:22","slug":"eberlestock-2l-eller-3l-vatskesystem","status":"publish","type":"product","link":"https:\/\/www.huntersfriend.eu\/sv\/produkt\/eberlestock-2l-eller-3l-vatskesystem\/","title":{"rendered":"Eberlestock 2L eller 3L v\u00e4tskesystem"},"content":{"rendered":"<p>2 eller 3 liters version<\/p>\n<p>Eberlestock premium-bl\u00e5sor tillverkas av Source och \u00e4r BPA-fria och anv\u00e4nder patenterad antibakteriell teknik. Den glasliknande insidan hj\u00e4lper till att bevara din bl\u00e5sa och f\u00f6rhindrar att plastsmak uppst\u00e5r. Vi har lagt till v\u00e5ra egna specifikationer s\u00e5 att denna bl\u00e5sa passar bra med v\u00e5ra ryggs\u00e4ckar och s\u00e5 att den h\u00e5ller f\u00f6r de kr\u00e4vande f\u00f6rh\u00e5llanden som v\u00e5ra kunder kommer att uts\u00e4tta dem f\u00f6r. Speciella standardfunktioner inkluderar en v\u00e4vbekl\u00e4dd isolerad drickslang, en l\u00e5sbar push-pull-drickventil i cykelflaskstil med ett smutsskydd. Dubbla p\u00e5fyllningsalternativ m\u00f6jligg\u00f6r \u00e5tkomst med \u00f6ppen \u00e4nde eller anv\u00e4ndning av en avskruvbar Nalgene-storlek.    <\/p>\n<p><strong>PRODUKTINFORMATION<\/strong><\/p>\n<ul>\n<li>Vikt: 283 g<\/li>\n<\/ul>\n","protected":false},"excerpt":{"rendered":"<p>2 eller 3 liters version Eberlestock premium-bl\u00e5sor tillverkas av Source och \u00e4r BPA-fria och anv\u00e4nder patenterad antibakteriell teknik. Den glasliknande insidan hj\u00e4lper till att bevara din bl\u00e5sa och f\u00f6rhindrar att plastsmak uppst\u00e5r. Vi har lagt till v\u00e5ra egna specifikationer s\u00e5 att denna bl\u00e5sa passar bra med v\u00e5ra ryggs\u00e4ckar och s\u00e5 att den h\u00e5ller f\u00f6r de [&#8230;]\n","protected":false},"featured_media":248900,"comment_status":"open","ping_status":"closed","template":"","meta":[],"product_brand":[],"product_cat":[2568,2565],"product_tag":[],"class_list":{"0":"post-287409","1":"product","2":"type-product","3":"status-publish","4":"has-post-thumbnail","6":"product_cat-jakt-tillbehor","7":"product_cat-jaktryggsackar","9":"first","10":"instock","11":"taxable","12":"shipping-taxable","13":"purchasable","14":"product-type-variable"},"composite_virtual":false,"composite_layout":"","composite_add_to_cart_form_location":"","composite_editable_in_cart":false,"composite_sold_individually_context":"","composite_shop_price_calc":"","composite_components":[],"composite_scenarios":[],"group_of_quantity":0,"min_quantity":0,"max_quantity":"","exclude_order_quantity_value_rules":"no","exclude_category_quantity_rules":"no","combine_variations":"no","exclude_global_add_ons":[],"addons":[],"_links":{"self":[{"href":"https:\/\/www.huntersfriend.eu\/sv\/wp-json\/wp\/v2\/product\/287409","targetHints":{"allow":["GET"]}}],"collection":[{"href":"https:\/\/www.huntersfriend.eu\/sv\/wp-json\/wp\/v2\/product"}],"about":[{"href":"https:\/\/www.huntersfriend.eu\/sv\/wp-json\/wp\/v2\/types\/product"}],"replies":[{"embeddable":true,"href":"https:\/\/www.huntersfriend.eu\/sv\/wp-json\/wp\/v2\/comments?post=287409"}],"wp:featuredmedia":[{"embeddable":true,"href":"https:\/\/www.huntersfriend.eu\/sv\/wp-json\/wp\/v2\/media\/248900"}],"wp:attachment":[{"href":"https:\/\/www.huntersfriend.eu\/sv\/wp-json\/wp\/v2\/media?parent=287409"}],"wp:term":[{"taxonomy":"product_brand","embeddable":true,"href":"https:\/\/www.huntersfriend.eu\/sv\/wp-json\/wp\/v2\/product_brand?post=287409"},{"taxonomy":"product_cat","embeddable":true,"href":"https:\/\/www.huntersfriend.eu\/sv\/wp-json\/wp\/v2\/product_cat?post=287409"},{"taxonomy":"product_tag","embeddable":true,"href":"https:\/\/www.huntersfriend.eu\/sv\/wp-json\/wp\/v2\/product_tag?post=287409"}],"curies":[{"name":"wp","href":"https:\/\/api.w.org\/{rel}","templated":true}]}}