{"id":287408,"date":"2023-05-12T11:24:19","date_gmt":"2023-05-12T09:24:19","guid":{"rendered":"https:\/\/www.huntersfriend.eu\/product\/meat-seeker-lb-rpg-nock\/"},"modified":"2025-12-15T08:39:33","modified_gmt":"2025-12-15T06:39:33","slug":"meat-seeker-lb-rpg-nock","status":"publish","type":"product","link":"https:\/\/www.huntersfriend.eu\/sv\/produkt\/meat-seeker-lb-rpg-nock\/","title":{"rendered":"Meat seeker LB\/RPG-nock"},"content":{"rendered":"<p>Meat Seeker Lung Buster \/ RPG-nocken \u00e4r en h\u00f6gkvalitativ nock f\u00f6r pilar med en innerdiameter p\u00e5 6,2 mm. Finns i gult, svart, gr\u00f6nt, rosa, orange och r\u00f6tt. <\/p>\n","protected":false},"excerpt":{"rendered":"<p>Meat Seeker Lung Buster \/ RPG-nocken \u00e4r en h\u00f6gkvalitativ nock f\u00f6r pilar med en innerdiameter p\u00e5 6,2 mm. Finns i gult, svart, gr\u00f6nt, rosa, orange och r\u00f6tt.<\/p>\n","protected":false},"featured_media":248767,"comment_status":"open","ping_status":"closed","template":"","meta":[],"product_brand":[],"product_cat":[2880],"product_tag":[],"class_list":{"0":"post-287408","1":"product","2":"type-product","3":"status-publish","4":"has-post-thumbnail","6":"product_cat-nockar-och-insatser","8":"first","9":"instock","10":"taxable","11":"shipping-taxable","12":"purchasable","13":"product-type-variable"},"composite_virtual":false,"composite_layout":"","composite_add_to_cart_form_location":"","composite_editable_in_cart":false,"composite_sold_individually_context":"","composite_shop_price_calc":"","composite_components":[],"composite_scenarios":[],"group_of_quantity":0,"min_quantity":0,"max_quantity":"","exclude_order_quantity_value_rules":"no","exclude_category_quantity_rules":"no","combine_variations":"no","exclude_global_add_ons":[],"addons":[],"_links":{"self":[{"href":"https:\/\/www.huntersfriend.eu\/sv\/wp-json\/wp\/v2\/product\/287408","targetHints":{"allow":["GET"]}}],"collection":[{"href":"https:\/\/www.huntersfriend.eu\/sv\/wp-json\/wp\/v2\/product"}],"about":[{"href":"https:\/\/www.huntersfriend.eu\/sv\/wp-json\/wp\/v2\/types\/product"}],"replies":[{"embeddable":true,"href":"https:\/\/www.huntersfriend.eu\/sv\/wp-json\/wp\/v2\/comments?post=287408"}],"wp:featuredmedia":[{"embeddable":true,"href":"https:\/\/www.huntersfriend.eu\/sv\/wp-json\/wp\/v2\/media\/248767"}],"wp:attachment":[{"href":"https:\/\/www.huntersfriend.eu\/sv\/wp-json\/wp\/v2\/media?parent=287408"}],"wp:term":[{"taxonomy":"product_brand","embeddable":true,"href":"https:\/\/www.huntersfriend.eu\/sv\/wp-json\/wp\/v2\/product_brand?post=287408"},{"taxonomy":"product_cat","embeddable":true,"href":"https:\/\/www.huntersfriend.eu\/sv\/wp-json\/wp\/v2\/product_cat?post=287408"},{"taxonomy":"product_tag","embeddable":true,"href":"https:\/\/www.huntersfriend.eu\/sv\/wp-json\/wp\/v2\/product_tag?post=287408"}],"curies":[{"name":"wp","href":"https:\/\/api.w.org\/{rel}","templated":true}]}}