{"id":287406,"date":"2023-06-01T12:29:33","date_gmt":"2023-06-01T10:29:33","guid":{"rendered":"https:\/\/www.huntersfriend.eu\/product\/eberlestock-scout-bino-vaska\/"},"modified":"2025-08-27T06:23:02","modified_gmt":"2025-08-27T04:23:02","slug":"eberlestock-scout-bino-vaska","status":"publish","type":"product","link":"https:\/\/www.huntersfriend.eu\/sv\/produkt\/eberlestock-scout-bino-vaska\/","title":{"rendered":"Eberlestock Scout Bino-v\u00e4ska"},"content":{"rendered":"<p><span class=\"jCAhz ChMk0b\"><span class=\"ryNqvb\">Eberlestock Scout Bino Pack kikarselesystem \u00e4r designat f\u00f6r att vara s\u00e5 funktionellt och enkelt som m\u00f6jligt, utan n\u00e5got extra.<\/span><\/span> <span class=\"jCAhz ChMk0b\"><span class=\"ryNqvb\">Huvudfacket har en magnetisk st\u00e4ngning som g\u00f6r det tyst och enkelt att komma \u00e5t kikaren.<\/span><\/span> <span class=\"jCAhz ChMk0b\"><span class=\"ryNqvb\">Det finns en tillbeh\u00f6rsficka p\u00e5 baksidan d\u00e4r du till exempel kan stoppa en smartphone eller en avst\u00e5ndsm\u00e4tare.<\/span><\/span> <span class=\"jCAhz ChMk0b\"><span class=\"ryNqvb\">Selen har en baksida av ett mycket behagligt och ventilerande meshmaterial som inte skaver, inte ens under varma dagar.<\/span><\/span><\/p>\n<p>M\u00e5tt (16 x 13 x 5 cm)<\/p>\n","protected":false},"excerpt":{"rendered":"<p>Eberlestock Scout Bino Pack kikarselesystem \u00e4r designat f\u00f6r att vara s\u00e5 funktionellt och enkelt som m\u00f6jligt, utan n\u00e5got extra. Huvudfacket har en magnetisk st\u00e4ngning som g\u00f6r det tyst och enkelt att komma \u00e5t kikaren. Det finns en tillbeh\u00f6rsficka p\u00e5 baksidan d\u00e4r du till exempel kan stoppa en smartphone eller en avst\u00e5ndsm\u00e4tare. Selen har en baksida [&#8230;]\n","protected":false},"featured_media":249942,"comment_status":"open","ping_status":"closed","template":"","meta":[],"product_brand":[],"product_cat":[2820],"product_tag":[],"class_list":{"0":"post-287406","1":"product","2":"type-product","3":"status-publish","4":"has-post-thumbnail","6":"product_cat-kikarselesar","8":"first","9":"outofstock","10":"taxable","11":"shipping-taxable","12":"product-type-simple"},"composite_virtual":false,"composite_layout":"","composite_add_to_cart_form_location":"","composite_editable_in_cart":false,"composite_sold_individually_context":"","composite_shop_price_calc":"","composite_components":[],"composite_scenarios":[],"group_of_quantity":0,"min_quantity":0,"max_quantity":"","exclude_order_quantity_value_rules":"no","exclude_category_quantity_rules":"no","combine_variations":"no","exclude_global_add_ons":[],"addons":[],"_links":{"self":[{"href":"https:\/\/www.huntersfriend.eu\/sv\/wp-json\/wp\/v2\/product\/287406","targetHints":{"allow":["GET"]}}],"collection":[{"href":"https:\/\/www.huntersfriend.eu\/sv\/wp-json\/wp\/v2\/product"}],"about":[{"href":"https:\/\/www.huntersfriend.eu\/sv\/wp-json\/wp\/v2\/types\/product"}],"replies":[{"embeddable":true,"href":"https:\/\/www.huntersfriend.eu\/sv\/wp-json\/wp\/v2\/comments?post=287406"}],"wp:featuredmedia":[{"embeddable":true,"href":"https:\/\/www.huntersfriend.eu\/sv\/wp-json\/wp\/v2\/media\/249942"}],"wp:attachment":[{"href":"https:\/\/www.huntersfriend.eu\/sv\/wp-json\/wp\/v2\/media?parent=287406"}],"wp:term":[{"taxonomy":"product_brand","embeddable":true,"href":"https:\/\/www.huntersfriend.eu\/sv\/wp-json\/wp\/v2\/product_brand?post=287406"},{"taxonomy":"product_cat","embeddable":true,"href":"https:\/\/www.huntersfriend.eu\/sv\/wp-json\/wp\/v2\/product_cat?post=287406"},{"taxonomy":"product_tag","embeddable":true,"href":"https:\/\/www.huntersfriend.eu\/sv\/wp-json\/wp\/v2\/product_tag?post=287406"}],"curies":[{"name":"wp","href":"https:\/\/api.w.org\/{rel}","templated":true}]}}