{"id":287401,"date":"2023-05-23T00:40:08","date_gmt":"2023-05-22T22:40:08","guid":{"rendered":"https:\/\/www.huntersfriend.eu\/product\/sitka-core-halsvarmare\/"},"modified":"2025-08-27T06:22:58","modified_gmt":"2025-08-27T04:22:58","slug":"sitka-core-halsvarmare","status":"publish","type":"product","link":"https:\/\/www.huntersfriend.eu\/sv\/produkt\/sitka-core-halsvarmare\/","title":{"rendered":"SITKA CORE halsv\u00e4rmare"},"content":{"rendered":"<p>CORE-halsv\u00e4rmaren \u00e4r l\u00e4tt och har utm\u00e4rkt andningsf\u00f6rm\u00e5ga. Den skyddar din nacke fr\u00e5n solen och kan dras upp f\u00f6r att d\u00f6lja ansiktet n\u00e4r det hettar till.<\/p>\n<p>&nbsp;<\/p>\n<ul class=\"jsx-4143205430 space-y-4 list-disc\">\n<li class=\"jsx-4143205430 remove-marker mt-[24px] md:mt-[60px]\">\n<div class=\"feature_item\"><strong>POLYGIENE-teknik:<\/strong> Lager p\u00e5 lager \u00e4r en vetenskap med v\u00e5rt CORE-system av produkter n\u00e4rmast huden. Var och en av tygkvaliteterna \u2013 l\u00e4tt, medium och tung \u2013 transporterar bort fukt f\u00f6r att h\u00e5lla dig varm och torr, medan Polygiene\u00ae-tekniken p\u00e5 ett s\u00e4kert och permanent s\u00e4tt neutraliserar lukter med hj\u00e4lp av naturligt antimikrobiellt silversalt. <\/div>\n<\/li>\n<\/ul>\n","protected":false},"excerpt":{"rendered":"<p>CORE-halsv\u00e4rmaren \u00e4r l\u00e4tt och har utm\u00e4rkt andningsf\u00f6rm\u00e5ga. Den skyddar din nacke fr\u00e5n solen och kan dras upp f\u00f6r att d\u00f6lja ansiktet n\u00e4r det hettar till. &nbsp; POLYGIENE-teknik: Lager p\u00e5 lager \u00e4r en vetenskap med v\u00e5rt CORE-system av produkter n\u00e4rmast huden. Var och en av tygkvaliteterna \u2013 l\u00e4tt, medium och tung \u2013 transporterar bort fukt f\u00f6r [&#8230;]\n","protected":false},"featured_media":250374,"comment_status":"open","ping_status":"closed","template":"","meta":[],"product_brand":[],"product_cat":[2716,2580,2611],"product_tag":[],"class_list":{"0":"post-287401","1":"product","2":"type-product","3":"status-publish","4":"has-post-thumbnail","6":"product_cat-hattar-och-huvudbonader","7":"product_cat-lager-pa-lager","8":"product_cat-tillbehor","10":"first","11":"instock","12":"taxable","13":"shipping-taxable","14":"purchasable","15":"product-type-simple"},"composite_virtual":false,"composite_layout":"","composite_add_to_cart_form_location":"","composite_editable_in_cart":false,"composite_sold_individually_context":"","composite_shop_price_calc":"","composite_components":[],"composite_scenarios":[],"group_of_quantity":0,"min_quantity":0,"max_quantity":"","exclude_order_quantity_value_rules":"no","exclude_category_quantity_rules":"no","combine_variations":"no","exclude_global_add_ons":[],"addons":[],"_links":{"self":[{"href":"https:\/\/www.huntersfriend.eu\/sv\/wp-json\/wp\/v2\/product\/287401","targetHints":{"allow":["GET"]}}],"collection":[{"href":"https:\/\/www.huntersfriend.eu\/sv\/wp-json\/wp\/v2\/product"}],"about":[{"href":"https:\/\/www.huntersfriend.eu\/sv\/wp-json\/wp\/v2\/types\/product"}],"replies":[{"embeddable":true,"href":"https:\/\/www.huntersfriend.eu\/sv\/wp-json\/wp\/v2\/comments?post=287401"}],"wp:featuredmedia":[{"embeddable":true,"href":"https:\/\/www.huntersfriend.eu\/sv\/wp-json\/wp\/v2\/media\/250374"}],"wp:attachment":[{"href":"https:\/\/www.huntersfriend.eu\/sv\/wp-json\/wp\/v2\/media?parent=287401"}],"wp:term":[{"taxonomy":"product_brand","embeddable":true,"href":"https:\/\/www.huntersfriend.eu\/sv\/wp-json\/wp\/v2\/product_brand?post=287401"},{"taxonomy":"product_cat","embeddable":true,"href":"https:\/\/www.huntersfriend.eu\/sv\/wp-json\/wp\/v2\/product_cat?post=287401"},{"taxonomy":"product_tag","embeddable":true,"href":"https:\/\/www.huntersfriend.eu\/sv\/wp-json\/wp\/v2\/product_tag?post=287401"}],"curies":[{"name":"wp","href":"https:\/\/api.w.org\/{rel}","templated":true}]}}